{"id":5272,"date":"2021-06-24T15:35:15","date_gmt":"2021-06-24T15:35:15","guid":{"rendered":"https:\/\/www.blaubookshop.com\/produto\/uma-genealogia-da-imaginacao-de-paulo-mendes-da-rocha\/"},"modified":"2021-06-25T11:05:08","modified_gmt":"2021-06-25T11:05:08","slug":"uma-genealogia-da-imaginacao-de-paulo-mendes-da-rocha","status":"publish","type":"product","link":"https:\/\/www.blaubookshop.com\/en\/product\/uma-genealogia-da-imaginacao-de-paulo-mendes-da-rocha\/","title":{"rendered":"Uma Genealogia da Imagina\u00e7\u00e3o de Paulo Mendes da Rocha"},"content":{"rendered":"<p>Este livro procura examinar o fasc\u00ednio que a cidade de Veneza exerce no pensamento e na obra de Paulo Mendes da Rocha, um dos mais importantes arquitectos da actualidade. Quem j\u00e1 leu ou ouviu as suas palavras sabe que Mendes da Rocha recorre frequentemente \u00e0 cidade lacustre para tentar definir a natureza profunda \u2013 e os deveres genu\u00ednos \u2013 da arquitectura. Para o arquitecto, Veneza \u00e9 um \u00abexemplo\u00bb necess\u00e1rio, um \u00abmodelo\u00bb ou \u00abparadigma\u00bb da arquitectura. Ao observar Veneza atrav\u00e9s de Mendes da Rocha, e ao descobrir Mendes da Rocha atrav\u00e9s de Veneza, este livro constr\u00f3i novas perspectivas sobre ambos. Ao contr\u00e1rio da imagem estereotipada e vazia que Veneza teima em apresentar nos dias de hoje, Daniele Pisani p\u00f5e-nos perante uma Veneza invulgar, rica em projectos e formas alternativas de ver o mundo, permitindo-nos acompanhar a descoberta de uma genealogia da imagina\u00e7\u00e3o \u2013 talvez a mais \u00edntima e profunda de entre tantas poss\u00edveis \u2013 do arquitecto brasileiro.<\/p>","protected":false},"excerpt":{"rendered":"<p>Daniele Pisani<br \/>\nISBN 9789898217400<br \/>\nDafne<br \/>\nCapa mole, 208 pp, 15,0&#215;22,5 cm<br \/>\nPortuguese<br \/>\n2017<\/p>","protected":false},"featured_media":5195,"template":"","meta":{"ocean_post_layout":"","ocean_both_sidebars_style":"","ocean_both_sidebars_content_width":0,"ocean_both_sidebars_sidebars_width":0,"ocean_sidebar":"","ocean_second_sidebar":"","ocean_disable_margins":"enable","ocean_add_body_class":"","ocean_shortcode_before_top_bar":"","ocean_shortcode_after_top_bar":"","ocean_shortcode_before_header":"","ocean_shortcode_after_header":"","ocean_has_shortcode":"","ocean_shortcode_after_title":"","ocean_shortcode_before_footer_widgets":"","ocean_shortcode_after_footer_widgets":"","ocean_shortcode_before_footer_bottom":"","ocean_shortcode_after_footer_bottom":"","ocean_display_top_bar":"default","ocean_display_header":"default","ocean_header_style":"","ocean_center_header_left_menu":"","ocean_custom_header_template":"","ocean_custom_logo":0,"ocean_custom_retina_logo":0,"ocean_custom_logo_max_width":0,"ocean_custom_logo_tablet_max_width":0,"ocean_custom_logo_mobile_max_width":0,"ocean_custom_logo_max_height":0,"ocean_custom_logo_tablet_max_height":0,"ocean_custom_logo_mobile_max_height":0,"ocean_header_custom_menu":"","ocean_menu_typo_font_family":"","ocean_menu_typo_font_subset":"","ocean_menu_typo_font_size":0,"ocean_menu_typo_font_size_tablet":0,"ocean_menu_typo_font_size_mobile":0,"ocean_menu_typo_font_size_unit":"px","ocean_menu_typo_font_weight":"","ocean_menu_typo_font_weight_tablet":"","ocean_menu_typo_font_weight_mobile":"","ocean_menu_typo_transform":"","ocean_menu_typo_transform_tablet":"","ocean_menu_typo_transform_mobile":"","ocean_menu_typo_line_height":0,"ocean_menu_typo_line_height_tablet":0,"ocean_menu_typo_line_height_mobile":0,"ocean_menu_typo_line_height_unit":"","ocean_menu_typo_spacing":0,"ocean_menu_typo_spacing_tablet":0,"ocean_menu_typo_spacing_mobile":0,"ocean_menu_typo_spacing_unit":"","ocean_menu_link_color":"","ocean_menu_link_color_hover":"","ocean_menu_link_color_active":"","ocean_menu_link_background":"","ocean_menu_link_hover_background":"","ocean_menu_link_active_background":"","ocean_menu_social_links_bg":"","ocean_menu_social_hover_links_bg":"","ocean_menu_social_links_color":"","ocean_menu_social_hover_links_color":"","ocean_disable_title":"default","ocean_disable_heading":"default","ocean_post_title":"","ocean_post_subheading":"","ocean_post_title_style":"","ocean_post_title_background_color":"","ocean_post_title_background":0,"ocean_post_title_bg_image_position":"","ocean_post_title_bg_image_attachment":"","ocean_post_title_bg_image_repeat":"","ocean_post_title_bg_image_size":"","ocean_post_title_height":0,"ocean_post_title_bg_overlay":0.5,"ocean_post_title_bg_overlay_color":"","ocean_disable_breadcrumbs":"default","ocean_breadcrumbs_color":"","ocean_breadcrumbs_separator_color":"","ocean_breadcrumbs_links_color":"","ocean_breadcrumbs_links_hover_color":"","ocean_display_footer_widgets":"default","ocean_display_footer_bottom":"default","ocean_custom_footer_template":""},"product_brand":[],"product_cat":[52,195,51],"product_tag":[],"class_list":{"0":"post-5272","1":"product","2":"type-product","3":"status-publish","4":"has-post-thumbnail","6":"product_cat-arquitectura-pt","7":"product_cat-ensaios","8":"product_cat-livros-em-portugues-pt","10":"entry","11":"has-media","13":"first","14":"instock","15":"sale","16":"taxable","17":"shipping-taxable","18":"purchasable","19":"product-type-simple","20":"col","21":"span_1_of_3","22":"owp-content-left","23":"owp-thumbs-layout-horizontal","24":"owp-btn-normal","25":"owp-tabs-layout-horizontal","26":"has-no-thumbnails","27":"circle-sale"},"_links":{"self":[{"href":"https:\/\/www.blaubookshop.com\/en\/wp-json\/wp\/v2\/product\/5272","targetHints":{"allow":["GET"]}}],"collection":[{"href":"https:\/\/www.blaubookshop.com\/en\/wp-json\/wp\/v2\/product"}],"about":[{"href":"https:\/\/www.blaubookshop.com\/en\/wp-json\/wp\/v2\/types\/product"}],"version-history":[{"count":1,"href":"https:\/\/www.blaubookshop.com\/en\/wp-json\/wp\/v2\/product\/5272\/revisions"}],"predecessor-version":[{"id":5312,"href":"https:\/\/www.blaubookshop.com\/en\/wp-json\/wp\/v2\/product\/5272\/revisions\/5312"}],"wp:featuredmedia":[{"embeddable":true,"href":"https:\/\/www.blaubookshop.com\/en\/wp-json\/wp\/v2\/media\/5195"}],"wp:attachment":[{"href":"https:\/\/www.blaubookshop.com\/en\/wp-json\/wp\/v2\/media?parent=5272"}],"wp:term":[{"taxonomy":"product_brand","embeddable":true,"href":"https:\/\/www.blaubookshop.com\/en\/wp-json\/wp\/v2\/product_brand?post=5272"},{"taxonomy":"product_cat","embeddable":true,"href":"https:\/\/www.blaubookshop.com\/en\/wp-json\/wp\/v2\/product_cat?post=5272"},{"taxonomy":"product_tag","embeddable":true,"href":"https:\/\/www.blaubookshop.com\/en\/wp-json\/wp\/v2\/product_tag?post=5272"}],"curies":[{"name":"wp","href":"https:\/\/api.w.org\/{rel}","templated":true}]}}