{"id":5276,"date":"2021-06-24T15:35:18","date_gmt":"2021-06-24T15:35:18","guid":{"rendered":"https:\/\/www.blaubookshop.com\/produto\/ether-vale-tudo-menos-tirar-olhos\/"},"modified":"2021-06-25T11:05:00","modified_gmt":"2021-06-25T11:05:00","slug":"ether-vale-tudo-menos-tirar-olhos","status":"publish","type":"product","link":"https:\/\/www.blaubookshop.com\/en\/product\/ether-vale-tudo-menos-tirar-olhos\/","title":{"rendered":"Ether \/ vale tudo menos tirar olhos"},"content":{"rendered":"<p>A Ether\/Vale tudo menos tirar olhos marcou a cultura fotogr\u00e1fica em Portugal nas d\u00e9cadas de 1980 e 1990. Estruturada como uma associa\u00e7\u00e3o, organizou exposi\u00e7\u00f5es e edi\u00e7\u00f5es que deram corpo a novos olhares e discursos. A recolha, inventaria\u00e7\u00e3o e leitura cr\u00edtica realizada por Susana Louren\u00e7o Marques permite compreender o seu programa ecl\u00e9ctico e o modo como se estabeleceram as funda\u00e7\u00f5es indispens\u00e1veis para o reconhecimento de um valioso patrim\u00f3nio de refer\u00eancias hist\u00f3ricas.<\/p>\n<p>Ao longo dos seus treze anos de actividade, entre 1982 e 1994, realizaram-se vinte e sete exposi\u00e7\u00f5es, que ampliaram a rela\u00e7\u00e3o entre fotografia, cinema, desenho, pintura e literatura. Este livro percorre essas exposi\u00e7\u00f5es que recuperam o patrim\u00f3nio fotogr\u00e1fico das d\u00e9cadas de 1930 a 1960, redescobrindo nomes ent\u00e3o esquecidos e hoje fundamentais \u2013 como Victor Palla e Costa Martins, G\u00e9rard Castello-Lopes, Ant\u00f3nio Sena da Silva, Carlos Afonso Dias ou Carlos Calvet \u2013 e apresentando uma nova gera\u00e7\u00e3o de autores \u2013 como Daniel Blaufuks ou Augusto Alves da Silva. Esse percurso culminou nas comemora\u00e7\u00f5es dos 150 anos da inven\u00e7\u00e3o da fotografia, com duas retrospectivas-s\u00edntese da hist\u00f3ria da fotografia em Portugal, onde se forjou a base para a obra seminal de Ant\u00f3nio Sena, a Hist\u00f3ria da Imagem Fotogr\u00e1fica em Portugal.<\/p>\n<p>Este livro n\u00e3o \u00e9 um mero relato dessa hist\u00f3ria, e constr\u00f3i um olhar singular sobre este espa\u00e7o de produ\u00e7\u00e3o, forma\u00e7\u00e3o e circula\u00e7\u00e3o da fotografia. Assim se revelam os seus protagonistas, mas, sobretudo, uma rela\u00e7\u00e3o efectiva com as imagens fotogr\u00e1ficas, descoberta nos seus formatos de elei\u00e7\u00e3o: as exposi\u00e7\u00f5es e os livros.<\/p>","protected":false},"excerpt":{"rendered":"<p>Susana Louren\u00e7o Marques<br \/>\nISBN 9789898217462<br \/>\nDafne<br \/>\nCapa dura, 328 pp, 17,5&#215;24,5 cm<br \/>\nPortuguese<br \/>\n2018<\/p>","protected":false},"featured_media":5191,"template":"","meta":{"ocean_post_layout":"","ocean_both_sidebars_style":"","ocean_both_sidebars_content_width":0,"ocean_both_sidebars_sidebars_width":0,"ocean_sidebar":"","ocean_second_sidebar":"","ocean_disable_margins":"enable","ocean_add_body_class":"","ocean_shortcode_before_top_bar":"","ocean_shortcode_after_top_bar":"","ocean_shortcode_before_header":"","ocean_shortcode_after_header":"","ocean_has_shortcode":"","ocean_shortcode_after_title":"","ocean_shortcode_before_footer_widgets":"","ocean_shortcode_after_footer_widgets":"","ocean_shortcode_before_footer_bottom":"","ocean_shortcode_after_footer_bottom":"","ocean_display_top_bar":"default","ocean_display_header":"default","ocean_header_style":"","ocean_center_header_left_menu":"","ocean_custom_header_template":"","ocean_custom_logo":0,"ocean_custom_retina_logo":0,"ocean_custom_logo_max_width":0,"ocean_custom_logo_tablet_max_width":0,"ocean_custom_logo_mobile_max_width":0,"ocean_custom_logo_max_height":0,"ocean_custom_logo_tablet_max_height":0,"ocean_custom_logo_mobile_max_height":0,"ocean_header_custom_menu":"","ocean_menu_typo_font_family":"","ocean_menu_typo_font_subset":"","ocean_menu_typo_font_size":0,"ocean_menu_typo_font_size_tablet":0,"ocean_menu_typo_font_size_mobile":0,"ocean_menu_typo_font_size_unit":"px","ocean_menu_typo_font_weight":"","ocean_menu_typo_font_weight_tablet":"","ocean_menu_typo_font_weight_mobile":"","ocean_menu_typo_transform":"","ocean_menu_typo_transform_tablet":"","ocean_menu_typo_transform_mobile":"","ocean_menu_typo_line_height":0,"ocean_menu_typo_line_height_tablet":0,"ocean_menu_typo_line_height_mobile":0,"ocean_menu_typo_line_height_unit":"","ocean_menu_typo_spacing":0,"ocean_menu_typo_spacing_tablet":0,"ocean_menu_typo_spacing_mobile":0,"ocean_menu_typo_spacing_unit":"","ocean_menu_link_color":"","ocean_menu_link_color_hover":"","ocean_menu_link_color_active":"","ocean_menu_link_background":"","ocean_menu_link_hover_background":"","ocean_menu_link_active_background":"","ocean_menu_social_links_bg":"","ocean_menu_social_hover_links_bg":"","ocean_menu_social_links_color":"","ocean_menu_social_hover_links_color":"","ocean_disable_title":"default","ocean_disable_heading":"default","ocean_post_title":"","ocean_post_subheading":"","ocean_post_title_style":"","ocean_post_title_background_color":"","ocean_post_title_background":0,"ocean_post_title_bg_image_position":"","ocean_post_title_bg_image_attachment":"","ocean_post_title_bg_image_repeat":"","ocean_post_title_bg_image_size":"","ocean_post_title_height":0,"ocean_post_title_bg_overlay":0.5,"ocean_post_title_bg_overlay_color":"","ocean_disable_breadcrumbs":"default","ocean_breadcrumbs_color":"","ocean_breadcrumbs_separator_color":"","ocean_breadcrumbs_links_color":"","ocean_breadcrumbs_links_hover_color":"","ocean_display_footer_widgets":"default","ocean_display_footer_bottom":"default","ocean_custom_footer_template":""},"product_brand":[],"product_cat":[101,51],"product_tag":[],"class_list":{"0":"post-5276","1":"product","2":"type-product","3":"status-publish","4":"has-post-thumbnail","6":"product_cat-artes-plasticas-livros-em-portugues-pt","7":"product_cat-livros-em-portugues-pt","9":"entry","10":"has-media","12":"first","13":"instock","14":"sale","15":"taxable","16":"shipping-taxable","17":"purchasable","18":"product-type-simple","19":"col","20":"span_1_of_3","21":"owp-content-left","22":"owp-thumbs-layout-horizontal","23":"owp-btn-normal","24":"owp-tabs-layout-horizontal","25":"has-no-thumbnails","26":"circle-sale"},"_links":{"self":[{"href":"https:\/\/www.blaubookshop.com\/en\/wp-json\/wp\/v2\/product\/5276","targetHints":{"allow":["GET"]}}],"collection":[{"href":"https:\/\/www.blaubookshop.com\/en\/wp-json\/wp\/v2\/product"}],"about":[{"href":"https:\/\/www.blaubookshop.com\/en\/wp-json\/wp\/v2\/types\/product"}],"version-history":[{"count":1,"href":"https:\/\/www.blaubookshop.com\/en\/wp-json\/wp\/v2\/product\/5276\/revisions"}],"predecessor-version":[{"id":5308,"href":"https:\/\/www.blaubookshop.com\/en\/wp-json\/wp\/v2\/product\/5276\/revisions\/5308"}],"wp:featuredmedia":[{"embeddable":true,"href":"https:\/\/www.blaubookshop.com\/en\/wp-json\/wp\/v2\/media\/5191"}],"wp:attachment":[{"href":"https:\/\/www.blaubookshop.com\/en\/wp-json\/wp\/v2\/media?parent=5276"}],"wp:term":[{"taxonomy":"product_brand","embeddable":true,"href":"https:\/\/www.blaubookshop.com\/en\/wp-json\/wp\/v2\/product_brand?post=5276"},{"taxonomy":"product_cat","embeddable":true,"href":"https:\/\/www.blaubookshop.com\/en\/wp-json\/wp\/v2\/product_cat?post=5276"},{"taxonomy":"product_tag","embeddable":true,"href":"https:\/\/www.blaubookshop.com\/en\/wp-json\/wp\/v2\/product_tag?post=5276"}],"curies":[{"name":"wp","href":"https:\/\/api.w.org\/{rel}","templated":true}]}}