{"id":5279,"date":"2021-06-24T15:35:20","date_gmt":"2021-06-24T15:35:20","guid":{"rendered":"https:\/\/www.blaubookshop.com\/produto\/um-mapa-de-lisboa-no-cinema\/"},"modified":"2024-08-11T12:53:56","modified_gmt":"2024-08-11T12:53:56","slug":"um-mapa-de-lisboa-no-cinema","status":"publish","type":"product","link":"https:\/\/www.blaubookshop.com\/en\/product\/um-mapa-de-lisboa-no-cinema\/","title":{"rendered":"Um Mapa de Lisboa no Cinema"},"content":{"rendered":"<p>Um Mapa de Lisboa no Cinema \u00e9 uma deambula\u00e7\u00e3o pela cidade atrav\u00e9s das imagens e ideias de uma s\u00e9rie de filmes. Constru\u00eddo a partir da transcri\u00e7\u00e3o de interven\u00e7\u00f5es em sess\u00f5es de visionamento dedicadas \u00e0 arquitectura do ciclo Topografias Imagin\u00e1rias \u2014 organizado desde 2015 pela Videoteca do Arquivo Municipal de Lisboa \u2014, o mapa resulta da sobreposi\u00e7\u00e3o de duas topografias: a topografia dos filmes e a topografia da cidade. Num m\u00e9todo pr\u00f3ximo da montagem cinematogr\u00e1fica, reordenaram-se fragmentos das interven\u00e7\u00f5es e reorganizaram-se as imagens projectadas nas sess\u00f5es.<\/p>\n<p>Este livro \u00e9 um mapa, simultaneamente real e imagin\u00e1rio, espacial e temporal, da cidade de Lisboa. Um mapa constru\u00eddo por In\u00eas Sapeta Dias, Alexandra Areia e In\u00eas Monteiro a partir dos filmes: Cr\u00f3nica dos Bons Malandros, Tr\u00eas Palmeiras, O Estado das Coisas, Ru\u00ednas, Doc\u2019s Kingdom, Ningu\u00e9m Duas Vezes, Recorda\u00e7\u00f5es da Casa Amarela, Divina Com\u00e9dia, Corte de Cabelo, Mal, O Fantasma, Os Mutantes, Xavier.<\/p>\n<p>Com interven\u00e7\u00f5es de Ana David, Ana Vaz Milheiro, Eduardo Brito, Filipa Reis, Filipa Rosa\u0301rio, Francisco Ferreira, Joa\u0303o Botelho, Jo\u00e3o Miller Guerra, Jo\u00e3o Nicolau, Jo\u00e3o Rosas, Joa\u0303o Rosmaninho, Joaquim Pinto, Joaquim Sapinho, Jorge Figueira, Jorge Silva Melo, Jos\u00e9 Manuel Costa, Jose\u0301 Manuel Fernandes, Jos\u00e9 Maria Assis, Lu\u00eds Alves de Matos, Lu\u00eds Ferro, Lui\u0301s Miguel Oliveira, Lu\u00eds Santiago Baptista, Manuel Grac\u0327a Dias, Manuel Mozos, Maria Joa\u0303o Seixas, N\u00e9lio Concei\u00e7\u00e3o, Nuno Lisboa, Patr\u00edcia Santos Pedrosa, Paulo Catrica, Paulo Cunha, Pedro Jord\u00e3o, Regina Guimar\u00e3es, Rui Mendes, Rui Po\u00e7as, Susana Nascimento Duarte e Susana Ventura.<\/p>\n<p>O livro Um Mapa de Lisboa no Cinema \u00e9 uma co-edi\u00e7\u00e3o da Dafne Editora e Arquivo Municipal de Lisboa\/Videoteca da C\u00e2mara Municipal de Lisboa.<\/p>","protected":false},"excerpt":{"rendered":"<p>In\u00eas Sapeta Dias,\u00a0Alexandra Areia,\u00a0In\u00eas Monteiro<br \/>\nISBN 9789898217493<br \/>\nDafne<br \/>\nCapa mole, 264 pp, 15,0&#215;22,5 cm<br \/>\nPortuguese<br \/>\n2019<\/p>","protected":false},"featured_media":5188,"template":"","meta":{"ocean_post_layout":"","ocean_both_sidebars_style":"","ocean_both_sidebars_content_width":0,"ocean_both_sidebars_sidebars_width":0,"ocean_sidebar":"","ocean_second_sidebar":"","ocean_disable_margins":"enable","ocean_add_body_class":"","ocean_shortcode_before_top_bar":"","ocean_shortcode_after_top_bar":"","ocean_shortcode_before_header":"","ocean_shortcode_after_header":"","ocean_has_shortcode":"","ocean_shortcode_after_title":"","ocean_shortcode_before_footer_widgets":"","ocean_shortcode_after_footer_widgets":"","ocean_shortcode_before_footer_bottom":"","ocean_shortcode_after_footer_bottom":"","ocean_display_top_bar":"default","ocean_display_header":"default","ocean_header_style":"","ocean_center_header_left_menu":"","ocean_custom_header_template":"","ocean_custom_logo":0,"ocean_custom_retina_logo":0,"ocean_custom_logo_max_width":0,"ocean_custom_logo_tablet_max_width":0,"ocean_custom_logo_mobile_max_width":0,"ocean_custom_logo_max_height":0,"ocean_custom_logo_tablet_max_height":0,"ocean_custom_logo_mobile_max_height":0,"ocean_header_custom_menu":"","ocean_menu_typo_font_family":"","ocean_menu_typo_font_subset":"","ocean_menu_typo_font_size":0,"ocean_menu_typo_font_size_tablet":0,"ocean_menu_typo_font_size_mobile":0,"ocean_menu_typo_font_size_unit":"px","ocean_menu_typo_font_weight":"","ocean_menu_typo_font_weight_tablet":"","ocean_menu_typo_font_weight_mobile":"","ocean_menu_typo_transform":"","ocean_menu_typo_transform_tablet":"","ocean_menu_typo_transform_mobile":"","ocean_menu_typo_line_height":0,"ocean_menu_typo_line_height_tablet":0,"ocean_menu_typo_line_height_mobile":0,"ocean_menu_typo_line_height_unit":"","ocean_menu_typo_spacing":0,"ocean_menu_typo_spacing_tablet":0,"ocean_menu_typo_spacing_mobile":0,"ocean_menu_typo_spacing_unit":"","ocean_menu_link_color":"","ocean_menu_link_color_hover":"","ocean_menu_link_color_active":"","ocean_menu_link_background":"","ocean_menu_link_hover_background":"","ocean_menu_link_active_background":"","ocean_menu_social_links_bg":"","ocean_menu_social_hover_links_bg":"","ocean_menu_social_links_color":"","ocean_menu_social_hover_links_color":"","ocean_disable_title":"default","ocean_disable_heading":"default","ocean_post_title":"","ocean_post_subheading":"","ocean_post_title_style":"","ocean_post_title_background_color":"","ocean_post_title_background":0,"ocean_post_title_bg_image_position":"","ocean_post_title_bg_image_attachment":"","ocean_post_title_bg_image_repeat":"","ocean_post_title_bg_image_size":"","ocean_post_title_height":0,"ocean_post_title_bg_overlay":0.5,"ocean_post_title_bg_overlay_color":"","ocean_disable_breadcrumbs":"default","ocean_breadcrumbs_color":"","ocean_breadcrumbs_separator_color":"","ocean_breadcrumbs_links_color":"","ocean_breadcrumbs_links_hover_color":"","ocean_display_footer_widgets":"default","ocean_display_footer_bottom":"default","ocean_custom_footer_template":""},"product_brand":[],"product_cat":[101,51],"product_tag":[],"class_list":{"0":"post-5279","1":"product","2":"type-product","3":"status-publish","4":"has-post-thumbnail","6":"product_cat-artes-plasticas-livros-em-portugues-pt","7":"product_cat-livros-em-portugues-pt","9":"entry","10":"has-media","12":"first","13":"instock","14":"sale","15":"taxable","16":"shipping-taxable","17":"purchasable","18":"product-type-simple","19":"col","20":"span_1_of_3","21":"owp-content-left","22":"owp-thumbs-layout-horizontal","23":"owp-btn-normal","24":"owp-tabs-layout-horizontal","25":"has-no-thumbnails","26":"circle-sale"},"_links":{"self":[{"href":"https:\/\/www.blaubookshop.com\/en\/wp-json\/wp\/v2\/product\/5279","targetHints":{"allow":["GET"]}}],"collection":[{"href":"https:\/\/www.blaubookshop.com\/en\/wp-json\/wp\/v2\/product"}],"about":[{"href":"https:\/\/www.blaubookshop.com\/en\/wp-json\/wp\/v2\/types\/product"}],"version-history":[{"count":1,"href":"https:\/\/www.blaubookshop.com\/en\/wp-json\/wp\/v2\/product\/5279\/revisions"}],"predecessor-version":[{"id":5305,"href":"https:\/\/www.blaubookshop.com\/en\/wp-json\/wp\/v2\/product\/5279\/revisions\/5305"}],"wp:featuredmedia":[{"embeddable":true,"href":"https:\/\/www.blaubookshop.com\/en\/wp-json\/wp\/v2\/media\/5188"}],"wp:attachment":[{"href":"https:\/\/www.blaubookshop.com\/en\/wp-json\/wp\/v2\/media?parent=5279"}],"wp:term":[{"taxonomy":"product_brand","embeddable":true,"href":"https:\/\/www.blaubookshop.com\/en\/wp-json\/wp\/v2\/product_brand?post=5279"},{"taxonomy":"product_cat","embeddable":true,"href":"https:\/\/www.blaubookshop.com\/en\/wp-json\/wp\/v2\/product_cat?post=5279"},{"taxonomy":"product_tag","embeddable":true,"href":"https:\/\/www.blaubookshop.com\/en\/wp-json\/wp\/v2\/product_tag?post=5279"}],"curies":[{"name":"wp","href":"https:\/\/api.w.org\/{rel}","templated":true}]}}