{"id":5282,"date":"2021-06-24T15:35:22","date_gmt":"2021-06-24T15:35:22","guid":{"rendered":"https:\/\/www.blaubookshop.com\/produto\/arquitecto-oliveira-ferreira\/"},"modified":"2021-06-25T11:04:54","modified_gmt":"2021-06-25T11:04:54","slug":"arquitecto-oliveira-ferreira","status":"publish","type":"product","link":"https:\/\/www.blaubookshop.com\/en\/product\/arquitecto-oliveira-ferreira\/","title":{"rendered":"Arquitecto Oliveira Ferreira"},"content":{"rendered":"<p>Francisco de Oliveira Ferreira pertenceu \u00e0 gera\u00e7\u00e3o de arquitectos que iniciou actividade na regi\u00e3o do Porto na primeira metade do s\u00e9culo XX. Eram poucos esses profissionais da arquitectura, e nem todos tiveram condi\u00e7\u00f5es para ver o seu trabalho reconhecido como contributo activo na constru\u00e7\u00e3o dos espa\u00e7os da modernidade. Para os arquitectos, como para tantas outras profiss\u00f5es, as duas d\u00e9cadas e meia at\u00e9 final da Primeira Rep\u00fablica foram marcadas por um misto de paix\u00f5es, entusiasmos e conflitos, travando, em muitos casos, a capacidade de ler criticamente os ecos das correntes de renova\u00e7\u00e3o art\u00edstica. Foram sens\u00edveis \u00e0s mudan\u00e7as que percebiam ser oriundas dos centros da cultura europeia, mas logo depois condimentadas pela brutalidade da guerra face \u00e0 partida de muitos homens para a Flandres. E inseguros tamb\u00e9m, quando sectores republicanos se aproximaram do poder e deixaram de ser solid\u00e1rios para abra\u00e7ar a ditadura das ideias. J\u00e1 n\u00e3o viam como refer\u00eancia fixa os modelos da arquitectura cl\u00e1ssica praticada nas Academias, obrigando a reflectir sobre o obscuro caminho da procura das Belas-Artes. Oliveira Ferreira imaginou casas nas praias de Gaia, contribuiu para a configura\u00e7\u00e3o da Avenida dos Aliados no Porto, construiu os Pa\u00e7os do Concelho de Vila Nova de Gaia e desenhou outros projectos que marcaram a arquitectura do seu tempo.<\/p>","protected":false},"excerpt":{"rendered":"<p>Domingos Tavares<br \/>\nISBN 9789898217547<br \/>\nDafne<br \/>\nCapa dura, 232 pp, 21,6&#215;26,2 cm<br \/>\nPortuguese<br \/>\n2021<\/p>","protected":false},"featured_media":5185,"template":"","meta":{"ocean_post_layout":"","ocean_both_sidebars_style":"","ocean_both_sidebars_content_width":0,"ocean_both_sidebars_sidebars_width":0,"ocean_sidebar":"","ocean_second_sidebar":"","ocean_disable_margins":"enable","ocean_add_body_class":"","ocean_shortcode_before_top_bar":"","ocean_shortcode_after_top_bar":"","ocean_shortcode_before_header":"","ocean_shortcode_after_header":"","ocean_has_shortcode":"","ocean_shortcode_after_title":"","ocean_shortcode_before_footer_widgets":"","ocean_shortcode_after_footer_widgets":"","ocean_shortcode_before_footer_bottom":"","ocean_shortcode_after_footer_bottom":"","ocean_display_top_bar":"default","ocean_display_header":"default","ocean_header_style":"","ocean_center_header_left_menu":"","ocean_custom_header_template":"","ocean_custom_logo":0,"ocean_custom_retina_logo":0,"ocean_custom_logo_max_width":0,"ocean_custom_logo_tablet_max_width":0,"ocean_custom_logo_mobile_max_width":0,"ocean_custom_logo_max_height":0,"ocean_custom_logo_tablet_max_height":0,"ocean_custom_logo_mobile_max_height":0,"ocean_header_custom_menu":"","ocean_menu_typo_font_family":"","ocean_menu_typo_font_subset":"","ocean_menu_typo_font_size":0,"ocean_menu_typo_font_size_tablet":0,"ocean_menu_typo_font_size_mobile":0,"ocean_menu_typo_font_size_unit":"px","ocean_menu_typo_font_weight":"","ocean_menu_typo_font_weight_tablet":"","ocean_menu_typo_font_weight_mobile":"","ocean_menu_typo_transform":"","ocean_menu_typo_transform_tablet":"","ocean_menu_typo_transform_mobile":"","ocean_menu_typo_line_height":0,"ocean_menu_typo_line_height_tablet":0,"ocean_menu_typo_line_height_mobile":0,"ocean_menu_typo_line_height_unit":"","ocean_menu_typo_spacing":0,"ocean_menu_typo_spacing_tablet":0,"ocean_menu_typo_spacing_mobile":0,"ocean_menu_typo_spacing_unit":"","ocean_menu_link_color":"","ocean_menu_link_color_hover":"","ocean_menu_link_color_active":"","ocean_menu_link_background":"","ocean_menu_link_hover_background":"","ocean_menu_link_active_background":"","ocean_menu_social_links_bg":"","ocean_menu_social_hover_links_bg":"","ocean_menu_social_links_color":"","ocean_menu_social_hover_links_color":"","ocean_disable_title":"default","ocean_disable_heading":"default","ocean_post_title":"","ocean_post_subheading":"","ocean_post_title_style":"","ocean_post_title_background_color":"","ocean_post_title_background":0,"ocean_post_title_bg_image_position":"","ocean_post_title_bg_image_attachment":"","ocean_post_title_bg_image_repeat":"","ocean_post_title_bg_image_size":"","ocean_post_title_height":0,"ocean_post_title_bg_overlay":0.5,"ocean_post_title_bg_overlay_color":"","ocean_disable_breadcrumbs":"default","ocean_breadcrumbs_color":"","ocean_breadcrumbs_separator_color":"","ocean_breadcrumbs_links_color":"","ocean_breadcrumbs_links_hover_color":"","ocean_display_footer_widgets":"default","ocean_display_footer_bottom":"default","ocean_custom_footer_template":""},"product_brand":[],"product_cat":[110,52,51],"product_tag":[],"class_list":{"0":"post-5282","1":"product","2":"type-product","3":"status-publish","4":"has-post-thumbnail","6":"product_cat-arquitectos","7":"product_cat-arquitectura-pt","8":"product_cat-livros-em-portugues-pt","10":"entry","11":"has-media","13":"first","14":"instock","15":"sale","16":"taxable","17":"shipping-taxable","18":"purchasable","19":"product-type-simple","20":"col","21":"span_1_of_3","22":"owp-content-left","23":"owp-thumbs-layout-horizontal","24":"owp-btn-normal","25":"owp-tabs-layout-horizontal","26":"has-no-thumbnails","27":"circle-sale"},"_links":{"self":[{"href":"https:\/\/www.blaubookshop.com\/en\/wp-json\/wp\/v2\/product\/5282","targetHints":{"allow":["GET"]}}],"collection":[{"href":"https:\/\/www.blaubookshop.com\/en\/wp-json\/wp\/v2\/product"}],"about":[{"href":"https:\/\/www.blaubookshop.com\/en\/wp-json\/wp\/v2\/types\/product"}],"version-history":[{"count":1,"href":"https:\/\/www.blaubookshop.com\/en\/wp-json\/wp\/v2\/product\/5282\/revisions"}],"predecessor-version":[{"id":5302,"href":"https:\/\/www.blaubookshop.com\/en\/wp-json\/wp\/v2\/product\/5282\/revisions\/5302"}],"wp:featuredmedia":[{"embeddable":true,"href":"https:\/\/www.blaubookshop.com\/en\/wp-json\/wp\/v2\/media\/5185"}],"wp:attachment":[{"href":"https:\/\/www.blaubookshop.com\/en\/wp-json\/wp\/v2\/media?parent=5282"}],"wp:term":[{"taxonomy":"product_brand","embeddable":true,"href":"https:\/\/www.blaubookshop.com\/en\/wp-json\/wp\/v2\/product_brand?post=5282"},{"taxonomy":"product_cat","embeddable":true,"href":"https:\/\/www.blaubookshop.com\/en\/wp-json\/wp\/v2\/product_cat?post=5282"},{"taxonomy":"product_tag","embeddable":true,"href":"https:\/\/www.blaubookshop.com\/en\/wp-json\/wp\/v2\/product_tag?post=5282"}],"curies":[{"name":"wp","href":"https:\/\/api.w.org\/{rel}","templated":true}]}}