{"id":5283,"date":"2021-06-24T15:35:22","date_gmt":"2021-06-24T15:35:22","guid":{"rendered":"https:\/\/www.blaubookshop.com\/produto\/projectos-especificos-para-um-cliente-generico\/"},"modified":"2021-06-25T11:04:53","modified_gmt":"2021-06-25T11:04:53","slug":"projectos-especificos-para-um-cliente-generico","status":"publish","type":"product","link":"https:\/\/www.blaubookshop.com\/en\/product\/projectos-especificos-para-um-cliente-generico\/","title":{"rendered":"Projectos Espec\u00edficos para um Cliente Gen\u00e9rico"},"content":{"rendered":"<p>Projectos Espec\u00edficos para um Cliente Gen\u00e9rico s\u00e3o isso mesmo. Imagens de ideias e propostas de transforma\u00e7\u00e3o desenhadas especificamente para usar por quem quiser, pondo em evid\u00eancia o car\u00e1cter pol\u00edtico da produ\u00e7\u00e3o arquitect\u00f3nica, seja pela vertente da responsabilidade social (para l\u00e1 da disciplina), seja pela vertente do poder medi\u00e1tico das imagens (como produ\u00e7\u00e3o cultural), seja finalmente pelas estrat\u00e9gias do investimento e da aplica\u00e7\u00e3o do capital (como constru\u00e7\u00e3o). Consubstanciados em imagens que s\u00e3o constru\u00e7\u00f5es, operam ao n\u00edvel da imagina\u00e7\u00e3o, apresentando solu\u00e7\u00f5es a uma primeira vista desconexas, porque il\u00f3gicas ou in\u00fateis. Talvez demonstrem que o discurso disciplinar da arquitectura \u00e9 mais amplo do que nos querem fazer parecer, e que n\u00e3o pode ficar fechado sobre si pr\u00f3prio, sob pena de perder a percep\u00e7\u00e3o do mundo.<\/p>\n<p>Textos introdut\u00f3rios de Paulo Varela Gomes e Andr\u00e9 Tavares<\/p>","protected":false},"excerpt":{"rendered":"<p>Pedro Bandeira<br \/>\nISBN 9789899515901<br \/>\nDafne<br \/>\nCapa mole, 184 pp, 15,0&#215;22,5 cm<br \/>\nPortuguese<br \/>\n2006<\/p>","protected":false},"featured_media":5184,"template":"","meta":{"ocean_post_layout":"","ocean_both_sidebars_style":"","ocean_both_sidebars_content_width":0,"ocean_both_sidebars_sidebars_width":0,"ocean_sidebar":"","ocean_second_sidebar":"","ocean_disable_margins":"enable","ocean_add_body_class":"","ocean_shortcode_before_top_bar":"","ocean_shortcode_after_top_bar":"","ocean_shortcode_before_header":"","ocean_shortcode_after_header":"","ocean_has_shortcode":"","ocean_shortcode_after_title":"","ocean_shortcode_before_footer_widgets":"","ocean_shortcode_after_footer_widgets":"","ocean_shortcode_before_footer_bottom":"","ocean_shortcode_after_footer_bottom":"","ocean_display_top_bar":"default","ocean_display_header":"default","ocean_header_style":"","ocean_center_header_left_menu":"","ocean_custom_header_template":"","ocean_custom_logo":0,"ocean_custom_retina_logo":0,"ocean_custom_logo_max_width":0,"ocean_custom_logo_tablet_max_width":0,"ocean_custom_logo_mobile_max_width":0,"ocean_custom_logo_max_height":0,"ocean_custom_logo_tablet_max_height":0,"ocean_custom_logo_mobile_max_height":0,"ocean_header_custom_menu":"","ocean_menu_typo_font_family":"","ocean_menu_typo_font_subset":"","ocean_menu_typo_font_size":0,"ocean_menu_typo_font_size_tablet":0,"ocean_menu_typo_font_size_mobile":0,"ocean_menu_typo_font_size_unit":"px","ocean_menu_typo_font_weight":"","ocean_menu_typo_font_weight_tablet":"","ocean_menu_typo_font_weight_mobile":"","ocean_menu_typo_transform":"","ocean_menu_typo_transform_tablet":"","ocean_menu_typo_transform_mobile":"","ocean_menu_typo_line_height":0,"ocean_menu_typo_line_height_tablet":0,"ocean_menu_typo_line_height_mobile":0,"ocean_menu_typo_line_height_unit":"","ocean_menu_typo_spacing":0,"ocean_menu_typo_spacing_tablet":0,"ocean_menu_typo_spacing_mobile":0,"ocean_menu_typo_spacing_unit":"","ocean_menu_link_color":"","ocean_menu_link_color_hover":"","ocean_menu_link_color_active":"","ocean_menu_link_background":"","ocean_menu_link_hover_background":"","ocean_menu_link_active_background":"","ocean_menu_social_links_bg":"","ocean_menu_social_hover_links_bg":"","ocean_menu_social_links_color":"","ocean_menu_social_hover_links_color":"","ocean_disable_title":"default","ocean_disable_heading":"default","ocean_post_title":"","ocean_post_subheading":"","ocean_post_title_style":"","ocean_post_title_background_color":"","ocean_post_title_background":0,"ocean_post_title_bg_image_position":"","ocean_post_title_bg_image_attachment":"","ocean_post_title_bg_image_repeat":"","ocean_post_title_bg_image_size":"","ocean_post_title_height":0,"ocean_post_title_bg_overlay":0.5,"ocean_post_title_bg_overlay_color":"","ocean_disable_breadcrumbs":"default","ocean_breadcrumbs_color":"","ocean_breadcrumbs_separator_color":"","ocean_breadcrumbs_links_color":"","ocean_breadcrumbs_links_hover_color":"","ocean_display_footer_widgets":"default","ocean_display_footer_bottom":"default","ocean_custom_footer_template":""},"product_brand":[],"product_cat":[52,195,51],"product_tag":[],"class_list":{"0":"post-5283","1":"product","2":"type-product","3":"status-publish","4":"has-post-thumbnail","6":"product_cat-arquitectura-pt","7":"product_cat-ensaios","8":"product_cat-livros-em-portugues-pt","10":"entry","11":"has-media","13":"first","14":"instock","15":"sale","16":"taxable","17":"shipping-taxable","18":"purchasable","19":"product-type-simple","20":"col","21":"span_1_of_3","22":"owp-content-left","23":"owp-thumbs-layout-horizontal","24":"owp-btn-normal","25":"owp-tabs-layout-horizontal","26":"has-no-thumbnails","27":"circle-sale"},"_links":{"self":[{"href":"https:\/\/www.blaubookshop.com\/en\/wp-json\/wp\/v2\/product\/5283","targetHints":{"allow":["GET"]}}],"collection":[{"href":"https:\/\/www.blaubookshop.com\/en\/wp-json\/wp\/v2\/product"}],"about":[{"href":"https:\/\/www.blaubookshop.com\/en\/wp-json\/wp\/v2\/types\/product"}],"version-history":[{"count":1,"href":"https:\/\/www.blaubookshop.com\/en\/wp-json\/wp\/v2\/product\/5283\/revisions"}],"predecessor-version":[{"id":5301,"href":"https:\/\/www.blaubookshop.com\/en\/wp-json\/wp\/v2\/product\/5283\/revisions\/5301"}],"wp:featuredmedia":[{"embeddable":true,"href":"https:\/\/www.blaubookshop.com\/en\/wp-json\/wp\/v2\/media\/5184"}],"wp:attachment":[{"href":"https:\/\/www.blaubookshop.com\/en\/wp-json\/wp\/v2\/media?parent=5283"}],"wp:term":[{"taxonomy":"product_brand","embeddable":true,"href":"https:\/\/www.blaubookshop.com\/en\/wp-json\/wp\/v2\/product_brand?post=5283"},{"taxonomy":"product_cat","embeddable":true,"href":"https:\/\/www.blaubookshop.com\/en\/wp-json\/wp\/v2\/product_cat?post=5283"},{"taxonomy":"product_tag","embeddable":true,"href":"https:\/\/www.blaubookshop.com\/en\/wp-json\/wp\/v2\/product_tag?post=5283"}],"curies":[{"name":"wp","href":"https:\/\/api.w.org\/{rel}","templated":true}]}}