{"id":5285,"date":"2021-06-24T15:35:24","date_gmt":"2021-06-24T15:35:24","guid":{"rendered":"https:\/\/www.blaubookshop.com\/produto\/antonio-rodrigues\/"},"modified":"2021-06-25T11:04:51","modified_gmt":"2021-06-25T11:04:51","slug":"antonio-rodrigues","status":"publish","type":"product","link":"https:\/\/www.blaubookshop.com\/en\/product\/antonio-rodrigues\/","title":{"rendered":"Ant\u00f3nio Rodrigues"},"content":{"rendered":"<p>Ant\u00f3nio Rodrigues foi o primeiro arquitecto portugu\u00eas de base cient\u00edfica. Outros se destacaram na gera\u00e7\u00e3o de Quinhentos, mas foi Rodrigues, um leitor cr\u00edtico dos conceitos formulados nos tratados maneiristas que correram na sua \u00e9poca, a propor o primeiro tratado de arquitectura de autor escrito em portugu\u00eas. Organizou os princ\u00edpios de uma sintaxe cl\u00e1ssica erudita submetida ao controlo da composi\u00e7\u00e3o pela raz\u00e3o, pondo o rigor geom\u00e9trico e a express\u00e3o do essencial acima dos efeitos decorativos, que t\u00e3o fortemente caracterizaram a \u00e9poca anterior. Al\u00e9m disso, continua a ser apontado como o autor de uma das mais maravilhosas obras da arquitectura ocidental, a capela das Onze Mil Virgens anexa \u00e0 igreja do convento franciscano de Santo Ant\u00f3nio, em Alc\u00e1cer do Sal.<\/p>\n<p>Em Portugal, como em outros estados da Europa mediterr\u00e2nica, a progressiva consolida\u00e7\u00e3o de um sistema pol\u00edtico assente na gest\u00e3o centralizada da coisa p\u00fablica sob a autoridade do rei favoreceu a solidez da monarquia cat\u00f3lica e levou a que a produ\u00e7\u00e3o arquitect\u00f3nica integrasse com o mesmo peso os monumentos religiosos, sempre sob patroc\u00ednio r\u00e9gio, e as outras iniciativas de natureza civil, imbu\u00eddas da mesma preocupa\u00e7\u00e3o de conferir dignidade ao Estado. Nas primeiras d\u00e9cadas do ciclo edificat\u00f3rio empreendido pela monarquia burguesa, foram os construtores integrados no sistema produtivo medieval que, sob tutela dos pr\u00edncipes, deram corpo ao desejo de edificar. Depois surgiram estudiosos intelectuais a dar outro rumo \u00e0 arquitectura.<\/p>\n<p>De Ant\u00f3nio Rodrigues, quase nada se sabe. Homem que escondeu a sua personalidade na discreta maneira de se relacionar com a aristocracia do poder, a que de algum modo pertencia, escreveu sobre a ci\u00eancia e por detr\u00e1s dela se escondeu. Durante vinte e cinco anos foi o principal respons\u00e1vel pelas obras da casa real, atravessando o conturbado per\u00edodo pol\u00edtico que vai desde o sebastianismo at\u00e9 \u00e0 integra\u00e7\u00e3o do pa\u00eds no imp\u00e9rio de Filipe II. Serviu D. Sebasti\u00e3o, os regentes e depois o pr\u00f3prio Filipe durante dez anos. Mas \u00e9 poss\u00edvel, a pretexto do levantamento desta personagem, tra\u00e7ar um cen\u00e1rio da introdu\u00e7\u00e3o da arquitectura do Renascimento entre n\u00f3s, pelo recurso \u00e0 interpreta\u00e7\u00e3o de algumas arquitecturas e enquadramento dos seus autores, de modo a compreender o movimento colectivo na cultura em geral, e nas artes em particular, que conduziu a sociedade portuguesa no s\u00e9culo de Quinhentos.<\/p>\n<p>Adquirindo a compet\u00eancia do risco e o manejo rigoroso da perspectiva, ganharam os especialistas da ideia saber e prest\u00edgio, superando a autoridade dos senhores do mando, porque eram eles os especialistas na cultura antiga, na arte do simb\u00f3lico e no uso dos correspondentes instrumentos do saber fazer. \u00c9 esse o verdadeiro momento da mudan\u00e7a. No per\u00edodo de transi\u00e7\u00e3o podemos encontrar bispos e pr\u00edncipes desejando ardentemente ser arquitectos, viajando, comprando livros, escrevendo cartas de inten\u00e7\u00e3o com discurso est\u00e9tico. Mas faltou-lhes o tempo necess\u00e1rio para o exerc\u00edcio do desenho, para a pr\u00e1tica reflectida da transposi\u00e7\u00e3o da ideia ao risco operativo. Faltou-lhes, afinal, escolher o caminho entre o profissional da arte, de dedica\u00e7\u00e3o independente, e o pol\u00edtico comprometido com as raz\u00f5es do Estado. Restou aos pr\u00edncipes promover os seus artistas de confian\u00e7a aos t\u00edtulos da nobreza pelas raz\u00f5es da arte, tomando-os como espelho da sua pr\u00f3pria personalidade. Ou encontrar um verdadeiro fidalgo com mais \u00e2nimo para a ci\u00eancia do risco do que para as pr\u00e1ticas da cavalaria, como aconteceu com Ant\u00f3nio Rodrigues.<\/p>\n<p>Colabora\u00e7\u00e3o de Jo\u00e3o Pedro Xavier<\/p>","protected":false},"excerpt":{"rendered":"<p>Andr\u00e9 Tavares<br \/>\nISBN 9789899515932<br \/>\nDafne<br \/>\nCapa mole,140 pp, 15,0&#215;22,5 cm<br \/>\nPortuguese<br \/>\n2007<\/p>","protected":false},"featured_media":5182,"template":"","meta":{"ocean_post_layout":"","ocean_both_sidebars_style":"","ocean_both_sidebars_content_width":0,"ocean_both_sidebars_sidebars_width":0,"ocean_sidebar":"","ocean_second_sidebar":"","ocean_disable_margins":"enable","ocean_add_body_class":"","ocean_shortcode_before_top_bar":"","ocean_shortcode_after_top_bar":"","ocean_shortcode_before_header":"","ocean_shortcode_after_header":"","ocean_has_shortcode":"","ocean_shortcode_after_title":"","ocean_shortcode_before_footer_widgets":"","ocean_shortcode_after_footer_widgets":"","ocean_shortcode_before_footer_bottom":"","ocean_shortcode_after_footer_bottom":"","ocean_display_top_bar":"default","ocean_display_header":"default","ocean_header_style":"","ocean_center_header_left_menu":"","ocean_custom_header_template":"","ocean_custom_logo":0,"ocean_custom_retina_logo":0,"ocean_custom_logo_max_width":0,"ocean_custom_logo_tablet_max_width":0,"ocean_custom_logo_mobile_max_width":0,"ocean_custom_logo_max_height":0,"ocean_custom_logo_tablet_max_height":0,"ocean_custom_logo_mobile_max_height":0,"ocean_header_custom_menu":"","ocean_menu_typo_font_family":"","ocean_menu_typo_font_subset":"","ocean_menu_typo_font_size":0,"ocean_menu_typo_font_size_tablet":0,"ocean_menu_typo_font_size_mobile":0,"ocean_menu_typo_font_size_unit":"px","ocean_menu_typo_font_weight":"","ocean_menu_typo_font_weight_tablet":"","ocean_menu_typo_font_weight_mobile":"","ocean_menu_typo_transform":"","ocean_menu_typo_transform_tablet":"","ocean_menu_typo_transform_mobile":"","ocean_menu_typo_line_height":0,"ocean_menu_typo_line_height_tablet":0,"ocean_menu_typo_line_height_mobile":0,"ocean_menu_typo_line_height_unit":"","ocean_menu_typo_spacing":0,"ocean_menu_typo_spacing_tablet":0,"ocean_menu_typo_spacing_mobile":0,"ocean_menu_typo_spacing_unit":"","ocean_menu_link_color":"","ocean_menu_link_color_hover":"","ocean_menu_link_color_active":"","ocean_menu_link_background":"","ocean_menu_link_hover_background":"","ocean_menu_link_active_background":"","ocean_menu_social_links_bg":"","ocean_menu_social_hover_links_bg":"","ocean_menu_social_links_color":"","ocean_menu_social_hover_links_color":"","ocean_disable_title":"default","ocean_disable_heading":"default","ocean_post_title":"","ocean_post_subheading":"","ocean_post_title_style":"","ocean_post_title_background_color":"","ocean_post_title_background":0,"ocean_post_title_bg_image_position":"","ocean_post_title_bg_image_attachment":"","ocean_post_title_bg_image_repeat":"","ocean_post_title_bg_image_size":"","ocean_post_title_height":0,"ocean_post_title_bg_overlay":0.5,"ocean_post_title_bg_overlay_color":"","ocean_disable_breadcrumbs":"default","ocean_breadcrumbs_color":"","ocean_breadcrumbs_separator_color":"","ocean_breadcrumbs_links_color":"","ocean_breadcrumbs_links_hover_color":"","ocean_display_footer_widgets":"default","ocean_display_footer_bottom":"default","ocean_custom_footer_template":""},"product_brand":[],"product_cat":[110,52,51],"product_tag":[],"class_list":{"0":"post-5285","1":"product","2":"type-product","3":"status-publish","4":"has-post-thumbnail","6":"product_cat-arquitectos","7":"product_cat-arquitectura-pt","8":"product_cat-livros-em-portugues-pt","10":"entry","11":"has-media","13":"first","14":"instock","15":"sale","16":"taxable","17":"shipping-taxable","18":"purchasable","19":"product-type-simple","20":"col","21":"span_1_of_3","22":"owp-content-left","23":"owp-thumbs-layout-horizontal","24":"owp-btn-normal","25":"owp-tabs-layout-horizontal","26":"has-no-thumbnails","27":"circle-sale"},"_links":{"self":[{"href":"https:\/\/www.blaubookshop.com\/en\/wp-json\/wp\/v2\/product\/5285","targetHints":{"allow":["GET"]}}],"collection":[{"href":"https:\/\/www.blaubookshop.com\/en\/wp-json\/wp\/v2\/product"}],"about":[{"href":"https:\/\/www.blaubookshop.com\/en\/wp-json\/wp\/v2\/types\/product"}],"version-history":[{"count":1,"href":"https:\/\/www.blaubookshop.com\/en\/wp-json\/wp\/v2\/product\/5285\/revisions"}],"predecessor-version":[{"id":5299,"href":"https:\/\/www.blaubookshop.com\/en\/wp-json\/wp\/v2\/product\/5285\/revisions\/5299"}],"wp:featuredmedia":[{"embeddable":true,"href":"https:\/\/www.blaubookshop.com\/en\/wp-json\/wp\/v2\/media\/5182"}],"wp:attachment":[{"href":"https:\/\/www.blaubookshop.com\/en\/wp-json\/wp\/v2\/media?parent=5285"}],"wp:term":[{"taxonomy":"product_brand","embeddable":true,"href":"https:\/\/www.blaubookshop.com\/en\/wp-json\/wp\/v2\/product_brand?post=5285"},{"taxonomy":"product_cat","embeddable":true,"href":"https:\/\/www.blaubookshop.com\/en\/wp-json\/wp\/v2\/product_cat?post=5285"},{"taxonomy":"product_tag","embeddable":true,"href":"https:\/\/www.blaubookshop.com\/en\/wp-json\/wp\/v2\/product_tag?post=5285"}],"curies":[{"name":"wp","href":"https:\/\/api.w.org\/{rel}","templated":true}]}}