{"id":5286,"date":"2021-06-24T15:35:24","date_gmt":"2021-06-24T15:35:24","guid":{"rendered":"https:\/\/www.blaubookshop.com\/produto\/bernardo-rosselino\/"},"modified":"2021-06-25T11:04:50","modified_gmt":"2021-06-25T11:04:50","slug":"bernardo-rosselino","status":"publish","type":"product","link":"https:\/\/www.blaubookshop.com\/en\/product\/bernardo-rosselino\/","title":{"rendered":"Bernardo Rosselino"},"content":{"rendered":"<p>Em mat\u00e9ria de pensamento urbano, no sentido de gerir o espa\u00e7o de vida das comunidades operando para a fortuna dos lugares, os grupos mais poderosos tomaram o comando das iniciativas capazes de demonstrar a grandeza das cidades, favorecendo o sentimento de orgulho pr\u00f3prio. Cresceram as catedrais e os pal\u00e1cios comunais, envolvendo o cidad\u00e3o comum na convic\u00e7\u00e3o de que ele pr\u00f3prio constitu\u00eda parte activa na defini\u00e7\u00e3o das linhas de crescimento do patrim\u00f3nio colectivo, integrando o debate aberto acerca do sucesso das mais importantes empresas construtivas.<\/p>\n<p>A experi\u00eancia urban\u00edstica de Quinhentos no contexto das cidades do Renascimento orientou-se para a gera\u00e7\u00e3o de zonas espec\u00edficas com qualidade de novos espa\u00e7os p\u00fablicos: ruas largas, em geral rectil\u00edneas e assumindo fun\u00e7\u00e3o de nova centralidade, ligaram pra\u00e7as, mas n\u00e3o integrando planos globais subjacentes a esses tra\u00e7ados parciais, em que a ideia de racionalidade, submetida a regras de simetria \u00e0 maneira cl\u00e1ssica, substitu\u00eda a informalidade medieval preexistente.<\/p>\n<p>Alguns artistas da pedra, como Bernardo Rosselino, passaram de canteiros a escultores, ou de construtores a arquitectos, pelo empenho que pessoalmente assumiam na forma\u00e7\u00e3o t\u00e9cnico-te\u00f3rica pr\u00f3pria, e da\u00ed partiam para o exerc\u00edcio da concep\u00e7\u00e3o intelectual definidora das pr\u00e1ticas projectuais que caracterizam a arquitectura como arte. Nessa qualidade de construtor, foi Bernardo Rosselino  chamado pelo papa, quando este decidiu elevar uma pequena povoa\u00e7\u00e3o das terras agr\u00edcolas de Siena \u00e0 mais alta dignidade episcopal, como se a vontade de um s\u00f3 homem, mesmo poderoso e h\u00e1bil no manejamento das intrigas do poder, fosse capaz de determinar o futuro da sua aldeia contra todas as evid\u00eancias econ\u00f3micas e sociais.<\/p>\n<p>Bernardo Rosselino assumiu integralmente a estrat\u00e9gia do prelado patr\u00e3o e o conceito te\u00f3rico de humanistas como Alberti, n\u00e3o s\u00f3 concebendo os v\u00e1rios edif\u00edcios encomendados, mas principalmente concentrando a energia criadora no espa\u00e7o p\u00fablico, transformando a pra\u00e7a central na sala de visitas da nova cidade, desenhada como arquitectura de sabor cl\u00e1ssico e forte significa\u00e7\u00e3o urbana.<\/p>\n<p>Atrav\u00e9s da interpreta\u00e7\u00e3o dos saberes colectivos que se foram consolidando na comunidade art\u00edstica de Floren\u00e7a, Bernardo foi capaz de encontrar o desenho de suporte para a forma urbana com uma tal coer\u00eancia, eleg\u00e2ncia e for\u00e7a, que nada a destruiu passados que s\u00e3o seis s\u00e9culos de viv\u00eancias desencontradas, e a\u00ed est\u00e1 Pienza como testemunho vivo da compet\u00eancia dos cientistas da forma, capaz de suscitar a admira\u00e7\u00e3o dos que a visitam.<\/p>","protected":false},"excerpt":{"rendered":"<p>Domingos Tavares<br \/>\nISBN 9789899515949<br \/>\nDafne<br \/>\nCapa mole, 139 pp, 15,0&#215;22,5 cm<br \/>\nPortuguese<br \/>\n2007<\/p>","protected":false},"featured_media":5181,"template":"","meta":{"ocean_post_layout":"","ocean_both_sidebars_style":"","ocean_both_sidebars_content_width":0,"ocean_both_sidebars_sidebars_width":0,"ocean_sidebar":"","ocean_second_sidebar":"","ocean_disable_margins":"enable","ocean_add_body_class":"","ocean_shortcode_before_top_bar":"","ocean_shortcode_after_top_bar":"","ocean_shortcode_before_header":"","ocean_shortcode_after_header":"","ocean_has_shortcode":"","ocean_shortcode_after_title":"","ocean_shortcode_before_footer_widgets":"","ocean_shortcode_after_footer_widgets":"","ocean_shortcode_before_footer_bottom":"","ocean_shortcode_after_footer_bottom":"","ocean_display_top_bar":"default","ocean_display_header":"default","ocean_header_style":"","ocean_center_header_left_menu":"","ocean_custom_header_template":"","ocean_custom_logo":0,"ocean_custom_retina_logo":0,"ocean_custom_logo_max_width":0,"ocean_custom_logo_tablet_max_width":0,"ocean_custom_logo_mobile_max_width":0,"ocean_custom_logo_max_height":0,"ocean_custom_logo_tablet_max_height":0,"ocean_custom_logo_mobile_max_height":0,"ocean_header_custom_menu":"","ocean_menu_typo_font_family":"","ocean_menu_typo_font_subset":"","ocean_menu_typo_font_size":0,"ocean_menu_typo_font_size_tablet":0,"ocean_menu_typo_font_size_mobile":0,"ocean_menu_typo_font_size_unit":"px","ocean_menu_typo_font_weight":"","ocean_menu_typo_font_weight_tablet":"","ocean_menu_typo_font_weight_mobile":"","ocean_menu_typo_transform":"","ocean_menu_typo_transform_tablet":"","ocean_menu_typo_transform_mobile":"","ocean_menu_typo_line_height":0,"ocean_menu_typo_line_height_tablet":0,"ocean_menu_typo_line_height_mobile":0,"ocean_menu_typo_line_height_unit":"","ocean_menu_typo_spacing":0,"ocean_menu_typo_spacing_tablet":0,"ocean_menu_typo_spacing_mobile":0,"ocean_menu_typo_spacing_unit":"","ocean_menu_link_color":"","ocean_menu_link_color_hover":"","ocean_menu_link_color_active":"","ocean_menu_link_background":"","ocean_menu_link_hover_background":"","ocean_menu_link_active_background":"","ocean_menu_social_links_bg":"","ocean_menu_social_hover_links_bg":"","ocean_menu_social_links_color":"","ocean_menu_social_hover_links_color":"","ocean_disable_title":"default","ocean_disable_heading":"default","ocean_post_title":"","ocean_post_subheading":"","ocean_post_title_style":"","ocean_post_title_background_color":"","ocean_post_title_background":0,"ocean_post_title_bg_image_position":"","ocean_post_title_bg_image_attachment":"","ocean_post_title_bg_image_repeat":"","ocean_post_title_bg_image_size":"","ocean_post_title_height":0,"ocean_post_title_bg_overlay":0.5,"ocean_post_title_bg_overlay_color":"","ocean_disable_breadcrumbs":"default","ocean_breadcrumbs_color":"","ocean_breadcrumbs_separator_color":"","ocean_breadcrumbs_links_color":"","ocean_breadcrumbs_links_hover_color":"","ocean_display_footer_widgets":"default","ocean_display_footer_bottom":"default","ocean_custom_footer_template":""},"product_brand":[],"product_cat":[110,52,51],"product_tag":[],"class_list":{"0":"post-5286","1":"product","2":"type-product","3":"status-publish","4":"has-post-thumbnail","6":"product_cat-arquitectos","7":"product_cat-arquitectura-pt","8":"product_cat-livros-em-portugues-pt","10":"entry","11":"has-media","13":"first","14":"instock","15":"sale","16":"taxable","17":"shipping-taxable","18":"purchasable","19":"product-type-simple","20":"col","21":"span_1_of_3","22":"owp-content-left","23":"owp-thumbs-layout-horizontal","24":"owp-btn-normal","25":"owp-tabs-layout-horizontal","26":"has-no-thumbnails","27":"circle-sale"},"_links":{"self":[{"href":"https:\/\/www.blaubookshop.com\/en\/wp-json\/wp\/v2\/product\/5286","targetHints":{"allow":["GET"]}}],"collection":[{"href":"https:\/\/www.blaubookshop.com\/en\/wp-json\/wp\/v2\/product"}],"about":[{"href":"https:\/\/www.blaubookshop.com\/en\/wp-json\/wp\/v2\/types\/product"}],"version-history":[{"count":1,"href":"https:\/\/www.blaubookshop.com\/en\/wp-json\/wp\/v2\/product\/5286\/revisions"}],"predecessor-version":[{"id":5298,"href":"https:\/\/www.blaubookshop.com\/en\/wp-json\/wp\/v2\/product\/5286\/revisions\/5298"}],"wp:featuredmedia":[{"embeddable":true,"href":"https:\/\/www.blaubookshop.com\/en\/wp-json\/wp\/v2\/media\/5181"}],"wp:attachment":[{"href":"https:\/\/www.blaubookshop.com\/en\/wp-json\/wp\/v2\/media?parent=5286"}],"wp:term":[{"taxonomy":"product_brand","embeddable":true,"href":"https:\/\/www.blaubookshop.com\/en\/wp-json\/wp\/v2\/product_brand?post=5286"},{"taxonomy":"product_cat","embeddable":true,"href":"https:\/\/www.blaubookshop.com\/en\/wp-json\/wp\/v2\/product_cat?post=5286"},{"taxonomy":"product_tag","embeddable":true,"href":"https:\/\/www.blaubookshop.com\/en\/wp-json\/wp\/v2\/product_tag?post=5286"}],"curies":[{"name":"wp","href":"https:\/\/api.w.org\/{rel}","templated":true}]}}