{"id":5350,"date":"2021-06-25T11:20:51","date_gmt":"2021-06-25T11:20:51","guid":{"rendered":"https:\/\/www.blaubookshop.com\/produto\/philibert-delorme\/"},"modified":"2021-06-25T11:20:51","modified_gmt":"2021-06-25T11:20:51","slug":"philibert-delorme","status":"publish","type":"product","link":"https:\/\/www.blaubookshop.com\/en\/product\/philibert-delorme\/","title":{"rendered":"Philibert Delorme"},"content":{"rendered":"<p>A arquitectura francesa, na sua passagem dos estilos medievais para a linguagem cl\u00e1ssica, n\u00e3o se caracteriza por ser obra \u00abde autor\u00bb, antes exprime uma tend\u00eancia para a transforma\u00e7\u00e3o de ideias e vontades colectivamente assumidas em sectores da sociedade que se podem considerar os \u00abautores colectivos\u00bb de novos monumentos, num processo de cria\u00e7\u00e3o lento, agregando em cada obra de base tradicional os elementos importados que a moda ou necessidades de um tempo sugerem.<\/p>\n<p>Assim tamb\u00e9m \u00aba arquitectura do Renascimento\u00bb chegou a Fran\u00e7a como uma moda da casa real que transportou consigo mais discurso que teoria, mais imagem circunstancial do que outra sabedoria de fazer. Enquanto os criadores importados de It\u00e1lia discorriam sobre a modernidade da sua arte nos sal\u00f5es da corte, os construtores iam marcando as obras por adi\u00e7\u00e3o sucessiva nas tradi\u00e7\u00f5es de cada tempo, levando os sintomas da cren\u00e7a na maneira g\u00f3tica at\u00e9 uma idade muito avan\u00e7ada do Classicismo.<\/p>\n<p>Ent\u00e3o por que raz\u00e3o eleger Philibert Delorme para expressar os tra\u00e7os fundamentais de uma nova arquitectura na estabiliza\u00e7\u00e3o da Idade Moderna nos senhorios unificados da G\u00e1lia, se predomina nessa fase a indefini\u00e7\u00e3o de autorias? Afinal nem uma s\u00f3 obra deste arquitecto ter\u00e1 persistido que possa traduzir a relev\u00e2ncia que teve a sua ac\u00e7\u00e3o ao servi\u00e7o dos monumentos de Fran\u00e7a quando se come\u00e7ava, finalmente, a consolidar a tend\u00eancia classicista em detrimento do g\u00f3tico final. Mais do que a pouca obra persistente da enorme quantidade de pequenos e grandes projectos realizados, importa avaliar o impacto que teve na transforma\u00e7\u00e3o da cultura arquitect\u00f3nica a personalidade daquele que \u00e9 em geral considerado o mais importante arquitecto do Renascimento em Fran\u00e7a. Por um lado, actuando na forma\u00e7\u00e3o de um modo nacional de interpretar a impar\u00e1vel expans\u00e3o do Classicismo na Europa, devida a raz\u00f5es filos\u00f3fico-pol\u00edticas bem mais largas do que uma moda de fazer igrejas ou pal\u00e1cios. Por outro lado, assumindo-se como paladino de um profissionalismo na \u00e1rea espec\u00edfica da arquitectura, entendida como disciplina aut\u00f3noma das outras artes visuais no perseguimento da beleza.<\/p>\n<p>Relendo Alberti e atrav\u00e9s dele compreendendo a mem\u00f3ria renascentista de Vitr\u00favio, Delorme pode expressar, atrav\u00e9s de um discurso te\u00f3rico bem ilustrado no seu Premier tome do tratado Architecture, os caminhos de uma profiss\u00e3o exigente enquanto pr\u00e1tica art\u00edstica suportada pela compet\u00eancia cient\u00edfica e t\u00e9cnica e balizada pela teoria reflexiva algo moralista que o seu estatuto de ministro da Igreja lhe conferia.<\/p>\n<p>A arquitectura \u00e9 uma arte da inven\u00e7\u00e3o, e Philibert Delorme foi o mais empenhado e inspirado inventor do seu pa\u00eds \u00e0 entrada da Era Moderna, contrariando as regras est\u00e1ticas das corpora\u00e7\u00f5es ligadas \u00e0 constru\u00e7\u00e3o, encetando caminhos libertadores que abriram perspectivas para o desenvolvimento das novas formas. Outro motivo pelo qual \u00e9 importante o papel por ele desempenhado no quadro da sociedade do seu tempo \u00e9 o de ter trabalhado na defini\u00e7\u00e3o de uma ordem francesa na constru\u00e7\u00e3o do Classicismo europeu, interpretando de perto as ru\u00ednas da Antiguidade, para coerentemente ensaiar um modo de fazer pr\u00f3prio do seu espa\u00e7o cultural.<\/p>\n<p>Usaremos na ilustra\u00e7\u00e3o do texto v\u00e1rios desenhos de Jacques Androuet du Cerceau, que publicou Les plus excellents bastiments de France. Parece que Delorme n\u00e3o manifestava grande simpatia pelo seu contempor\u00e2neo, denunciando os maus retratos feitos por fazedores de desenhos e gravadores ignorantes. Mas foi gra\u00e7as a esse registos, dos castelos de Saint-Maur, de Saint-L\u00e9ger, de Anet, de Saint-Germain, de Chenonceau e das Tuileries, que foi poss\u00edvel trazer at\u00e9 hoje a parte principal dos trabalhos realizados por Philibert Delorme, consolidando o seu prest\u00edgio como o primeiro arquitecto franc\u00eas do Renascimento.<\/p>\n<p>Colabora\u00e7\u00e3o de V\u00edtor Murtinho<\/p>","protected":false},"excerpt":{"rendered":"<p>Domingos Tavares<br \/>\nISBN 9789729901911<br \/>\nDafne<br \/>\nCapa mole, 133 pp, 15,0&#215;22,5 cm<br \/>\nPortuguese<br \/>\n2004<\/p>","protected":false},"featured_media":5233,"template":"","meta":{"ocean_post_layout":"","ocean_both_sidebars_style":"","ocean_both_sidebars_content_width":0,"ocean_both_sidebars_sidebars_width":0,"ocean_sidebar":"","ocean_second_sidebar":"","ocean_disable_margins":"enable","ocean_add_body_class":"","ocean_shortcode_before_top_bar":"","ocean_shortcode_after_top_bar":"","ocean_shortcode_before_header":"","ocean_shortcode_after_header":"","ocean_has_shortcode":"","ocean_shortcode_after_title":"","ocean_shortcode_before_footer_widgets":"","ocean_shortcode_after_footer_widgets":"","ocean_shortcode_before_footer_bottom":"","ocean_shortcode_after_footer_bottom":"","ocean_display_top_bar":"default","ocean_display_header":"default","ocean_header_style":"","ocean_center_header_left_menu":"","ocean_custom_header_template":"","ocean_custom_logo":0,"ocean_custom_retina_logo":0,"ocean_custom_logo_max_width":0,"ocean_custom_logo_tablet_max_width":0,"ocean_custom_logo_mobile_max_width":0,"ocean_custom_logo_max_height":0,"ocean_custom_logo_tablet_max_height":0,"ocean_custom_logo_mobile_max_height":0,"ocean_header_custom_menu":"","ocean_menu_typo_font_family":"","ocean_menu_typo_font_subset":"","ocean_menu_typo_font_size":0,"ocean_menu_typo_font_size_tablet":0,"ocean_menu_typo_font_size_mobile":0,"ocean_menu_typo_font_size_unit":"px","ocean_menu_typo_font_weight":"","ocean_menu_typo_font_weight_tablet":"","ocean_menu_typo_font_weight_mobile":"","ocean_menu_typo_transform":"","ocean_menu_typo_transform_tablet":"","ocean_menu_typo_transform_mobile":"","ocean_menu_typo_line_height":0,"ocean_menu_typo_line_height_tablet":0,"ocean_menu_typo_line_height_mobile":0,"ocean_menu_typo_line_height_unit":"","ocean_menu_typo_spacing":0,"ocean_menu_typo_spacing_tablet":0,"ocean_menu_typo_spacing_mobile":0,"ocean_menu_typo_spacing_unit":"","ocean_menu_link_color":"","ocean_menu_link_color_hover":"","ocean_menu_link_color_active":"","ocean_menu_link_background":"","ocean_menu_link_hover_background":"","ocean_menu_link_active_background":"","ocean_menu_social_links_bg":"","ocean_menu_social_hover_links_bg":"","ocean_menu_social_links_color":"","ocean_menu_social_hover_links_color":"","ocean_disable_title":"default","ocean_disable_heading":"default","ocean_post_title":"","ocean_post_subheading":"","ocean_post_title_style":"","ocean_post_title_background_color":"","ocean_post_title_background":0,"ocean_post_title_bg_image_position":"","ocean_post_title_bg_image_attachment":"","ocean_post_title_bg_image_repeat":"","ocean_post_title_bg_image_size":"","ocean_post_title_height":0,"ocean_post_title_bg_overlay":0.5,"ocean_post_title_bg_overlay_color":"","ocean_disable_breadcrumbs":"default","ocean_breadcrumbs_color":"","ocean_breadcrumbs_separator_color":"","ocean_breadcrumbs_links_color":"","ocean_breadcrumbs_links_hover_color":"","ocean_display_footer_widgets":"default","ocean_display_footer_bottom":"default","ocean_custom_footer_template":""},"product_brand":[],"product_cat":[110,52,51],"product_tag":[],"class_list":{"0":"post-5350","1":"product","2":"type-product","3":"status-publish","4":"has-post-thumbnail","6":"product_cat-arquitectos","7":"product_cat-arquitectura-pt","8":"product_cat-livros-em-portugues-pt","10":"entry","11":"has-media","13":"first","14":"instock","15":"sale","16":"taxable","17":"shipping-taxable","18":"purchasable","19":"product-type-simple","20":"col","21":"span_1_of_3","22":"owp-content-left","23":"owp-thumbs-layout-horizontal","24":"owp-btn-normal","25":"owp-tabs-layout-horizontal","26":"has-no-thumbnails","27":"circle-sale"},"_links":{"self":[{"href":"https:\/\/www.blaubookshop.com\/en\/wp-json\/wp\/v2\/product\/5350","targetHints":{"allow":["GET"]}}],"collection":[{"href":"https:\/\/www.blaubookshop.com\/en\/wp-json\/wp\/v2\/product"}],"about":[{"href":"https:\/\/www.blaubookshop.com\/en\/wp-json\/wp\/v2\/types\/product"}],"version-history":[{"count":0,"href":"https:\/\/www.blaubookshop.com\/en\/wp-json\/wp\/v2\/product\/5350\/revisions"}],"wp:featuredmedia":[{"embeddable":true,"href":"https:\/\/www.blaubookshop.com\/en\/wp-json\/wp\/v2\/media\/5233"}],"wp:attachment":[{"href":"https:\/\/www.blaubookshop.com\/en\/wp-json\/wp\/v2\/media?parent=5350"}],"wp:term":[{"taxonomy":"product_brand","embeddable":true,"href":"https:\/\/www.blaubookshop.com\/en\/wp-json\/wp\/v2\/product_brand?post=5350"},{"taxonomy":"product_cat","embeddable":true,"href":"https:\/\/www.blaubookshop.com\/en\/wp-json\/wp\/v2\/product_cat?post=5350"},{"taxonomy":"product_tag","embeddable":true,"href":"https:\/\/www.blaubookshop.com\/en\/wp-json\/wp\/v2\/product_tag?post=5350"}],"curies":[{"name":"wp","href":"https:\/\/api.w.org\/{rel}","templated":true}]}}