{"id":5634,"date":"2023-09-21T12:55:09","date_gmt":"2023-09-21T12:55:09","guid":{"rendered":"https:\/\/www.blaubookshop.com\/?post_type=product&#038;p=5634"},"modified":"2023-09-23T13:34:28","modified_gmt":"2023-09-23T13:34:28","slug":"a-igreja-da-fortaleza-de-sao-joao-batista-caracterizacao-e-definicao-de-uma-estrategia-de-intervencao","status":"publish","type":"product","link":"https:\/\/www.blaubookshop.com\/en\/product\/a-igreja-da-fortaleza-de-sao-joao-batista-caracterizacao-e-definicao-de-uma-estrategia-de-intervencao\/","title":{"rendered":"A Igreja da Fortaleza de S\u00e3o Jo\u00e3o Batista &#8211; Caracteriza\u00e7\u00e3o e defini\u00e7\u00e3o de uma estrat\u00e9gia de interven\u00e7\u00e3o"},"content":{"rendered":"<p>A interven\u00e7\u00e3o no patrim\u00f3nio cultural edificado monumental e corrente, atualmente, constitui mat\u00e9ria de renovado interesse quer em contexto de atividade profissional, quer em ambiente acad\u00e9mico. Cuidar do legado constru\u00eddo pelas gera\u00e7\u00f5es que nos antecederam, reconquistando-o para o presente a partir da assun\u00e7\u00e3o de um compromisso intergeracional suportado pela partilha de valores culturais, sociais, hist\u00f3ricos e de sustentabilidade econ\u00f3mica e ambiental, tem tanto de estimulante como de apaixonante.<\/p>\n<p>A presente publica\u00e7\u00e3o exp\u00f5e os conte\u00fados que permitem fazer o reconhecimento do processo que mediou a conforma\u00e7\u00e3o de uma filosofia geral de interven\u00e7\u00e3o. Mas tamb\u00e9m procura explicitar<br \/>\na f\u00f3rmula como se resgatou um renovado conhecimento do objeto a intervencionar. A possibilidade de envolver no projeto de investiga\u00e7\u00e3o uma ampla diversidade de campos disciplinares, favorecendo a defini\u00e7\u00e3o de uma estrutura de investiga\u00e7\u00e3o ancorada numa din\u00e2mica transdisciplinar, foi a maior convic\u00e7\u00e3o partilhada por todos os coordenadores cient\u00edficos comprometidos com o projeto.<\/p>\n<p>As ac\u00e7\u00f5es desencadeadas por cada coordenador cient\u00edfico, partindo de abordagens particulares e especificas mas complementares e articuladas com outros campos disciplinares, permitiram alcan\u00e7ar, sen\u00e3o um conhecimento completo da Igreja de S\u00e3o Jo\u00e3o Batista, aquilo que se pode designar como o mais pr\u00f3ximo poss\u00edvel de um entendimento integral do edif\u00edcio em estudo que se poderia ambicionar.<\/p>\n<p>&nbsp;<\/p>","protected":false},"excerpt":{"rendered":"<p>Raimundo Mendes da Silva, Ant\u00f3nio Bettencourt, Linda Gil Catarino, Tomeu Vicente e Tiago Ferreira<br \/>\nISBN: 9789895325726<br \/>\nedarq<br \/>\nBrochura, 148 pp, 23 x 32 cm<br \/>\nPortuguese<br \/>\n30\/09\/2023<\/p>","protected":false},"featured_media":5641,"template":"","meta":{"ocean_post_layout":"","ocean_both_sidebars_style":"","ocean_both_sidebars_content_width":0,"ocean_both_sidebars_sidebars_width":0,"ocean_sidebar":"0","ocean_second_sidebar":"0","ocean_disable_margins":"enable","ocean_add_body_class":"","ocean_shortcode_before_top_bar":"","ocean_shortcode_after_top_bar":"","ocean_shortcode_before_header":"","ocean_shortcode_after_header":"","ocean_has_shortcode":"","ocean_shortcode_after_title":"","ocean_shortcode_before_footer_widgets":"","ocean_shortcode_after_footer_widgets":"","ocean_shortcode_before_footer_bottom":"","ocean_shortcode_after_footer_bottom":"","ocean_display_top_bar":"default","ocean_display_header":"default","ocean_header_style":"","ocean_center_header_left_menu":"0","ocean_custom_header_template":"0","ocean_custom_logo":0,"ocean_custom_retina_logo":0,"ocean_custom_logo_max_width":0,"ocean_custom_logo_tablet_max_width":0,"ocean_custom_logo_mobile_max_width":0,"ocean_custom_logo_max_height":0,"ocean_custom_logo_tablet_max_height":0,"ocean_custom_logo_mobile_max_height":0,"ocean_header_custom_menu":"0","ocean_menu_typo_font_family":"0","ocean_menu_typo_font_subset":"","ocean_menu_typo_font_size":0,"ocean_menu_typo_font_size_tablet":0,"ocean_menu_typo_font_size_mobile":0,"ocean_menu_typo_font_size_unit":"px","ocean_menu_typo_font_weight":"","ocean_menu_typo_font_weight_tablet":"","ocean_menu_typo_font_weight_mobile":"","ocean_menu_typo_transform":"","ocean_menu_typo_transform_tablet":"","ocean_menu_typo_transform_mobile":"","ocean_menu_typo_line_height":0,"ocean_menu_typo_line_height_tablet":0,"ocean_menu_typo_line_height_mobile":0,"ocean_menu_typo_line_height_unit":"","ocean_menu_typo_spacing":0,"ocean_menu_typo_spacing_tablet":0,"ocean_menu_typo_spacing_mobile":0,"ocean_menu_typo_spacing_unit":"","ocean_menu_link_color":"","ocean_menu_link_color_hover":"","ocean_menu_link_color_active":"","ocean_menu_link_background":"","ocean_menu_link_hover_background":"","ocean_menu_link_active_background":"","ocean_menu_social_links_bg":"","ocean_menu_social_hover_links_bg":"","ocean_menu_social_links_color":"","ocean_menu_social_hover_links_color":"","ocean_disable_title":"default","ocean_disable_heading":"default","ocean_post_title":"","ocean_post_subheading":"","ocean_post_title_style":"","ocean_post_title_background_color":"","ocean_post_title_background":0,"ocean_post_title_bg_image_position":"","ocean_post_title_bg_image_attachment":"","ocean_post_title_bg_image_repeat":"","ocean_post_title_bg_image_size":"","ocean_post_title_height":0,"ocean_post_title_bg_overlay":0.5,"ocean_post_title_bg_overlay_color":"","ocean_disable_breadcrumbs":"default","ocean_breadcrumbs_color":"","ocean_breadcrumbs_separator_color":"","ocean_breadcrumbs_links_color":"","ocean_breadcrumbs_links_hover_color":"","ocean_display_footer_widgets":"default","ocean_display_footer_bottom":"default","ocean_custom_footer_template":"0"},"product_brand":[],"product_cat":[52,195,51],"product_tag":[],"class_list":{"0":"post-5634","1":"product","2":"type-product","3":"status-publish","4":"has-post-thumbnail","6":"product_cat-arquitectura-pt","7":"product_cat-ensaios","8":"product_cat-livros-em-portugues-pt","10":"entry","11":"has-media","13":"first","14":"instock","15":"sale","16":"taxable","17":"shipping-taxable","18":"purchasable","19":"product-type-simple","20":"col","21":"span_1_of_3","22":"owp-content-left","23":"owp-thumbs-layout-horizontal","24":"owp-btn-normal","25":"owp-tabs-layout-horizontal","26":"has-no-thumbnails","27":"circle-sale"},"_links":{"self":[{"href":"https:\/\/www.blaubookshop.com\/en\/wp-json\/wp\/v2\/product\/5634","targetHints":{"allow":["GET"]}}],"collection":[{"href":"https:\/\/www.blaubookshop.com\/en\/wp-json\/wp\/v2\/product"}],"about":[{"href":"https:\/\/www.blaubookshop.com\/en\/wp-json\/wp\/v2\/types\/product"}],"version-history":[{"count":6,"href":"https:\/\/www.blaubookshop.com\/en\/wp-json\/wp\/v2\/product\/5634\/revisions"}],"predecessor-version":[{"id":5648,"href":"https:\/\/www.blaubookshop.com\/en\/wp-json\/wp\/v2\/product\/5634\/revisions\/5648"}],"wp:featuredmedia":[{"embeddable":true,"href":"https:\/\/www.blaubookshop.com\/en\/wp-json\/wp\/v2\/media\/5641"}],"wp:attachment":[{"href":"https:\/\/www.blaubookshop.com\/en\/wp-json\/wp\/v2\/media?parent=5634"}],"wp:term":[{"taxonomy":"product_brand","embeddable":true,"href":"https:\/\/www.blaubookshop.com\/en\/wp-json\/wp\/v2\/product_brand?post=5634"},{"taxonomy":"product_cat","embeddable":true,"href":"https:\/\/www.blaubookshop.com\/en\/wp-json\/wp\/v2\/product_cat?post=5634"},{"taxonomy":"product_tag","embeddable":true,"href":"https:\/\/www.blaubookshop.com\/en\/wp-json\/wp\/v2\/product_tag?post=5634"}],"curies":[{"name":"wp","href":"https:\/\/api.w.org\/{rel}","templated":true}]}}