{"id":5655,"date":"2023-10-07T18:17:42","date_gmt":"2023-10-07T18:17:42","guid":{"rendered":"https:\/\/www.blaubookshop.com\/?post_type=product&#038;p=5655"},"modified":"2023-10-07T21:00:25","modified_gmt":"2023-10-07T21:00:25","slug":"dante-della-manna-escala-120-instituicoes-financeiras","status":"publish","type":"product","link":"https:\/\/www.blaubookshop.com\/en\/product\/dante-della-manna-escala-120-instituicoes-financeiras\/","title":{"rendered":"Dante della Manna: Escala 1:20 &#8211; Institui\u00e7\u00f5es financeiras"},"content":{"rendered":"<p>Apresenta quatro projetos diferenciados para institui\u00e7\u00f5es financeiras, projetadas pelo arquiteto<strong> Dante Della Manna<\/strong><\/p>\n<p><strong>Arquitetura Comentada<\/strong> \u00e9 uma cole\u00e7\u00e3o que traz, a cada volume, um projeto de relev\u00e2ncia arquitet\u00f4nica com um editorial focado na cr\u00edtica e no detalhe arquitet\u00f4nico. O objetivo \u00e9 mostrar o processo criativo do arquiteto, desde sua ideia original at\u00e9 o desenvolvimento e finaliza\u00e7\u00e3o do projeto, o que faz da cole\u00e7\u00e3o um verdadeiro recorte na arquitetura brasileira. Para isso, s\u00e3o mostrados desenhos que representam os diversos sistemas que comp\u00f5e um projeto, al\u00e9m de uma interpreta\u00e7\u00e3o cr\u00edtica da produ\u00e7\u00e3o arquitet\u00f4nica em seu estilo, forma e funcionalidade.<\/p>\n<p>&nbsp;<\/p>","protected":false},"excerpt":{"rendered":"<p>Cris Corr\u00eaa<br \/>\nISBN: 9788599353035<br \/>\nEditora C4<\/p>\n<p>Brochura, 64 pp, 17 x 23 cm<br \/>\nPortuguese<br \/>\n2005<\/p>","protected":false},"featured_media":5656,"template":"","meta":{"ocean_post_layout":"","ocean_both_sidebars_style":"","ocean_both_sidebars_content_width":0,"ocean_both_sidebars_sidebars_width":0,"ocean_sidebar":"0","ocean_second_sidebar":"0","ocean_disable_margins":"enable","ocean_add_body_class":"","ocean_shortcode_before_top_bar":"","ocean_shortcode_after_top_bar":"","ocean_shortcode_before_header":"","ocean_shortcode_after_header":"","ocean_has_shortcode":"","ocean_shortcode_after_title":"","ocean_shortcode_before_footer_widgets":"","ocean_shortcode_after_footer_widgets":"","ocean_shortcode_before_footer_bottom":"","ocean_shortcode_after_footer_bottom":"","ocean_display_top_bar":"default","ocean_display_header":"default","ocean_header_style":"","ocean_center_header_left_menu":"0","ocean_custom_header_template":"0","ocean_custom_logo":0,"ocean_custom_retina_logo":0,"ocean_custom_logo_max_width":0,"ocean_custom_logo_tablet_max_width":0,"ocean_custom_logo_mobile_max_width":0,"ocean_custom_logo_max_height":0,"ocean_custom_logo_tablet_max_height":0,"ocean_custom_logo_mobile_max_height":0,"ocean_header_custom_menu":"0","ocean_menu_typo_font_family":"0","ocean_menu_typo_font_subset":"","ocean_menu_typo_font_size":0,"ocean_menu_typo_font_size_tablet":0,"ocean_menu_typo_font_size_mobile":0,"ocean_menu_typo_font_size_unit":"px","ocean_menu_typo_font_weight":"","ocean_menu_typo_font_weight_tablet":"","ocean_menu_typo_font_weight_mobile":"","ocean_menu_typo_transform":"","ocean_menu_typo_transform_tablet":"","ocean_menu_typo_transform_mobile":"","ocean_menu_typo_line_height":0,"ocean_menu_typo_line_height_tablet":0,"ocean_menu_typo_line_height_mobile":0,"ocean_menu_typo_line_height_unit":"","ocean_menu_typo_spacing":0,"ocean_menu_typo_spacing_tablet":0,"ocean_menu_typo_spacing_mobile":0,"ocean_menu_typo_spacing_unit":"","ocean_menu_link_color":"","ocean_menu_link_color_hover":"","ocean_menu_link_color_active":"","ocean_menu_link_background":"","ocean_menu_link_hover_background":"","ocean_menu_link_active_background":"","ocean_menu_social_links_bg":"","ocean_menu_social_hover_links_bg":"","ocean_menu_social_links_color":"","ocean_menu_social_hover_links_color":"","ocean_disable_title":"default","ocean_disable_heading":"default","ocean_post_title":"","ocean_post_subheading":"","ocean_post_title_style":"","ocean_post_title_background_color":"","ocean_post_title_background":0,"ocean_post_title_bg_image_position":"","ocean_post_title_bg_image_attachment":"","ocean_post_title_bg_image_repeat":"","ocean_post_title_bg_image_size":"","ocean_post_title_height":0,"ocean_post_title_bg_overlay":0.5,"ocean_post_title_bg_overlay_color":"","ocean_disable_breadcrumbs":"default","ocean_breadcrumbs_color":"","ocean_breadcrumbs_separator_color":"","ocean_breadcrumbs_links_color":"","ocean_breadcrumbs_links_hover_color":"","ocean_display_footer_widgets":"default","ocean_display_footer_bottom":"default","ocean_custom_footer_template":"0"},"product_brand":[],"product_cat":[301,52,72,192,71,51],"product_tag":[],"class_list":{"0":"post-5655","1":"product","2":"type-product","3":"status-publish","4":"has-post-thumbnail","6":"product_cat-edificios-arquitectura-uk-livros-em-ingles","7":"product_cat-arquitectura-pt","8":"product_cat-arquitectura-uk","9":"product_cat-edificios","10":"product_cat-livros-em-ingles","11":"product_cat-livros-em-portugues-pt","13":"entry","14":"has-media","16":"first","17":"instock","18":"sale","19":"taxable","20":"shipping-taxable","21":"purchasable","22":"product-type-simple","23":"col","24":"span_1_of_3","25":"owp-content-left","26":"owp-thumbs-layout-horizontal","27":"owp-btn-normal","28":"owp-tabs-layout-horizontal","29":"has-no-thumbnails","30":"circle-sale"},"_links":{"self":[{"href":"https:\/\/www.blaubookshop.com\/en\/wp-json\/wp\/v2\/product\/5655","targetHints":{"allow":["GET"]}}],"collection":[{"href":"https:\/\/www.blaubookshop.com\/en\/wp-json\/wp\/v2\/product"}],"about":[{"href":"https:\/\/www.blaubookshop.com\/en\/wp-json\/wp\/v2\/types\/product"}],"version-history":[{"count":1,"href":"https:\/\/www.blaubookshop.com\/en\/wp-json\/wp\/v2\/product\/5655\/revisions"}],"predecessor-version":[{"id":5657,"href":"https:\/\/www.blaubookshop.com\/en\/wp-json\/wp\/v2\/product\/5655\/revisions\/5657"}],"wp:featuredmedia":[{"embeddable":true,"href":"https:\/\/www.blaubookshop.com\/en\/wp-json\/wp\/v2\/media\/5656"}],"wp:attachment":[{"href":"https:\/\/www.blaubookshop.com\/en\/wp-json\/wp\/v2\/media?parent=5655"}],"wp:term":[{"taxonomy":"product_brand","embeddable":true,"href":"https:\/\/www.blaubookshop.com\/en\/wp-json\/wp\/v2\/product_brand?post=5655"},{"taxonomy":"product_cat","embeddable":true,"href":"https:\/\/www.blaubookshop.com\/en\/wp-json\/wp\/v2\/product_cat?post=5655"},{"taxonomy":"product_tag","embeddable":true,"href":"https:\/\/www.blaubookshop.com\/en\/wp-json\/wp\/v2\/product_tag?post=5655"}],"curies":[{"name":"wp","href":"https:\/\/api.w.org\/{rel}","templated":true}]}}