{"id":5662,"date":"2023-10-07T18:48:08","date_gmt":"2023-10-07T18:48:08","guid":{"rendered":"https:\/\/www.blaubookshop.com\/?post_type=product&#038;p=5662"},"modified":"2023-10-08T11:21:10","modified_gmt":"2023-10-08T11:21:10","slug":"kahn-18-anos-con-el-arquitecto-louis-i","status":"publish","type":"product","link":"https:\/\/www.blaubookshop.com\/en\/product\/kahn-18-anos-con-el-arquitecto-louis-i\/","title":{"rendered":"18 anos con el arquitecto Louis I. kahn"},"content":{"rendered":"<p>La publicaci\u00f3n del libro de August Komendant sobre su experiencia de dieciocho a\u00f1os de colaboraci\u00f3n con Louis I. Khan es una de las tareas editoriales m\u00e1s destacadas y oportunas que acometi\u00f3 el Colegio de Arquitectos de Galicia. Es un libro sobre la vida en el &#8220;interior&#8221; del proceso de proyecto en las deliberaciones del momento del trabajo, sus conflictos y sus contradicciones. Y esta reflexi\u00f3n tiene lugar alrededor de la obra de un arquitecto al que la critica no tiene duda ya en considerar fundamental en la historia del siglo terminado, e indispensable para entender lo acontecido en su segunda mitad. La edici\u00f3n inglesa del libro es inencontrable y constituye una referencia &#8220;de culto&#8221; en los talleres de proyectos de Am\u00e9rica y Europa. El Colegio de Arquitectos incorpora a su lista de publicaciones este documento indispensable para la cultura arquitect\u00f3nica en las naciones de las hablas ib\u00e9ricas. Fernando Agrasar fue el responsable de la preparaci\u00f3n de esta edici\u00f3n y la decidida participaci\u00f3n de la Delegaci\u00f3n de A Coru\u00f1a el pulo definitivo en el que tambi\u00e9n colabor\u00f3 la Comisi\u00f3n de Cultura del Colegio de Arquitectos.<\/p>","protected":false},"excerpt":{"rendered":"<p>August E. Komendant<br \/>\nISBN: 9788485665365<br \/>\nColegio Oficial de Arquitectos de Galicia<br \/>\nBrochura, 259 pp, 21 x 24 cm<br \/>\nCastelhano<br \/>\n2000<\/p>\n<p>&nbsp;<\/p>","protected":false},"featured_media":5663,"template":"","meta":{"ocean_post_layout":"","ocean_both_sidebars_style":"","ocean_both_sidebars_content_width":0,"ocean_both_sidebars_sidebars_width":0,"ocean_sidebar":"0","ocean_second_sidebar":"0","ocean_disable_margins":"enable","ocean_add_body_class":"","ocean_shortcode_before_top_bar":"","ocean_shortcode_after_top_bar":"","ocean_shortcode_before_header":"","ocean_shortcode_after_header":"","ocean_has_shortcode":"","ocean_shortcode_after_title":"","ocean_shortcode_before_footer_widgets":"","ocean_shortcode_after_footer_widgets":"","ocean_shortcode_before_footer_bottom":"","ocean_shortcode_after_footer_bottom":"","ocean_display_top_bar":"default","ocean_display_header":"default","ocean_header_style":"","ocean_center_header_left_menu":"0","ocean_custom_header_template":"0","ocean_custom_logo":0,"ocean_custom_retina_logo":0,"ocean_custom_logo_max_width":0,"ocean_custom_logo_tablet_max_width":0,"ocean_custom_logo_mobile_max_width":0,"ocean_custom_logo_max_height":0,"ocean_custom_logo_tablet_max_height":0,"ocean_custom_logo_mobile_max_height":0,"ocean_header_custom_menu":"0","ocean_menu_typo_font_family":"0","ocean_menu_typo_font_subset":"","ocean_menu_typo_font_size":0,"ocean_menu_typo_font_size_tablet":0,"ocean_menu_typo_font_size_mobile":0,"ocean_menu_typo_font_size_unit":"px","ocean_menu_typo_font_weight":"","ocean_menu_typo_font_weight_tablet":"","ocean_menu_typo_font_weight_mobile":"","ocean_menu_typo_transform":"","ocean_menu_typo_transform_tablet":"","ocean_menu_typo_transform_mobile":"","ocean_menu_typo_line_height":0,"ocean_menu_typo_line_height_tablet":0,"ocean_menu_typo_line_height_mobile":0,"ocean_menu_typo_line_height_unit":"","ocean_menu_typo_spacing":0,"ocean_menu_typo_spacing_tablet":0,"ocean_menu_typo_spacing_mobile":0,"ocean_menu_typo_spacing_unit":"","ocean_menu_link_color":"","ocean_menu_link_color_hover":"","ocean_menu_link_color_active":"","ocean_menu_link_background":"","ocean_menu_link_hover_background":"","ocean_menu_link_active_background":"","ocean_menu_social_links_bg":"","ocean_menu_social_hover_links_bg":"","ocean_menu_social_links_color":"","ocean_menu_social_hover_links_color":"","ocean_disable_title":"default","ocean_disable_heading":"default","ocean_post_title":"","ocean_post_subheading":"","ocean_post_title_style":"","ocean_post_title_background_color":"","ocean_post_title_background":0,"ocean_post_title_bg_image_position":"","ocean_post_title_bg_image_attachment":"","ocean_post_title_bg_image_repeat":"","ocean_post_title_bg_image_size":"","ocean_post_title_height":0,"ocean_post_title_bg_overlay":0.5,"ocean_post_title_bg_overlay_color":"","ocean_disable_breadcrumbs":"default","ocean_breadcrumbs_color":"","ocean_breadcrumbs_separator_color":"","ocean_breadcrumbs_links_color":"","ocean_breadcrumbs_links_hover_color":"","ocean_display_footer_widgets":"default","ocean_display_footer_bottom":"default","ocean_custom_footer_template":"0"},"product_brand":[],"product_cat":[85,217,219,221],"product_tag":[],"class_list":{"0":"post-5662","1":"product","2":"type-product","3":"status-publish","4":"has-post-thumbnail","6":"product_cat-livros-em-espanhol","7":"product_cat-arquitectura-livros-em-espanhol","8":"product_cat-edificios-arquitectura-livros-em-espanhol","9":"product_cat-historia-arquitectura-livros-em-espanhol","11":"entry","12":"has-media","14":"first","15":"instock","16":"sale","17":"taxable","18":"shipping-taxable","19":"purchasable","20":"product-type-simple","21":"col","22":"span_1_of_3","23":"owp-content-left","24":"owp-thumbs-layout-horizontal","25":"owp-btn-normal","26":"owp-tabs-layout-horizontal","27":"has-no-thumbnails","28":"circle-sale"},"_links":{"self":[{"href":"https:\/\/www.blaubookshop.com\/en\/wp-json\/wp\/v2\/product\/5662","targetHints":{"allow":["GET"]}}],"collection":[{"href":"https:\/\/www.blaubookshop.com\/en\/wp-json\/wp\/v2\/product"}],"about":[{"href":"https:\/\/www.blaubookshop.com\/en\/wp-json\/wp\/v2\/types\/product"}],"version-history":[{"count":3,"href":"https:\/\/www.blaubookshop.com\/en\/wp-json\/wp\/v2\/product\/5662\/revisions"}],"predecessor-version":[{"id":5666,"href":"https:\/\/www.blaubookshop.com\/en\/wp-json\/wp\/v2\/product\/5662\/revisions\/5666"}],"wp:featuredmedia":[{"embeddable":true,"href":"https:\/\/www.blaubookshop.com\/en\/wp-json\/wp\/v2\/media\/5663"}],"wp:attachment":[{"href":"https:\/\/www.blaubookshop.com\/en\/wp-json\/wp\/v2\/media?parent=5662"}],"wp:term":[{"taxonomy":"product_brand","embeddable":true,"href":"https:\/\/www.blaubookshop.com\/en\/wp-json\/wp\/v2\/product_brand?post=5662"},{"taxonomy":"product_cat","embeddable":true,"href":"https:\/\/www.blaubookshop.com\/en\/wp-json\/wp\/v2\/product_cat?post=5662"},{"taxonomy":"product_tag","embeddable":true,"href":"https:\/\/www.blaubookshop.com\/en\/wp-json\/wp\/v2\/product_tag?post=5662"}],"curies":[{"name":"wp","href":"https:\/\/api.w.org\/{rel}","templated":true}]}}