{"id":5690,"date":"2023-10-07T21:14:10","date_gmt":"2023-10-07T21:14:10","guid":{"rendered":"https:\/\/www.blaubookshop.com\/?post_type=product&#038;p=5690"},"modified":"2024-08-08T19:12:43","modified_gmt":"2024-08-08T19:12:43","slug":"alhambra-de-granada-reales-alcazares-de-sevilla-dibujos","status":"publish","type":"product","link":"https:\/\/www.blaubookshop.com\/en\/product\/alhambra-de-granada-reales-alcazares-de-sevilla-dibujos\/","title":{"rendered":"Alhambra de Granada. Reales Alc\u00e1zares de Sevilla. Dibujos"},"content":{"rendered":"<p>Los dibujos fueron realizados en el primer curso de la Escuela T\u00e9cnica Superior de Arquitectura de Sevilla, hacia el mes de mayo del curso 1992-1993, dentro de la asignatura Procedimientos de Expresi\u00f3n, del Departamento de Expresi\u00f3n Gr\u00e1fica Arquitect\u00f3nica. Relaci\u00f3n de estudiantes: Delgado Cid, Jos\u00e9 Luis; D\u00edaz Guti\u00e9rrez, Jos\u00e9 Carlos; D\u00edaz Martin, Alejandro; D\u00edaz Regod\u00f3n, In\u00e9s; D\u00edaz Villagraz, Pedro; D\u00edez Mart\u00edn, Ana; Diego Otero, Alejandro de; Dios Perab\u00e1, Almudena de; Dom\u00ednguez Alvarez, Aurelio; Dom\u00ednguez Guti\u00e9rrez, Rafael; Dom\u00ednguez Ruiz, Victoria; Dom\u00ednguez Tortosa, Miguel Angel; Egea Jim\u00e9nez, Esperanza; Escamilla Amarillo, Silvia; Escobar Garc\u00eda-Moreno, Pedro; Escobedo Ruiz, Alberto; Escribano Montero, Eva; Espaliu Mart\u00ednez, Manuel; Higueras Garc\u00eda, Ana Mar\u00eda; Lissen Ortega, Marta; L\u00f3pez Maestre, Sebasti\u00e1n; Lorente Rat\u00f3n, Rafael; Puertas Mart\u00ednez, Joaqu\u00edn; Quijano Losada, Bernardo; \u00a0Profesor: Antonio Gamiz Gordo<\/p>","protected":false},"excerpt":{"rendered":"<p>AA.VV<br \/>\nISBN: 9788488075253<\/p>\n<p>Colegio Oficial de Arquitectos de Sevilla<br \/>\nBrochura, 259 pp, 24 x 29 cm<br \/>\nCastelhano<br \/>\n1994<\/p>\n<p>&nbsp;<\/p>","protected":false},"featured_media":5691,"template":"","meta":{"ocean_post_layout":"","ocean_both_sidebars_style":"","ocean_both_sidebars_content_width":0,"ocean_both_sidebars_sidebars_width":0,"ocean_sidebar":"0","ocean_second_sidebar":"0","ocean_disable_margins":"enable","ocean_add_body_class":"","ocean_shortcode_before_top_bar":"","ocean_shortcode_after_top_bar":"","ocean_shortcode_before_header":"","ocean_shortcode_after_header":"","ocean_has_shortcode":"","ocean_shortcode_after_title":"","ocean_shortcode_before_footer_widgets":"","ocean_shortcode_after_footer_widgets":"","ocean_shortcode_before_footer_bottom":"","ocean_shortcode_after_footer_bottom":"","ocean_display_top_bar":"default","ocean_display_header":"default","ocean_header_style":"","ocean_center_header_left_menu":"0","ocean_custom_header_template":"0","ocean_custom_logo":0,"ocean_custom_retina_logo":0,"ocean_custom_logo_max_width":0,"ocean_custom_logo_tablet_max_width":0,"ocean_custom_logo_mobile_max_width":0,"ocean_custom_logo_max_height":0,"ocean_custom_logo_tablet_max_height":0,"ocean_custom_logo_mobile_max_height":0,"ocean_header_custom_menu":"0","ocean_menu_typo_font_family":"0","ocean_menu_typo_font_subset":"","ocean_menu_typo_font_size":0,"ocean_menu_typo_font_size_tablet":0,"ocean_menu_typo_font_size_mobile":0,"ocean_menu_typo_font_size_unit":"px","ocean_menu_typo_font_weight":"","ocean_menu_typo_font_weight_tablet":"","ocean_menu_typo_font_weight_mobile":"","ocean_menu_typo_transform":"","ocean_menu_typo_transform_tablet":"","ocean_menu_typo_transform_mobile":"","ocean_menu_typo_line_height":0,"ocean_menu_typo_line_height_tablet":0,"ocean_menu_typo_line_height_mobile":0,"ocean_menu_typo_line_height_unit":"","ocean_menu_typo_spacing":0,"ocean_menu_typo_spacing_tablet":0,"ocean_menu_typo_spacing_mobile":0,"ocean_menu_typo_spacing_unit":"","ocean_menu_link_color":"","ocean_menu_link_color_hover":"","ocean_menu_link_color_active":"","ocean_menu_link_background":"","ocean_menu_link_hover_background":"","ocean_menu_link_active_background":"","ocean_menu_social_links_bg":"","ocean_menu_social_hover_links_bg":"","ocean_menu_social_links_color":"","ocean_menu_social_hover_links_color":"","ocean_disable_title":"default","ocean_disable_heading":"default","ocean_post_title":"","ocean_post_subheading":"","ocean_post_title_style":"","ocean_post_title_background_color":"","ocean_post_title_background":0,"ocean_post_title_bg_image_position":"","ocean_post_title_bg_image_attachment":"","ocean_post_title_bg_image_repeat":"","ocean_post_title_bg_image_size":"","ocean_post_title_height":0,"ocean_post_title_bg_overlay":0.5,"ocean_post_title_bg_overlay_color":"","ocean_disable_breadcrumbs":"default","ocean_breadcrumbs_color":"","ocean_breadcrumbs_separator_color":"","ocean_breadcrumbs_links_color":"","ocean_breadcrumbs_links_hover_color":"","ocean_display_footer_widgets":"default","ocean_display_footer_bottom":"default","ocean_custom_footer_template":"0"},"product_brand":[],"product_cat":[85,217,226,219],"product_tag":[],"class_list":{"0":"post-5690","1":"product","2":"type-product","3":"status-publish","4":"has-post-thumbnail","6":"product_cat-livros-em-espanhol","7":"product_cat-arquitectura-livros-em-espanhol","8":"product_cat-colectaneas-arquitectura-livros-em-espanhol","9":"product_cat-edificios-arquitectura-livros-em-espanhol","11":"entry","12":"has-media","14":"first","15":"instock","16":"sale","17":"taxable","18":"shipping-taxable","19":"purchasable","20":"product-type-simple","21":"col","22":"span_1_of_3","23":"owp-content-left","24":"owp-thumbs-layout-horizontal","25":"owp-btn-normal","26":"owp-tabs-layout-horizontal","27":"has-no-thumbnails","28":"circle-sale"},"_links":{"self":[{"href":"https:\/\/www.blaubookshop.com\/en\/wp-json\/wp\/v2\/product\/5690","targetHints":{"allow":["GET"]}}],"collection":[{"href":"https:\/\/www.blaubookshop.com\/en\/wp-json\/wp\/v2\/product"}],"about":[{"href":"https:\/\/www.blaubookshop.com\/en\/wp-json\/wp\/v2\/types\/product"}],"version-history":[{"count":2,"href":"https:\/\/www.blaubookshop.com\/en\/wp-json\/wp\/v2\/product\/5690\/revisions"}],"predecessor-version":[{"id":5693,"href":"https:\/\/www.blaubookshop.com\/en\/wp-json\/wp\/v2\/product\/5690\/revisions\/5693"}],"wp:featuredmedia":[{"embeddable":true,"href":"https:\/\/www.blaubookshop.com\/en\/wp-json\/wp\/v2\/media\/5691"}],"wp:attachment":[{"href":"https:\/\/www.blaubookshop.com\/en\/wp-json\/wp\/v2\/media?parent=5690"}],"wp:term":[{"taxonomy":"product_brand","embeddable":true,"href":"https:\/\/www.blaubookshop.com\/en\/wp-json\/wp\/v2\/product_brand?post=5690"},{"taxonomy":"product_cat","embeddable":true,"href":"https:\/\/www.blaubookshop.com\/en\/wp-json\/wp\/v2\/product_cat?post=5690"},{"taxonomy":"product_tag","embeddable":true,"href":"https:\/\/www.blaubookshop.com\/en\/wp-json\/wp\/v2\/product_tag?post=5690"}],"curies":[{"name":"wp","href":"https:\/\/api.w.org\/{rel}","templated":true}]}}