{"id":5745,"date":"2023-10-10T10:19:32","date_gmt":"2023-10-10T10:19:32","guid":{"rendered":"https:\/\/www.blaubookshop.com\/?post_type=product&#038;p=5745"},"modified":"2023-10-10T10:26:22","modified_gmt":"2023-10-10T10:26:22","slug":"la-acustica-de-las-iglesias-gotico-mudejares-de-sevilla","status":"publish","type":"product","link":"https:\/\/www.blaubookshop.com\/en\/product\/la-acustica-de-las-iglesias-gotico-mudejares-de-sevilla\/","title":{"rendered":"La ac\u00fastica De Las Iglesias Gotico-Mud\u00e9jares De Sevilla"},"content":{"rendered":"<p>Este texto presenta, de manera detallada, el estudio ac\u00fastico realizado a un tipo eclesial muy significativo en la ciudad de Sevilla: las iglesias gorico-mud\u00e9jares con cubierta de madera. Dos razones principales nos han movido a ello: proponer una metodolog\u00eda de estudio del problema ac\u00fastico en las iglesias y aplicarla de modo que podamos, no s\u00f3lo conocer detalladamente las condiciones ac\u00fasticas de cada ejemplo analizado, sino tambi\u00e9n obtener los datos necesarios que nos permitan establecer cual es la valoraci\u00f3n ac\u00fastica del tipo. Logicamente, esta metodolog\u00eda de an\u00e1lisis podr\u00eda ser utilizada para conocer el comportamiento ac\u00fastico de iglesias de diferente estilo arquitect\u00f3nico.<\/p>","protected":false},"excerpt":{"rendered":"<p><span id=\"author-3\">Navarro Casas, Jaime Sendra Salas, Juan Jos\u00e9<br \/>\n<\/span>ISBN: 9788447205127<br \/>\nUNIVERSIDAD DE SEVILLA. SECRETARIADO DE PUBLICACIONES<br \/>\nBrochura, 199 pp, 15 x 21 cm<br \/>\nCastelhano<br \/>\n2004<\/p>\n<p>&nbsp;<\/p>","protected":false},"featured_media":5746,"template":"","meta":{"ocean_post_layout":"","ocean_both_sidebars_style":"","ocean_both_sidebars_content_width":0,"ocean_both_sidebars_sidebars_width":0,"ocean_sidebar":"0","ocean_second_sidebar":"0","ocean_disable_margins":"enable","ocean_add_body_class":"","ocean_shortcode_before_top_bar":"","ocean_shortcode_after_top_bar":"","ocean_shortcode_before_header":"","ocean_shortcode_after_header":"","ocean_has_shortcode":"","ocean_shortcode_after_title":"","ocean_shortcode_before_footer_widgets":"","ocean_shortcode_after_footer_widgets":"","ocean_shortcode_before_footer_bottom":"","ocean_shortcode_after_footer_bottom":"","ocean_display_top_bar":"default","ocean_display_header":"default","ocean_header_style":"","ocean_center_header_left_menu":"0","ocean_custom_header_template":"0","ocean_custom_logo":0,"ocean_custom_retina_logo":0,"ocean_custom_logo_max_width":0,"ocean_custom_logo_tablet_max_width":0,"ocean_custom_logo_mobile_max_width":0,"ocean_custom_logo_max_height":0,"ocean_custom_logo_tablet_max_height":0,"ocean_custom_logo_mobile_max_height":0,"ocean_header_custom_menu":"0","ocean_menu_typo_font_family":"0","ocean_menu_typo_font_subset":"","ocean_menu_typo_font_size":0,"ocean_menu_typo_font_size_tablet":0,"ocean_menu_typo_font_size_mobile":0,"ocean_menu_typo_font_size_unit":"px","ocean_menu_typo_font_weight":"","ocean_menu_typo_font_weight_tablet":"","ocean_menu_typo_font_weight_mobile":"","ocean_menu_typo_transform":"","ocean_menu_typo_transform_tablet":"","ocean_menu_typo_transform_mobile":"","ocean_menu_typo_line_height":0,"ocean_menu_typo_line_height_tablet":0,"ocean_menu_typo_line_height_mobile":0,"ocean_menu_typo_line_height_unit":"","ocean_menu_typo_spacing":0,"ocean_menu_typo_spacing_tablet":0,"ocean_menu_typo_spacing_mobile":0,"ocean_menu_typo_spacing_unit":"","ocean_menu_link_color":"","ocean_menu_link_color_hover":"","ocean_menu_link_color_active":"","ocean_menu_link_background":"","ocean_menu_link_hover_background":"","ocean_menu_link_active_background":"","ocean_menu_social_links_bg":"","ocean_menu_social_hover_links_bg":"","ocean_menu_social_links_color":"","ocean_menu_social_hover_links_color":"","ocean_disable_title":"default","ocean_disable_heading":"default","ocean_post_title":"","ocean_post_subheading":"","ocean_post_title_style":"","ocean_post_title_background_color":"","ocean_post_title_background":0,"ocean_post_title_bg_image_position":"","ocean_post_title_bg_image_attachment":"","ocean_post_title_bg_image_repeat":"","ocean_post_title_bg_image_size":"","ocean_post_title_height":0,"ocean_post_title_bg_overlay":0.5,"ocean_post_title_bg_overlay_color":"","ocean_disable_breadcrumbs":"default","ocean_breadcrumbs_color":"","ocean_breadcrumbs_separator_color":"","ocean_breadcrumbs_links_color":"","ocean_breadcrumbs_links_hover_color":"","ocean_display_footer_widgets":"default","ocean_display_footer_bottom":"default","ocean_custom_footer_template":"0"},"product_brand":[],"product_cat":[85,217,222,221,297],"product_tag":[],"class_list":{"0":"post-5745","1":"product","2":"type-product","3":"status-publish","4":"has-post-thumbnail","6":"product_cat-livros-em-espanhol","7":"product_cat-arquitectura-livros-em-espanhol","8":"product_cat-ensaios-arquitectura-livros-em-espanhol","9":"product_cat-historia-arquitectura-livros-em-espanhol","10":"product_cat-manuais","12":"entry","13":"has-media","15":"first","16":"instock","17":"sale","18":"taxable","19":"shipping-taxable","20":"purchasable","21":"product-type-simple","22":"col","23":"span_1_of_3","24":"owp-content-left","25":"owp-thumbs-layout-horizontal","26":"owp-btn-normal","27":"owp-tabs-layout-horizontal","28":"has-no-thumbnails","29":"circle-sale"},"_links":{"self":[{"href":"https:\/\/www.blaubookshop.com\/en\/wp-json\/wp\/v2\/product\/5745","targetHints":{"allow":["GET"]}}],"collection":[{"href":"https:\/\/www.blaubookshop.com\/en\/wp-json\/wp\/v2\/product"}],"about":[{"href":"https:\/\/www.blaubookshop.com\/en\/wp-json\/wp\/v2\/types\/product"}],"version-history":[{"count":1,"href":"https:\/\/www.blaubookshop.com\/en\/wp-json\/wp\/v2\/product\/5745\/revisions"}],"predecessor-version":[{"id":5747,"href":"https:\/\/www.blaubookshop.com\/en\/wp-json\/wp\/v2\/product\/5745\/revisions\/5747"}],"wp:featuredmedia":[{"embeddable":true,"href":"https:\/\/www.blaubookshop.com\/en\/wp-json\/wp\/v2\/media\/5746"}],"wp:attachment":[{"href":"https:\/\/www.blaubookshop.com\/en\/wp-json\/wp\/v2\/media?parent=5745"}],"wp:term":[{"taxonomy":"product_brand","embeddable":true,"href":"https:\/\/www.blaubookshop.com\/en\/wp-json\/wp\/v2\/product_brand?post=5745"},{"taxonomy":"product_cat","embeddable":true,"href":"https:\/\/www.blaubookshop.com\/en\/wp-json\/wp\/v2\/product_cat?post=5745"},{"taxonomy":"product_tag","embeddable":true,"href":"https:\/\/www.blaubookshop.com\/en\/wp-json\/wp\/v2\/product_tag?post=5745"}],"curies":[{"name":"wp","href":"https:\/\/api.w.org\/{rel}","templated":true}]}}