{"id":5910,"date":"2024-08-14T13:23:57","date_gmt":"2024-08-14T13:23:57","guid":{"rendered":"https:\/\/www.blaubookshop.com\/?post_type=product&#038;p=5910"},"modified":"2024-08-14T19:16:33","modified_gmt":"2024-08-14T19:16:33","slug":"joelho-n-o-14-digital-culture-whats-next","status":"publish","type":"product","link":"https:\/\/www.blaubookshop.com\/en\/product\/joelho-n-o-14-digital-culture-whats-next\/","title":{"rendered":"Joelho 14 &#8211; Digital culture. What&#8217;s next?"},"content":{"rendered":"<p>A quest\u00e3o que se coloca no n\u00famero 14 da <i>Joelho<\/i> \u00e9 como \u00e9 que processos partilhados e colaborativos, guiados pela cultura digital, constituem pr\u00e1ticas urbanas e arquitect\u00f3nicas experimentais e motivadoras ao lidar com as quest\u00f5es pol\u00edticas, ambientais e sociais. O resultado \u00e9 uma multiplicidade de aproxima\u00e7\u00f5es disciplinares. Tendo aparentemente ultrapassado o preconceito de constituir um fim em si pr\u00f3prio, o mundo digital em arquitectura est\u00e1 actualmente a explorar as suas potencialidades infinitas. Este processo coloca novos desafios e uma responsabilidade acrescida no que diz respeito \u00e0s nossas respostas \u00e0s quest\u00f5es que se colocam actualmente na disciplina, uma resposta que tira partido de todo o potencial do digital enquanto mant\u00e9m uma atitude cr\u00edtica e construtiva.<\/p>\n<p>The focus of <i>JOELHO #14<\/i> is how shared and collaborative processes, driven by the architect operating within this digital culture, are motivating experimental architectural and urban practices in an attempt to confront political, environmental, and social concerns. The outcome is a multiplicity of disciplinary approaches. Seemingly having surpassed the prejudice of being an end in itself, the digital world in architecture is currently proving its infinite potentialities. This process brings new challenges and added responsibility regarding our response to the demands that the current moment poses to the discipline, a response which takes advantage of the full potential of the digital while maintaining a critical, constructive attitude.<\/p>","protected":false},"excerpt":{"rendered":"<p>Armando Raba\u00e7a e Bruno Gil (eds.)<br \/>\nISBN: 9771647954131<br \/>\nedarq<br \/>\nBrochura, 148 pp, 21,1 x 24,6 cm<br \/>\ningl\u00eas<br \/>\n30\/11\/2023<\/p>","protected":false},"featured_media":5911,"template":"","meta":{"ocean_post_layout":"","ocean_both_sidebars_style":"","ocean_both_sidebars_content_width":0,"ocean_both_sidebars_sidebars_width":0,"ocean_sidebar":"0","ocean_second_sidebar":"0","ocean_disable_margins":"enable","ocean_add_body_class":"","ocean_shortcode_before_top_bar":"","ocean_shortcode_after_top_bar":"","ocean_shortcode_before_header":"","ocean_shortcode_after_header":"","ocean_has_shortcode":"","ocean_shortcode_after_title":"","ocean_shortcode_before_footer_widgets":"","ocean_shortcode_after_footer_widgets":"","ocean_shortcode_before_footer_bottom":"","ocean_shortcode_after_footer_bottom":"","ocean_display_top_bar":"default","ocean_display_header":"default","ocean_header_style":"","ocean_center_header_left_menu":"0","ocean_custom_header_template":"0","ocean_custom_logo":0,"ocean_custom_retina_logo":0,"ocean_custom_logo_max_width":0,"ocean_custom_logo_tablet_max_width":0,"ocean_custom_logo_mobile_max_width":0,"ocean_custom_logo_max_height":0,"ocean_custom_logo_tablet_max_height":0,"ocean_custom_logo_mobile_max_height":0,"ocean_header_custom_menu":"0","ocean_menu_typo_font_family":"0","ocean_menu_typo_font_subset":"","ocean_menu_typo_font_size":0,"ocean_menu_typo_font_size_tablet":0,"ocean_menu_typo_font_size_mobile":0,"ocean_menu_typo_font_size_unit":"px","ocean_menu_typo_font_weight":"","ocean_menu_typo_font_weight_tablet":"","ocean_menu_typo_font_weight_mobile":"","ocean_menu_typo_transform":"","ocean_menu_typo_transform_tablet":"","ocean_menu_typo_transform_mobile":"","ocean_menu_typo_line_height":0,"ocean_menu_typo_line_height_tablet":0,"ocean_menu_typo_line_height_mobile":0,"ocean_menu_typo_line_height_unit":"","ocean_menu_typo_spacing":0,"ocean_menu_typo_spacing_tablet":0,"ocean_menu_typo_spacing_mobile":0,"ocean_menu_typo_spacing_unit":"","ocean_menu_link_color":"","ocean_menu_link_color_hover":"","ocean_menu_link_color_active":"","ocean_menu_link_background":"","ocean_menu_link_hover_background":"","ocean_menu_link_active_background":"","ocean_menu_social_links_bg":"","ocean_menu_social_hover_links_bg":"","ocean_menu_social_links_color":"","ocean_menu_social_hover_links_color":"","ocean_disable_title":"default","ocean_disable_heading":"default","ocean_post_title":"","ocean_post_subheading":"","ocean_post_title_style":"","ocean_post_title_background_color":"","ocean_post_title_background":0,"ocean_post_title_bg_image_position":"","ocean_post_title_bg_image_attachment":"","ocean_post_title_bg_image_repeat":"","ocean_post_title_bg_image_size":"","ocean_post_title_height":0,"ocean_post_title_bg_overlay":0.5,"ocean_post_title_bg_overlay_color":"","ocean_disable_breadcrumbs":"default","ocean_breadcrumbs_color":"","ocean_breadcrumbs_separator_color":"","ocean_breadcrumbs_links_color":"","ocean_breadcrumbs_links_hover_color":"","ocean_display_footer_widgets":"default","ocean_display_footer_bottom":"default","ocean_custom_footer_template":"0"},"product_brand":[],"product_cat":[72,210,71,216],"product_tag":[],"class_list":{"0":"post-5910","1":"product","2":"type-product","3":"status-publish","4":"has-post-thumbnail","6":"product_cat-arquitectura-uk","7":"product_cat-ensaios-arquitectura-uk","8":"product_cat-livros-em-ingles","9":"product_cat-revistas-arquitectura-uk","11":"entry","12":"has-media","14":"first","15":"instock","16":"sale","17":"taxable","18":"shipping-taxable","19":"purchasable","20":"product-type-simple","21":"col","22":"span_1_of_3","23":"owp-content-left","24":"owp-thumbs-layout-horizontal","25":"owp-btn-normal","26":"owp-tabs-layout-horizontal","27":"has-no-thumbnails","28":"circle-sale"},"_links":{"self":[{"href":"https:\/\/www.blaubookshop.com\/en\/wp-json\/wp\/v2\/product\/5910","targetHints":{"allow":["GET"]}}],"collection":[{"href":"https:\/\/www.blaubookshop.com\/en\/wp-json\/wp\/v2\/product"}],"about":[{"href":"https:\/\/www.blaubookshop.com\/en\/wp-json\/wp\/v2\/types\/product"}],"version-history":[{"count":3,"href":"https:\/\/www.blaubookshop.com\/en\/wp-json\/wp\/v2\/product\/5910\/revisions"}],"predecessor-version":[{"id":6302,"href":"https:\/\/www.blaubookshop.com\/en\/wp-json\/wp\/v2\/product\/5910\/revisions\/6302"}],"wp:featuredmedia":[{"embeddable":true,"href":"https:\/\/www.blaubookshop.com\/en\/wp-json\/wp\/v2\/media\/5911"}],"wp:attachment":[{"href":"https:\/\/www.blaubookshop.com\/en\/wp-json\/wp\/v2\/media?parent=5910"}],"wp:term":[{"taxonomy":"product_brand","embeddable":true,"href":"https:\/\/www.blaubookshop.com\/en\/wp-json\/wp\/v2\/product_brand?post=5910"},{"taxonomy":"product_cat","embeddable":true,"href":"https:\/\/www.blaubookshop.com\/en\/wp-json\/wp\/v2\/product_cat?post=5910"},{"taxonomy":"product_tag","embeddable":true,"href":"https:\/\/www.blaubookshop.com\/en\/wp-json\/wp\/v2\/product_tag?post=5910"}],"curies":[{"name":"wp","href":"https:\/\/api.w.org\/{rel}","templated":true}]}}