{"id":6147,"date":"2024-08-19T21:33:34","date_gmt":"2024-08-19T21:33:34","guid":{"rendered":"https:\/\/www.blaubookshop.com\/?post_type=product&#038;p=6147"},"modified":"2024-08-19T21:37:06","modified_gmt":"2024-08-19T21:37:06","slug":"teresa-nunes-da-ponte-architecture-with-memory","status":"publish","type":"product","link":"https:\/\/www.blaubookshop.com\/en\/product\/teresa-nunes-da-ponte-architecture-with-memory\/","title":{"rendered":"Teresa Nunes da Ponte &#8211; Architecture with memory"},"content":{"rendered":"<p>&#8220;Um patrim\u00f3nio para um futuro sustent\u00e1vel. Arquitetura de resist\u00eancia, sabiamente situada entre o an\u00f3nimoe o po\u00e9tico, funda-se numa posi\u00e7\u00e3o de relativo distanciamento das correntes mais divulgadas, procurando uma sobreposi\u00e7\u00e3o entre as invariantes da arquitetura portuguesa, o sentido dos lugares e os valores genu\u00ednos da circunst\u00e2ncia que envolve a interven\u00e7\u00e3o arquitet\u00f3nica, conseguindo integrar a heran\u00e7a do passado em projetos claramente ancorados no presente: \u00e9 essa a medida da integridade e da ess\u00eancia da forma arquitet\u00f3nica.A produ\u00e7\u00e3o arquitet\u00f3nica de Teresa Nunes da Ponte confirma essa procura tranquila, persistente, incessante de uma l\u00f3gica de rigorosa normalidade, apoiada na consist\u00eancia de uma verdade construtiva, que, por isso mesmo, se aproxima do po\u00e9tico e atinge uma dimens\u00e3o atemporal.Deste modo, quando falamos da integra\u00e7\u00e3o de uma heran\u00e7a patrimonial, essa convoca\u00e7\u00e3o \u00e9 realizada n\u00e3o tanto por mimetismo, mas sobretudo como confirma\u00e7\u00e3o tranquilizadora de uma compet\u00eancia de edificar, construindo em continuidade um presente contempor\u00e2neo. Para continuar o timbre de pragmatismo que caracteriza a melhor arquitetura portuguesa de sempre.\u201d<\/p>\n<p>Ana Tost\u00f5es<\/p>","protected":false},"excerpt":{"rendered":"<p>Jos\u00e9 Manuel das Neves (ed.)<br \/>\n9789898875365<br \/>\nUzina Books<br \/>\nCapa dura, 280 pp, 23 x 28,7 cm<br \/>\nBilingue portugu\u00eas e ingl\u00eas<br \/>\n25\/11\/2023<\/p>","protected":false},"featured_media":6148,"template":"","meta":{"ocean_post_layout":"","ocean_both_sidebars_style":"","ocean_both_sidebars_content_width":0,"ocean_both_sidebars_sidebars_width":0,"ocean_sidebar":"0","ocean_second_sidebar":"0","ocean_disable_margins":"enable","ocean_add_body_class":"","ocean_shortcode_before_top_bar":"","ocean_shortcode_after_top_bar":"","ocean_shortcode_before_header":"","ocean_shortcode_after_header":"","ocean_has_shortcode":"","ocean_shortcode_after_title":"","ocean_shortcode_before_footer_widgets":"","ocean_shortcode_after_footer_widgets":"","ocean_shortcode_before_footer_bottom":"","ocean_shortcode_after_footer_bottom":"","ocean_display_top_bar":"default","ocean_display_header":"default","ocean_header_style":"","ocean_center_header_left_menu":"0","ocean_custom_header_template":"0","ocean_custom_logo":0,"ocean_custom_retina_logo":0,"ocean_custom_logo_max_width":0,"ocean_custom_logo_tablet_max_width":0,"ocean_custom_logo_mobile_max_width":0,"ocean_custom_logo_max_height":0,"ocean_custom_logo_tablet_max_height":0,"ocean_custom_logo_mobile_max_height":0,"ocean_header_custom_menu":"0","ocean_menu_typo_font_family":"0","ocean_menu_typo_font_subset":"","ocean_menu_typo_font_size":0,"ocean_menu_typo_font_size_tablet":0,"ocean_menu_typo_font_size_mobile":0,"ocean_menu_typo_font_size_unit":"px","ocean_menu_typo_font_weight":"","ocean_menu_typo_font_weight_tablet":"","ocean_menu_typo_font_weight_mobile":"","ocean_menu_typo_transform":"","ocean_menu_typo_transform_tablet":"","ocean_menu_typo_transform_mobile":"","ocean_menu_typo_line_height":0,"ocean_menu_typo_line_height_tablet":0,"ocean_menu_typo_line_height_mobile":0,"ocean_menu_typo_line_height_unit":"","ocean_menu_typo_spacing":0,"ocean_menu_typo_spacing_tablet":0,"ocean_menu_typo_spacing_mobile":0,"ocean_menu_typo_spacing_unit":"","ocean_menu_link_color":"","ocean_menu_link_color_hover":"","ocean_menu_link_color_active":"","ocean_menu_link_background":"","ocean_menu_link_hover_background":"","ocean_menu_link_active_background":"","ocean_menu_social_links_bg":"","ocean_menu_social_hover_links_bg":"","ocean_menu_social_links_color":"","ocean_menu_social_hover_links_color":"","ocean_disable_title":"default","ocean_disable_heading":"default","ocean_post_title":"","ocean_post_subheading":"","ocean_post_title_style":"","ocean_post_title_background_color":"","ocean_post_title_background":0,"ocean_post_title_bg_image_position":"","ocean_post_title_bg_image_attachment":"","ocean_post_title_bg_image_repeat":"","ocean_post_title_bg_image_size":"","ocean_post_title_height":0,"ocean_post_title_bg_overlay":0.5,"ocean_post_title_bg_overlay_color":"","ocean_disable_breadcrumbs":"default","ocean_breadcrumbs_color":"","ocean_breadcrumbs_separator_color":"","ocean_breadcrumbs_links_color":"","ocean_breadcrumbs_links_hover_color":"","ocean_display_footer_widgets":"default","ocean_display_footer_bottom":"default","ocean_custom_footer_template":"0"},"product_brand":[],"product_cat":[110,206,72,52,71,51],"product_tag":[],"class_list":{"0":"post-6147","1":"product","2":"type-product","3":"status-publish","4":"has-post-thumbnail","6":"product_cat-arquitectos","7":"product_cat-arquitectos-arquitectura-uk","8":"product_cat-arquitectura-uk","9":"product_cat-arquitectura-pt","10":"product_cat-livros-em-ingles","11":"product_cat-livros-em-portugues-pt","13":"entry","14":"has-media","16":"first","17":"instock","18":"sale","19":"taxable","20":"shipping-taxable","21":"purchasable","22":"product-type-simple","23":"col","24":"span_1_of_3","25":"owp-content-left","26":"owp-thumbs-layout-horizontal","27":"owp-btn-normal","28":"owp-tabs-layout-horizontal","29":"has-no-thumbnails","30":"circle-sale"},"_links":{"self":[{"href":"https:\/\/www.blaubookshop.com\/en\/wp-json\/wp\/v2\/product\/6147","targetHints":{"allow":["GET"]}}],"collection":[{"href":"https:\/\/www.blaubookshop.com\/en\/wp-json\/wp\/v2\/product"}],"about":[{"href":"https:\/\/www.blaubookshop.com\/en\/wp-json\/wp\/v2\/types\/product"}],"version-history":[{"count":1,"href":"https:\/\/www.blaubookshop.com\/en\/wp-json\/wp\/v2\/product\/6147\/revisions"}],"predecessor-version":[{"id":6149,"href":"https:\/\/www.blaubookshop.com\/en\/wp-json\/wp\/v2\/product\/6147\/revisions\/6149"}],"wp:featuredmedia":[{"embeddable":true,"href":"https:\/\/www.blaubookshop.com\/en\/wp-json\/wp\/v2\/media\/6148"}],"wp:attachment":[{"href":"https:\/\/www.blaubookshop.com\/en\/wp-json\/wp\/v2\/media?parent=6147"}],"wp:term":[{"taxonomy":"product_brand","embeddable":true,"href":"https:\/\/www.blaubookshop.com\/en\/wp-json\/wp\/v2\/product_brand?post=6147"},{"taxonomy":"product_cat","embeddable":true,"href":"https:\/\/www.blaubookshop.com\/en\/wp-json\/wp\/v2\/product_cat?post=6147"},{"taxonomy":"product_tag","embeddable":true,"href":"https:\/\/www.blaubookshop.com\/en\/wp-json\/wp\/v2\/product_tag?post=6147"}],"curies":[{"name":"wp","href":"https:\/\/api.w.org\/{rel}","templated":true}]}}