{"id":6172,"date":"2024-08-22T22:40:59","date_gmt":"2024-08-22T22:40:59","guid":{"rendered":"https:\/\/www.blaubookshop.com\/?post_type=product&#038;p=6172"},"modified":"2024-08-23T15:47:29","modified_gmt":"2024-08-23T15:47:29","slug":"mies-van-der-rohe-barcelona-1929","status":"publish","type":"product","link":"https:\/\/www.blaubookshop.com\/en\/product\/mies-van-der-rohe-barcelona-1929\/","title":{"rendered":"Mies van der Rohe: Barcelona 1929"},"content":{"rendered":"<p>This volume addresses for the first time the forgotten contexts of the Barcelona Pavilion\u2019s genesis. Habitually thought of as an abstract and isolated building, it is revealed here as a thoroughly European work, perhaps less pristine but more authentic.<\/p>\n<p>The expert contributors to this volume, devoted entirely to Mies van der Rohe\u2019s Barcelona Pavilion of 1929, address here for the first time the forgotten contexts of the Pavilion\u2019s genesis. Habitually thought of as an abstract, unpolluted and splendidly isolated building, a precursor of Mies\u2019s American period, the Pavilion is revealed here as a thoroughly European work, perhaps less pristine but more authentic.<\/p>\n<p>Crucial to this analysis is an understanding of the immediate context, the Barcelona International Exposition. Planned as a mass spectacle in the city with the most convulsive working class in Spain, the Exposition was a propaganda exercise by the Primo de Rivera dictatorship in which the German Republic was the guest of honor. For the first time since the Great War, Germany was taking part in an international event, and needed to present itself as a thoroughly reconstructed state. Mies and Lilly Reich were commissioned to design not only the Pavilion but also a total of over one hundred thousand square feet of German stands spread throughout the Exposition, whose detailed analysis invites a far-reaching reinterpretation of the whole.<\/p>\n<p>More familiar but equally central is the question of the Pavilion\u2019s connections with the mass media: the circumstances of its scant presence in the architectural journals and trade press, its a posteriori importance as a manifesto, and Mies\u2019s relationship with the avant-garde cinema of the moment.<\/p>\n<p>From an approach closer to the history of architecture, the study of the national pavilions and commercial stands sheds light on the Barcelona Pavilion\u2019s antecedents. The interpretation of the Miesian grid in the light of the botany books in his library gives fresh insight into Mies\u2019s intellectual interests, and together with a brilliant disquisition on the idea of \u200b\u200bthe classical in architecture completes this reappraisal of the Pavilion itself and of the construction culture which made it possible.<\/p>\n<p>Finally, thirty years on from the reconstruction of the Barcelona Pavilion, these timely and pertinent philosophical reflections on original and copy provide new tools with which to engage the architectural heritage and the actual building in Barcelona.<\/p>","protected":false},"excerpt":{"rendered":"<p>Remei Capdevila-Werning, Beatriz Colomina, Juan Jos\u00e9 Lahuerta, Laura Mart\u00ednez de Guere\u00f1u, Dietrich Neumann, Fritz Neumeyer, Spyros Papapetros, Lutz Robbers, Carmen Rodr\u00edguez Pedret<br \/>\nISBN: 9788494423420<br \/>\nEditorial Tenov<br \/>\nCapa dura, 256 pp, 22 x 28 cm<br \/>\nEnglish<br \/>\n2018<\/p>","protected":false},"featured_media":6216,"template":"","meta":{"ocean_post_layout":"","ocean_both_sidebars_style":"","ocean_both_sidebars_content_width":0,"ocean_both_sidebars_sidebars_width":0,"ocean_sidebar":"0","ocean_second_sidebar":"0","ocean_disable_margins":"enable","ocean_add_body_class":"","ocean_shortcode_before_top_bar":"","ocean_shortcode_after_top_bar":"","ocean_shortcode_before_header":"","ocean_shortcode_after_header":"","ocean_has_shortcode":"","ocean_shortcode_after_title":"","ocean_shortcode_before_footer_widgets":"","ocean_shortcode_after_footer_widgets":"","ocean_shortcode_before_footer_bottom":"","ocean_shortcode_after_footer_bottom":"","ocean_display_top_bar":"default","ocean_display_header":"default","ocean_header_style":"","ocean_center_header_left_menu":"0","ocean_custom_header_template":"0","ocean_custom_logo":0,"ocean_custom_retina_logo":0,"ocean_custom_logo_max_width":0,"ocean_custom_logo_tablet_max_width":0,"ocean_custom_logo_mobile_max_width":0,"ocean_custom_logo_max_height":0,"ocean_custom_logo_tablet_max_height":0,"ocean_custom_logo_mobile_max_height":0,"ocean_header_custom_menu":"0","ocean_menu_typo_font_family":"0","ocean_menu_typo_font_subset":"","ocean_menu_typo_font_size":0,"ocean_menu_typo_font_size_tablet":0,"ocean_menu_typo_font_size_mobile":0,"ocean_menu_typo_font_size_unit":"px","ocean_menu_typo_font_weight":"","ocean_menu_typo_font_weight_tablet":"","ocean_menu_typo_font_weight_mobile":"","ocean_menu_typo_transform":"","ocean_menu_typo_transform_tablet":"","ocean_menu_typo_transform_mobile":"","ocean_menu_typo_line_height":0,"ocean_menu_typo_line_height_tablet":0,"ocean_menu_typo_line_height_mobile":0,"ocean_menu_typo_line_height_unit":"","ocean_menu_typo_spacing":0,"ocean_menu_typo_spacing_tablet":0,"ocean_menu_typo_spacing_mobile":0,"ocean_menu_typo_spacing_unit":"","ocean_menu_link_color":"","ocean_menu_link_color_hover":"","ocean_menu_link_color_active":"","ocean_menu_link_background":"","ocean_menu_link_hover_background":"","ocean_menu_link_active_background":"","ocean_menu_social_links_bg":"","ocean_menu_social_hover_links_bg":"","ocean_menu_social_links_color":"","ocean_menu_social_hover_links_color":"","ocean_disable_title":"default","ocean_disable_heading":"default","ocean_post_title":"","ocean_post_subheading":"","ocean_post_title_style":"","ocean_post_title_background_color":"","ocean_post_title_background":0,"ocean_post_title_bg_image_position":"","ocean_post_title_bg_image_attachment":"","ocean_post_title_bg_image_repeat":"","ocean_post_title_bg_image_size":"","ocean_post_title_height":0,"ocean_post_title_bg_overlay":0.5,"ocean_post_title_bg_overlay_color":"","ocean_disable_breadcrumbs":"default","ocean_breadcrumbs_color":"","ocean_breadcrumbs_separator_color":"","ocean_breadcrumbs_links_color":"","ocean_breadcrumbs_links_hover_color":"","ocean_display_footer_widgets":"default","ocean_display_footer_bottom":"default","ocean_custom_footer_template":"0"},"product_brand":[],"product_cat":[303,307,206,72,71],"product_tag":[],"class_list":{"0":"post-6172","1":"product","2":"type-product","3":"status-publish","4":"has-post-thumbnail","6":"product_cat-arquitectos-arquitectura-uk-livros-em-ingles","7":"product_cat-ensaios-arquitectura-uk-livros-em-ingles","8":"product_cat-arquitectos-arquitectura-uk","9":"product_cat-arquitectura-uk","10":"product_cat-livros-em-ingles","12":"entry","13":"has-media","15":"first","16":"instock","17":"sale","18":"taxable","19":"shipping-taxable","20":"purchasable","21":"product-type-simple","22":"col","23":"span_1_of_3","24":"owp-content-left","25":"owp-thumbs-layout-horizontal","26":"owp-btn-normal","27":"owp-tabs-layout-horizontal","28":"has-no-thumbnails","29":"circle-sale"},"_links":{"self":[{"href":"https:\/\/www.blaubookshop.com\/en\/wp-json\/wp\/v2\/product\/6172","targetHints":{"allow":["GET"]}}],"collection":[{"href":"https:\/\/www.blaubookshop.com\/en\/wp-json\/wp\/v2\/product"}],"about":[{"href":"https:\/\/www.blaubookshop.com\/en\/wp-json\/wp\/v2\/types\/product"}],"version-history":[{"count":3,"href":"https:\/\/www.blaubookshop.com\/en\/wp-json\/wp\/v2\/product\/6172\/revisions"}],"predecessor-version":[{"id":6218,"href":"https:\/\/www.blaubookshop.com\/en\/wp-json\/wp\/v2\/product\/6172\/revisions\/6218"}],"wp:featuredmedia":[{"embeddable":true,"href":"https:\/\/www.blaubookshop.com\/en\/wp-json\/wp\/v2\/media\/6216"}],"wp:attachment":[{"href":"https:\/\/www.blaubookshop.com\/en\/wp-json\/wp\/v2\/media?parent=6172"}],"wp:term":[{"taxonomy":"product_brand","embeddable":true,"href":"https:\/\/www.blaubookshop.com\/en\/wp-json\/wp\/v2\/product_brand?post=6172"},{"taxonomy":"product_cat","embeddable":true,"href":"https:\/\/www.blaubookshop.com\/en\/wp-json\/wp\/v2\/product_cat?post=6172"},{"taxonomy":"product_tag","embeddable":true,"href":"https:\/\/www.blaubookshop.com\/en\/wp-json\/wp\/v2\/product_tag?post=6172"}],"curies":[{"name":"wp","href":"https:\/\/api.w.org\/{rel}","templated":true}]}}