{"id":6181,"date":"2024-08-23T12:36:41","date_gmt":"2024-08-23T12:36:41","guid":{"rendered":"https:\/\/www.blaubookshop.com\/?post_type=product&#038;p=6181"},"modified":"2024-08-30T19:15:43","modified_gmt":"2024-08-30T19:15:43","slug":"jose-forjazpensar-arquitectura","status":"publish","type":"product","link":"https:\/\/www.blaubookshop.com\/en\/product\/jose-forjazpensar-arquitectura\/","title":{"rendered":"Jos\u00e9 Forjaz: Pensar Arquitectura"},"content":{"rendered":"<p><span class=\"metafield-multi_line_text_field\">Depois de uma penosa selec\u00e7\u00e3o de textos a publicar para cumprir as inten\u00e7\u00f5es deste livro ficou-me uma d\u00favida preocupante: ser\u00e1 que consegui dar uma ideia, ainda que apenas esbo\u00e7ada, sobre o que \u00e9 arquitectura? e de como \u00e9 que ela se faz?<br \/>\nTeria isso algum interesse para os mais jovens e para provocar debate entre iniciados?<\/span><\/p>\n<p>Ao longo destes textos, tentei transmitir a import\u00e2ncia dos factores sociais, ambientais e pol\u00edticos na constru\u00e7\u00e3o de atitudes e de estrat\u00e9gias para equacionar correctamente o processo conceptual em projectos de arquitectura. Exagerei, at\u00e9, ou sobrevalorizei a import\u00e2ncia desses factores mas, se o fiz, foi por sentir que a literatura corrente n\u00e3o lhes atribui a devida import\u00e2ncia.<\/p>\n<p>Como \u00faltima reflex\u00e3o, e talvez a mais dif\u00edcil, arrisco agora ideias que, embora impl\u00edcitas no que atr\u00e1s vai proposto, poder\u00e3o fazer sentido como consequ\u00eancia e remate dos temas tratados.<\/p>\n<p>Abro, assim, este chocalhar de ideias, a essa quest\u00e3o, mais l\u00f3gica que maliciosa:<br \/>\nComo se faz arquitectura?<\/p>\n<p>(&#8230;) in Posf\u00e1cio<\/p>","protected":false},"excerpt":{"rendered":"<p><span class=\"metafield-multi_line_text_field\">Jos\u00e9 Forjaz<\/span><br \/>\n<span class=\"metafield-multi_line_text_field\">9789896585044<\/span><br \/>\nCaleidosc\u00f3pio<br \/>\nCapa dura, 442 pp, 21,5 x 24,6 cm<br \/>\nPortuguese<br \/>\n2018<\/p>","protected":false},"featured_media":6210,"template":"","meta":{"ocean_post_layout":"","ocean_both_sidebars_style":"","ocean_both_sidebars_content_width":0,"ocean_both_sidebars_sidebars_width":0,"ocean_sidebar":"0","ocean_second_sidebar":"0","ocean_disable_margins":"enable","ocean_add_body_class":"","ocean_shortcode_before_top_bar":"","ocean_shortcode_after_top_bar":"","ocean_shortcode_before_header":"","ocean_shortcode_after_header":"","ocean_has_shortcode":"","ocean_shortcode_after_title":"","ocean_shortcode_before_footer_widgets":"","ocean_shortcode_after_footer_widgets":"","ocean_shortcode_before_footer_bottom":"","ocean_shortcode_after_footer_bottom":"","ocean_display_top_bar":"default","ocean_display_header":"default","ocean_header_style":"","ocean_center_header_left_menu":"0","ocean_custom_header_template":"0","ocean_custom_logo":0,"ocean_custom_retina_logo":0,"ocean_custom_logo_max_width":0,"ocean_custom_logo_tablet_max_width":0,"ocean_custom_logo_mobile_max_width":0,"ocean_custom_logo_max_height":0,"ocean_custom_logo_tablet_max_height":0,"ocean_custom_logo_mobile_max_height":0,"ocean_header_custom_menu":"0","ocean_menu_typo_font_family":"0","ocean_menu_typo_font_subset":"","ocean_menu_typo_font_size":0,"ocean_menu_typo_font_size_tablet":0,"ocean_menu_typo_font_size_mobile":0,"ocean_menu_typo_font_size_unit":"px","ocean_menu_typo_font_weight":"","ocean_menu_typo_font_weight_tablet":"","ocean_menu_typo_font_weight_mobile":"","ocean_menu_typo_transform":"","ocean_menu_typo_transform_tablet":"","ocean_menu_typo_transform_mobile":"","ocean_menu_typo_line_height":0,"ocean_menu_typo_line_height_tablet":0,"ocean_menu_typo_line_height_mobile":0,"ocean_menu_typo_line_height_unit":"","ocean_menu_typo_spacing":0,"ocean_menu_typo_spacing_tablet":0,"ocean_menu_typo_spacing_mobile":0,"ocean_menu_typo_spacing_unit":"","ocean_menu_link_color":"","ocean_menu_link_color_hover":"","ocean_menu_link_color_active":"","ocean_menu_link_background":"","ocean_menu_link_hover_background":"","ocean_menu_link_active_background":"","ocean_menu_social_links_bg":"","ocean_menu_social_hover_links_bg":"","ocean_menu_social_links_color":"","ocean_menu_social_hover_links_color":"","ocean_disable_title":"default","ocean_disable_heading":"default","ocean_post_title":"","ocean_post_subheading":"","ocean_post_title_style":"","ocean_post_title_background_color":"","ocean_post_title_background":0,"ocean_post_title_bg_image_position":"","ocean_post_title_bg_image_attachment":"","ocean_post_title_bg_image_repeat":"","ocean_post_title_bg_image_size":"","ocean_post_title_height":0,"ocean_post_title_bg_overlay":0.5,"ocean_post_title_bg_overlay_color":"","ocean_disable_breadcrumbs":"default","ocean_breadcrumbs_color":"","ocean_breadcrumbs_separator_color":"","ocean_breadcrumbs_links_color":"","ocean_breadcrumbs_links_hover_color":"","ocean_display_footer_widgets":"default","ocean_display_footer_bottom":"default","ocean_custom_footer_template":"0"},"product_brand":[],"product_cat":[110,52,51],"product_tag":[],"class_list":{"0":"post-6181","1":"product","2":"type-product","3":"status-publish","4":"has-post-thumbnail","6":"product_cat-arquitectos","7":"product_cat-arquitectura-pt","8":"product_cat-livros-em-portugues-pt","10":"entry","11":"has-media","13":"first","14":"instock","15":"sale","16":"taxable","17":"shipping-taxable","18":"purchasable","19":"product-type-simple","20":"col","21":"span_1_of_3","22":"owp-content-left","23":"owp-thumbs-layout-horizontal","24":"owp-btn-normal","25":"owp-tabs-layout-horizontal","26":"has-no-thumbnails","27":"circle-sale"},"_links":{"self":[{"href":"https:\/\/www.blaubookshop.com\/en\/wp-json\/wp\/v2\/product\/6181","targetHints":{"allow":["GET"]}}],"collection":[{"href":"https:\/\/www.blaubookshop.com\/en\/wp-json\/wp\/v2\/product"}],"about":[{"href":"https:\/\/www.blaubookshop.com\/en\/wp-json\/wp\/v2\/types\/product"}],"version-history":[{"count":3,"href":"https:\/\/www.blaubookshop.com\/en\/wp-json\/wp\/v2\/product\/6181\/revisions"}],"predecessor-version":[{"id":6184,"href":"https:\/\/www.blaubookshop.com\/en\/wp-json\/wp\/v2\/product\/6181\/revisions\/6184"}],"wp:featuredmedia":[{"embeddable":true,"href":"https:\/\/www.blaubookshop.com\/en\/wp-json\/wp\/v2\/media\/6210"}],"wp:attachment":[{"href":"https:\/\/www.blaubookshop.com\/en\/wp-json\/wp\/v2\/media?parent=6181"}],"wp:term":[{"taxonomy":"product_brand","embeddable":true,"href":"https:\/\/www.blaubookshop.com\/en\/wp-json\/wp\/v2\/product_brand?post=6181"},{"taxonomy":"product_cat","embeddable":true,"href":"https:\/\/www.blaubookshop.com\/en\/wp-json\/wp\/v2\/product_cat?post=6181"},{"taxonomy":"product_tag","embeddable":true,"href":"https:\/\/www.blaubookshop.com\/en\/wp-json\/wp\/v2\/product_tag?post=6181"}],"curies":[{"name":"wp","href":"https:\/\/api.w.org\/{rel}","templated":true}]}}