{"id":6320,"date":"2024-09-04T08:30:50","date_gmt":"2024-09-04T08:30:50","guid":{"rendered":"https:\/\/www.blaubookshop.com\/?post_type=product&#038;p=6320"},"modified":"2024-09-04T14:52:25","modified_gmt":"2024-09-04T14:52:25","slug":"fernando-tavora-as-raizes-e-os-frutos-palavra-desenho-obra-1937-2001-tomo-1-1-meu-caso-arquitectura-imperativo-etico-do-ser-1937-1947","status":"publish","type":"product","link":"https:\/\/www.blaubookshop.com\/en\/product\/fernando-tavora-as-raizes-e-os-frutos-palavra-desenho-obra-1937-2001-tomo-1-1-meu-caso-arquitectura-imperativo-etico-do-ser-1937-1947\/","title":{"rendered":"Fernando T\u00e1vora  &#8211; As Ra\u00edzes e os Frutos: palavra desenho obra, 1937-2001 &#8211; Tomo 1.1 &#8220;O meu caso&#8221; Arquitectura, imperativo \u00e9tico do ser"},"content":{"rendered":"<div class=\"description typography\">Com a publica\u00e7\u00e3o dos dois t\u00edtulos &#8211;\u00a0 tomos I.I e I.II e <strong>D\u00b4os <em>meus<\/em> livros<\/strong> fica conclu\u00edda a 1.\u00aa parte do 1.\u00ba volume do projeto editorial <em>Fernando T\u00e1vora. As Ra\u00edzes e os Frutos . palavra desenho <\/em>obra. Com investiga\u00e7\u00e3o, organiza\u00e7\u00e3o e notas de Manuel Mendes, neles se vai revelando um jovem T\u00e1vora em tempo de identifica\u00e7\u00e3o com a sua voca\u00e7\u00e3o. <strong><em>O meu caso<\/em>.<\/strong>\u00a0<span class=\"texto\"><strong>Arquitectura, imperativo \u00e9tico do ser 1937-1947<\/strong><\/span> <span class=\"texto\">inclui ainda uma &#8220;Introdu\u00e7\u00e3o&#8221; de Manuel Mendes respeitante ao todo do projeto editorial, nela percorrendo a linha do tempo desta &#8220;idea\u00e7\u00e3o&#8221; de Fernando T\u00e1vora, as v\u00e1rias aproxima\u00e7\u00f5es a esta &#8220;sonha\u00e7\u00e3o&#8221;, a evolu\u00e7\u00e3o do estudo, investiga\u00e7\u00e3o e arquitetura editoral, a identifica\u00e7\u00e3o das v\u00e1rias fases, prioridades, const\u00e2ncias e varia\u00e7\u00f5es de problem\u00e1ticas na forma\u00e7\u00e3o e pensamento de Fernando T\u00e1vora, a natureza e extens\u00e3o do horizonte de trabalho, e se faz a apresenta\u00e7\u00e3o do &#8220;plano da obra&#8221;. Em<\/span> <strong>D\u00b4os <em>meus<\/em> livros<\/strong>, anexo do tomo I.II<span class=\"texto\">, d\u00e1-se<\/span><span class=\"texto\"> conhecimento de parte importante da bibliografia adquirida e trabalhada por Fernando T\u00e1vora no seu movimento formativo entre 1941 e 1946. Leituras que decorrem do seu \u00abprocesso de tudo conhecer, de tudo esclarecer, de tudo relacionar neste tempo de clarifica\u00e7\u00e3o compreensiva de moderno, de Portugal, de arquitectura &#8211; de si e do outro\u00bb.<br \/>\n<\/span><\/div>","protected":false},"excerpt":{"rendered":"<p>Manuel Mendes (coord.)<br \/>\n9789899985254<br \/>\nFunda\u00e7\u00e3o Marques da Silva<br \/>\nCapa dura, 737 pp, 18,8 x 23,2 cm<br \/>\nPortuguese<br \/>\n2020<\/p>\n<p>Livro de livraria absolutamente novo, mas com a sobrecapa manuseada<\/p>","protected":false},"featured_media":6402,"template":"","meta":{"ocean_post_layout":"","ocean_both_sidebars_style":"","ocean_both_sidebars_content_width":0,"ocean_both_sidebars_sidebars_width":0,"ocean_sidebar":"0","ocean_second_sidebar":"0","ocean_disable_margins":"enable","ocean_add_body_class":"","ocean_shortcode_before_top_bar":"","ocean_shortcode_after_top_bar":"","ocean_shortcode_before_header":"","ocean_shortcode_after_header":"","ocean_has_shortcode":"","ocean_shortcode_after_title":"","ocean_shortcode_before_footer_widgets":"","ocean_shortcode_after_footer_widgets":"","ocean_shortcode_before_footer_bottom":"","ocean_shortcode_after_footer_bottom":"","ocean_display_top_bar":"default","ocean_display_header":"default","ocean_header_style":"","ocean_center_header_left_menu":"0","ocean_custom_header_template":"0","ocean_custom_logo":0,"ocean_custom_retina_logo":0,"ocean_custom_logo_max_width":0,"ocean_custom_logo_tablet_max_width":0,"ocean_custom_logo_mobile_max_width":0,"ocean_custom_logo_max_height":0,"ocean_custom_logo_tablet_max_height":0,"ocean_custom_logo_mobile_max_height":0,"ocean_header_custom_menu":"0","ocean_menu_typo_font_family":"0","ocean_menu_typo_font_subset":"","ocean_menu_typo_font_size":0,"ocean_menu_typo_font_size_tablet":0,"ocean_menu_typo_font_size_mobile":0,"ocean_menu_typo_font_size_unit":"px","ocean_menu_typo_font_weight":"","ocean_menu_typo_font_weight_tablet":"","ocean_menu_typo_font_weight_mobile":"","ocean_menu_typo_transform":"","ocean_menu_typo_transform_tablet":"","ocean_menu_typo_transform_mobile":"","ocean_menu_typo_line_height":0,"ocean_menu_typo_line_height_tablet":0,"ocean_menu_typo_line_height_mobile":0,"ocean_menu_typo_line_height_unit":"","ocean_menu_typo_spacing":0,"ocean_menu_typo_spacing_tablet":0,"ocean_menu_typo_spacing_mobile":0,"ocean_menu_typo_spacing_unit":"","ocean_menu_link_color":"","ocean_menu_link_color_hover":"","ocean_menu_link_color_active":"","ocean_menu_link_background":"","ocean_menu_link_hover_background":"","ocean_menu_link_active_background":"","ocean_menu_social_links_bg":"","ocean_menu_social_hover_links_bg":"","ocean_menu_social_links_color":"","ocean_menu_social_hover_links_color":"","ocean_disable_title":"default","ocean_disable_heading":"default","ocean_post_title":"","ocean_post_subheading":"","ocean_post_title_style":"","ocean_post_title_background_color":"","ocean_post_title_background":0,"ocean_post_title_bg_image_position":"","ocean_post_title_bg_image_attachment":"","ocean_post_title_bg_image_repeat":"","ocean_post_title_bg_image_size":"","ocean_post_title_height":0,"ocean_post_title_bg_overlay":0.5,"ocean_post_title_bg_overlay_color":"","ocean_disable_breadcrumbs":"default","ocean_breadcrumbs_color":"","ocean_breadcrumbs_separator_color":"","ocean_breadcrumbs_links_color":"","ocean_breadcrumbs_links_hover_color":"","ocean_display_footer_widgets":"default","ocean_display_footer_bottom":"default","ocean_custom_footer_template":"0"},"product_brand":[],"product_cat":[110,52,199,51],"product_tag":[],"class_list":{"0":"post-6320","1":"product","2":"type-product","3":"status-publish","4":"has-post-thumbnail","6":"product_cat-arquitectos","7":"product_cat-arquitectura-pt","8":"product_cat-colectaneas","9":"product_cat-livros-em-portugues-pt","11":"entry","12":"has-media","14":"first","15":"instock","16":"sale","17":"taxable","18":"shipping-taxable","19":"purchasable","20":"product-type-simple","21":"col","22":"span_1_of_3","23":"owp-content-left","24":"owp-thumbs-layout-horizontal","25":"owp-btn-normal","26":"owp-tabs-layout-horizontal","27":"has-no-thumbnails","28":"circle-sale"},"_links":{"self":[{"href":"https:\/\/www.blaubookshop.com\/en\/wp-json\/wp\/v2\/product\/6320","targetHints":{"allow":["GET"]}}],"collection":[{"href":"https:\/\/www.blaubookshop.com\/en\/wp-json\/wp\/v2\/product"}],"about":[{"href":"https:\/\/www.blaubookshop.com\/en\/wp-json\/wp\/v2\/types\/product"}],"version-history":[{"count":4,"href":"https:\/\/www.blaubookshop.com\/en\/wp-json\/wp\/v2\/product\/6320\/revisions"}],"predecessor-version":[{"id":6322,"href":"https:\/\/www.blaubookshop.com\/en\/wp-json\/wp\/v2\/product\/6320\/revisions\/6322"}],"wp:featuredmedia":[{"embeddable":true,"href":"https:\/\/www.blaubookshop.com\/en\/wp-json\/wp\/v2\/media\/6402"}],"wp:attachment":[{"href":"https:\/\/www.blaubookshop.com\/en\/wp-json\/wp\/v2\/media?parent=6320"}],"wp:term":[{"taxonomy":"product_brand","embeddable":true,"href":"https:\/\/www.blaubookshop.com\/en\/wp-json\/wp\/v2\/product_brand?post=6320"},{"taxonomy":"product_cat","embeddable":true,"href":"https:\/\/www.blaubookshop.com\/en\/wp-json\/wp\/v2\/product_cat?post=6320"},{"taxonomy":"product_tag","embeddable":true,"href":"https:\/\/www.blaubookshop.com\/en\/wp-json\/wp\/v2\/product_tag?post=6320"}],"curies":[{"name":"wp","href":"https:\/\/api.w.org\/{rel}","templated":true}]}}