{"id":6326,"date":"2024-09-04T08:51:16","date_gmt":"2024-09-04T08:51:16","guid":{"rendered":"https:\/\/www.blaubookshop.com\/?post_type=product&#038;p=6326"},"modified":"2024-09-04T14:49:43","modified_gmt":"2024-09-04T14:49:43","slug":"arquitecturas-teoria-e-desenho-investigacao-e-projecto","status":"publish","type":"product","link":"https:\/\/www.blaubookshop.com\/en\/product\/arquitecturas-teoria-e-desenho-investigacao-e-projecto\/","title":{"rendered":"Arquitectura(s) : teoria e desenho, investiga\u00e7\u00e3o e projecto"},"content":{"rendered":"<div class=\"description typography\">Na figura de \u2018sistema-radicular ou raiz fasciculada\u2019 que \u00e9 a deste livro, o corpo de textos (respeitando as vers\u00f5es originais, com pequenos ajustamentos decorrentes da montagem) aceita repeti\u00e7\u00f5es e\/ou sobreposi\u00e7\u00f5es, densidades vari\u00e1veis, banaliza\u00e7\u00f5es prerrogativas, seguindo uma ordena\u00e7\u00e3o mais tem\u00e1tica que cronol\u00f3gica, uma arruma\u00e7\u00e3o mais topol\u00f3gica que tipol\u00f3gica. O volume I liga-se \u00e0 investiga\u00e7\u00e3o de um modelo te\u00f3rico que fosse permitindo perspectivar uma anal\u00edtica da arquitectura enquanto desenho e des\u00edgnio, m\u00e9todo e projecto, ensaiando sobre a import\u00e2ncia das cidades para a arquitectura, as rela\u00e7\u00f5es entre a forma da arquitectura e o urbano, entre linguagem e comunica\u00e7\u00e3o &#8211; estrutura, sistema, processo. (\u2026)<\/div>","protected":false},"excerpt":{"rendered":"<p>Nuno Portas<br \/>\n9789729483714<br \/>\nFaup Publica\u00e7\u00f5es<br \/>\nBrochura, 498 pp, 14,7 x 22 cm<br \/>\nPortuguese<br \/>\n2005<\/p>","protected":false},"featured_media":6401,"template":"","meta":{"ocean_post_layout":"","ocean_both_sidebars_style":"","ocean_both_sidebars_content_width":0,"ocean_both_sidebars_sidebars_width":0,"ocean_sidebar":"0","ocean_second_sidebar":"0","ocean_disable_margins":"enable","ocean_add_body_class":"","ocean_shortcode_before_top_bar":"","ocean_shortcode_after_top_bar":"","ocean_shortcode_before_header":"","ocean_shortcode_after_header":"","ocean_has_shortcode":"","ocean_shortcode_after_title":"","ocean_shortcode_before_footer_widgets":"","ocean_shortcode_after_footer_widgets":"","ocean_shortcode_before_footer_bottom":"","ocean_shortcode_after_footer_bottom":"","ocean_display_top_bar":"default","ocean_display_header":"default","ocean_header_style":"","ocean_center_header_left_menu":"0","ocean_custom_header_template":"0","ocean_custom_logo":0,"ocean_custom_retina_logo":0,"ocean_custom_logo_max_width":0,"ocean_custom_logo_tablet_max_width":0,"ocean_custom_logo_mobile_max_width":0,"ocean_custom_logo_max_height":0,"ocean_custom_logo_tablet_max_height":0,"ocean_custom_logo_mobile_max_height":0,"ocean_header_custom_menu":"0","ocean_menu_typo_font_family":"0","ocean_menu_typo_font_subset":"","ocean_menu_typo_font_size":0,"ocean_menu_typo_font_size_tablet":0,"ocean_menu_typo_font_size_mobile":0,"ocean_menu_typo_font_size_unit":"px","ocean_menu_typo_font_weight":"","ocean_menu_typo_font_weight_tablet":"","ocean_menu_typo_font_weight_mobile":"","ocean_menu_typo_transform":"","ocean_menu_typo_transform_tablet":"","ocean_menu_typo_transform_mobile":"","ocean_menu_typo_line_height":0,"ocean_menu_typo_line_height_tablet":0,"ocean_menu_typo_line_height_mobile":0,"ocean_menu_typo_line_height_unit":"","ocean_menu_typo_spacing":0,"ocean_menu_typo_spacing_tablet":0,"ocean_menu_typo_spacing_mobile":0,"ocean_menu_typo_spacing_unit":"","ocean_menu_link_color":"","ocean_menu_link_color_hover":"","ocean_menu_link_color_active":"","ocean_menu_link_background":"","ocean_menu_link_hover_background":"","ocean_menu_link_active_background":"","ocean_menu_social_links_bg":"","ocean_menu_social_hover_links_bg":"","ocean_menu_social_links_color":"","ocean_menu_social_hover_links_color":"","ocean_disable_title":"default","ocean_disable_heading":"default","ocean_post_title":"","ocean_post_subheading":"","ocean_post_title_style":"","ocean_post_title_background_color":"","ocean_post_title_background":0,"ocean_post_title_bg_image_position":"","ocean_post_title_bg_image_attachment":"","ocean_post_title_bg_image_repeat":"","ocean_post_title_bg_image_size":"","ocean_post_title_height":0,"ocean_post_title_bg_overlay":0.5,"ocean_post_title_bg_overlay_color":"","ocean_disable_breadcrumbs":"default","ocean_breadcrumbs_color":"","ocean_breadcrumbs_separator_color":"","ocean_breadcrumbs_links_color":"","ocean_breadcrumbs_links_hover_color":"","ocean_display_footer_widgets":"default","ocean_display_footer_bottom":"default","ocean_custom_footer_template":"0"},"product_brand":[],"product_cat":[52,199,51,196],"product_tag":[],"class_list":{"0":"post-6326","1":"product","2":"type-product","3":"status-publish","4":"has-post-thumbnail","6":"product_cat-arquitectura-pt","7":"product_cat-colectaneas","8":"product_cat-livros-em-portugues-pt","9":"product_cat-pensamento","11":"entry","12":"has-media","14":"first","15":"instock","16":"sale","17":"taxable","18":"shipping-taxable","19":"purchasable","20":"product-type-simple","21":"col","22":"span_1_of_3","23":"owp-content-left","24":"owp-thumbs-layout-horizontal","25":"owp-btn-normal","26":"owp-tabs-layout-horizontal","27":"has-no-thumbnails","28":"circle-sale"},"_links":{"self":[{"href":"https:\/\/www.blaubookshop.com\/en\/wp-json\/wp\/v2\/product\/6326","targetHints":{"allow":["GET"]}}],"collection":[{"href":"https:\/\/www.blaubookshop.com\/en\/wp-json\/wp\/v2\/product"}],"about":[{"href":"https:\/\/www.blaubookshop.com\/en\/wp-json\/wp\/v2\/types\/product"}],"version-history":[{"count":1,"href":"https:\/\/www.blaubookshop.com\/en\/wp-json\/wp\/v2\/product\/6326\/revisions"}],"predecessor-version":[{"id":6327,"href":"https:\/\/www.blaubookshop.com\/en\/wp-json\/wp\/v2\/product\/6326\/revisions\/6327"}],"wp:featuredmedia":[{"embeddable":true,"href":"https:\/\/www.blaubookshop.com\/en\/wp-json\/wp\/v2\/media\/6401"}],"wp:attachment":[{"href":"https:\/\/www.blaubookshop.com\/en\/wp-json\/wp\/v2\/media?parent=6326"}],"wp:term":[{"taxonomy":"product_brand","embeddable":true,"href":"https:\/\/www.blaubookshop.com\/en\/wp-json\/wp\/v2\/product_brand?post=6326"},{"taxonomy":"product_cat","embeddable":true,"href":"https:\/\/www.blaubookshop.com\/en\/wp-json\/wp\/v2\/product_cat?post=6326"},{"taxonomy":"product_tag","embeddable":true,"href":"https:\/\/www.blaubookshop.com\/en\/wp-json\/wp\/v2\/product_tag?post=6326"}],"curies":[{"name":"wp","href":"https:\/\/api.w.org\/{rel}","templated":true}]}}