{"id":6419,"date":"2024-09-04T20:29:33","date_gmt":"2024-09-04T20:29:33","guid":{"rendered":"https:\/\/www.blaubookshop.com\/?post_type=product&#038;p=6419"},"modified":"2024-09-04T22:30:20","modified_gmt":"2024-09-04T22:30:20","slug":"fernando-tavora-minha-casa-uma-porta-pode-ser-um-romance-fasciculo-2","status":"publish","type":"product","link":"https:\/\/www.blaubookshop.com\/en\/product\/fernando-tavora-minha-casa-uma-porta-pode-ser-um-romance-fasciculo-2\/","title":{"rendered":"Fernando T\u00e1vora, Minha Casa | Uma porta pode ser um romance &#8211; fasc\u00edculo 2"},"content":{"rendered":"<div class=\"description typography\"><span class=\"texto\">&#8220;Uma porta pode ser um romance&#8221; constitui o segundo fasc\u00edculo da cole\u00e7\u00e3o Fernando T\u00e1vora &#8220;Minha casa&#8221;, t\u00edtulo de uma publica\u00e7\u00e3o una no todo dos cinco fasc\u00edculos que a integram, produzida no \u00e2mbito da iniciativa Figura Eminente U.Porto 2013: Fernando T\u00e1vora. Este fasc\u00edculo segue de perto a estrutura da instala\u00e7\u00e3o apresentada ao p\u00fablico no contexto espacial dos pr\u00e9dios legados pela fam\u00edlia Marques da Silva, atual sede da Funda\u00e7\u00e3o Marques da Silva e local de acolhimento do arquivo documental e acervo bibliogr\u00e1fico de Fernando T\u00e1vora, com sele\u00e7\u00e3o, organiza\u00e7\u00e3o e coordena\u00e7\u00e3o editorial de Manuel Mendes.<\/span><\/div>","protected":false},"excerpt":{"rendered":"<p>Manuel Mendes (coord.)<br \/>\n9789899796614<br \/>\nFunda\u00e7\u00e3o Marques da Silva<br \/>\nCapa mole, 300 pp, 18,8 x 23,2 cm<br \/>\nPortuguese<br \/>\n2013<\/p>","protected":false},"featured_media":6423,"template":"","meta":{"ocean_post_layout":"","ocean_both_sidebars_style":"","ocean_both_sidebars_content_width":0,"ocean_both_sidebars_sidebars_width":0,"ocean_sidebar":"0","ocean_second_sidebar":"0","ocean_disable_margins":"enable","ocean_add_body_class":"","ocean_shortcode_before_top_bar":"","ocean_shortcode_after_top_bar":"","ocean_shortcode_before_header":"","ocean_shortcode_after_header":"","ocean_has_shortcode":"","ocean_shortcode_after_title":"","ocean_shortcode_before_footer_widgets":"","ocean_shortcode_after_footer_widgets":"","ocean_shortcode_before_footer_bottom":"","ocean_shortcode_after_footer_bottom":"","ocean_display_top_bar":"default","ocean_display_header":"default","ocean_header_style":"","ocean_center_header_left_menu":"0","ocean_custom_header_template":"0","ocean_custom_logo":0,"ocean_custom_retina_logo":0,"ocean_custom_logo_max_width":0,"ocean_custom_logo_tablet_max_width":0,"ocean_custom_logo_mobile_max_width":0,"ocean_custom_logo_max_height":0,"ocean_custom_logo_tablet_max_height":0,"ocean_custom_logo_mobile_max_height":0,"ocean_header_custom_menu":"0","ocean_menu_typo_font_family":"0","ocean_menu_typo_font_subset":"","ocean_menu_typo_font_size":0,"ocean_menu_typo_font_size_tablet":0,"ocean_menu_typo_font_size_mobile":0,"ocean_menu_typo_font_size_unit":"px","ocean_menu_typo_font_weight":"","ocean_menu_typo_font_weight_tablet":"","ocean_menu_typo_font_weight_mobile":"","ocean_menu_typo_transform":"","ocean_menu_typo_transform_tablet":"","ocean_menu_typo_transform_mobile":"","ocean_menu_typo_line_height":0,"ocean_menu_typo_line_height_tablet":0,"ocean_menu_typo_line_height_mobile":0,"ocean_menu_typo_line_height_unit":"","ocean_menu_typo_spacing":0,"ocean_menu_typo_spacing_tablet":0,"ocean_menu_typo_spacing_mobile":0,"ocean_menu_typo_spacing_unit":"","ocean_menu_link_color":"","ocean_menu_link_color_hover":"","ocean_menu_link_color_active":"","ocean_menu_link_background":"","ocean_menu_link_hover_background":"","ocean_menu_link_active_background":"","ocean_menu_social_links_bg":"","ocean_menu_social_hover_links_bg":"","ocean_menu_social_links_color":"","ocean_menu_social_hover_links_color":"","ocean_disable_title":"default","ocean_disable_heading":"default","ocean_post_title":"","ocean_post_subheading":"","ocean_post_title_style":"","ocean_post_title_background_color":"","ocean_post_title_background":0,"ocean_post_title_bg_image_position":"","ocean_post_title_bg_image_attachment":"","ocean_post_title_bg_image_repeat":"","ocean_post_title_bg_image_size":"","ocean_post_title_height":0,"ocean_post_title_bg_overlay":0.5,"ocean_post_title_bg_overlay_color":"","ocean_disable_breadcrumbs":"default","ocean_breadcrumbs_color":"","ocean_breadcrumbs_separator_color":"","ocean_breadcrumbs_links_color":"","ocean_breadcrumbs_links_hover_color":"","ocean_display_footer_widgets":"default","ocean_display_footer_bottom":"default","ocean_custom_footer_template":"0"},"product_brand":[],"product_cat":[110,52,51,196],"product_tag":[],"class_list":{"0":"post-6419","1":"product","2":"type-product","3":"status-publish","4":"has-post-thumbnail","6":"product_cat-arquitectos","7":"product_cat-arquitectura-pt","8":"product_cat-livros-em-portugues-pt","9":"product_cat-pensamento","11":"entry","12":"has-media","14":"first","15":"instock","16":"sale","17":"taxable","18":"shipping-taxable","19":"purchasable","20":"product-type-simple","21":"col","22":"span_1_of_3","23":"owp-content-left","24":"owp-thumbs-layout-horizontal","25":"owp-btn-normal","26":"owp-tabs-layout-horizontal","27":"has-no-thumbnails","28":"circle-sale"},"_links":{"self":[{"href":"https:\/\/www.blaubookshop.com\/en\/wp-json\/wp\/v2\/product\/6419","targetHints":{"allow":["GET"]}}],"collection":[{"href":"https:\/\/www.blaubookshop.com\/en\/wp-json\/wp\/v2\/product"}],"about":[{"href":"https:\/\/www.blaubookshop.com\/en\/wp-json\/wp\/v2\/types\/product"}],"version-history":[{"count":2,"href":"https:\/\/www.blaubookshop.com\/en\/wp-json\/wp\/v2\/product\/6419\/revisions"}],"predecessor-version":[{"id":6434,"href":"https:\/\/www.blaubookshop.com\/en\/wp-json\/wp\/v2\/product\/6419\/revisions\/6434"}],"wp:featuredmedia":[{"embeddable":true,"href":"https:\/\/www.blaubookshop.com\/en\/wp-json\/wp\/v2\/media\/6423"}],"wp:attachment":[{"href":"https:\/\/www.blaubookshop.com\/en\/wp-json\/wp\/v2\/media?parent=6419"}],"wp:term":[{"taxonomy":"product_brand","embeddable":true,"href":"https:\/\/www.blaubookshop.com\/en\/wp-json\/wp\/v2\/product_brand?post=6419"},{"taxonomy":"product_cat","embeddable":true,"href":"https:\/\/www.blaubookshop.com\/en\/wp-json\/wp\/v2\/product_cat?post=6419"},{"taxonomy":"product_tag","embeddable":true,"href":"https:\/\/www.blaubookshop.com\/en\/wp-json\/wp\/v2\/product_tag?post=6419"}],"curies":[{"name":"wp","href":"https:\/\/api.w.org\/{rel}","templated":true}]}}