{"id":6447,"date":"2024-09-05T12:22:16","date_gmt":"2024-09-05T12:22:16","guid":{"rendered":"https:\/\/www.blaubookshop.com\/?post_type=product&#038;p=6447"},"modified":"2024-11-06T20:11:57","modified_gmt":"2024-11-06T20:11:57","slug":"o-mundo-perfeito-fotografias-de-fernando-guerra","status":"publish","type":"product","link":"https:\/\/www.blaubookshop.com\/en\/product\/o-mundo-perfeito-fotografias-de-fernando-guerra\/","title":{"rendered":"O Mundo Perfeito. Fotografias de Fernando Guerra"},"content":{"rendered":"<p>\u00abO Olhar de Fernando Guerra \u00e9 um olhar de arquitecto. Para compreender o espa\u00e7o, os arquitectos, eventualmente com uma intencionalidade mais consciente que os simples utilizadores, circulam pelos edif\u00edcios. Captam a espacialidade da arquitectura deambulando, prescrutando, fazendo associa\u00e7\u00f5es de ideias, de formas, de dimens\u00f5es. (\u2026) as reportagens fotogr\u00e1ficas de Fernando Guerra aproximam-se da viv\u00eancia real do espa\u00e7o, ao permitir que reconstituamos um lugar atrav\u00e9s da soma de todas as imagens. (\u2026) A palavra perfei\u00e7\u00e3o encerra uma certa radicalidade, j\u00e1 que implica um estado limite, sem evolu\u00e7\u00e3o poss\u00edvel. (\u2026) Mas ao mesmo tempo a busca da perfei\u00e7\u00e3o pode ser um acto generoso. Quando se tem por objectivo encontrar as melhores imagens para representar a ess\u00eancia e o conceito de um edif\u00edcio, est\u00e1-se a responder aos desejos daqueles que os projectaram. Tal como os arquitectos reconstroem um mundo particular em cada projecto, procurando dar um sentido de unicidade a partir das vari\u00e1veis com que se confrontam &#8211; do cliente ao lugar, da geografia ao or\u00e7amento, das conting\u00eancias materiais \u00e0s limita\u00e7\u00f5es estruturais &#8211; , as fotografias de Fernando Guerra devolvem \u00e0 arquitectura essa procura da perfei\u00e7\u00e3o poss\u00edvel, &#8220;intensificando a realidade retratada&#8221;, reconfigurando o mundo que a rodeia.\u00bb<\/p>","protected":false},"excerpt":{"rendered":"<p>Lu\u00eds Urbano<br \/>\n9789729483844<br \/>\nFaup Publica\u00e7\u00f5es<br \/>\nBrochura, 251 pp, 25,8 x 28,5 cm<br \/>\nPortuguese<br \/>\n2008<\/p>\n<p>&nbsp;<\/p>","protected":false},"featured_media":6479,"template":"","meta":{"ocean_post_layout":"","ocean_both_sidebars_style":"","ocean_both_sidebars_content_width":0,"ocean_both_sidebars_sidebars_width":0,"ocean_sidebar":"0","ocean_second_sidebar":"0","ocean_disable_margins":"enable","ocean_add_body_class":"","ocean_shortcode_before_top_bar":"","ocean_shortcode_after_top_bar":"","ocean_shortcode_before_header":"","ocean_shortcode_after_header":"","ocean_has_shortcode":"","ocean_shortcode_after_title":"","ocean_shortcode_before_footer_widgets":"","ocean_shortcode_after_footer_widgets":"","ocean_shortcode_before_footer_bottom":"","ocean_shortcode_after_footer_bottom":"","ocean_display_top_bar":"default","ocean_display_header":"default","ocean_header_style":"","ocean_center_header_left_menu":"0","ocean_custom_header_template":"0","ocean_custom_logo":0,"ocean_custom_retina_logo":0,"ocean_custom_logo_max_width":0,"ocean_custom_logo_tablet_max_width":0,"ocean_custom_logo_mobile_max_width":0,"ocean_custom_logo_max_height":0,"ocean_custom_logo_tablet_max_height":0,"ocean_custom_logo_mobile_max_height":0,"ocean_header_custom_menu":"0","ocean_menu_typo_font_family":"0","ocean_menu_typo_font_subset":"","ocean_menu_typo_font_size":0,"ocean_menu_typo_font_size_tablet":0,"ocean_menu_typo_font_size_mobile":0,"ocean_menu_typo_font_size_unit":"px","ocean_menu_typo_font_weight":"","ocean_menu_typo_font_weight_tablet":"","ocean_menu_typo_font_weight_mobile":"","ocean_menu_typo_transform":"","ocean_menu_typo_transform_tablet":"","ocean_menu_typo_transform_mobile":"","ocean_menu_typo_line_height":0,"ocean_menu_typo_line_height_tablet":0,"ocean_menu_typo_line_height_mobile":0,"ocean_menu_typo_line_height_unit":"","ocean_menu_typo_spacing":0,"ocean_menu_typo_spacing_tablet":0,"ocean_menu_typo_spacing_mobile":0,"ocean_menu_typo_spacing_unit":"","ocean_menu_link_color":"","ocean_menu_link_color_hover":"","ocean_menu_link_color_active":"","ocean_menu_link_background":"","ocean_menu_link_hover_background":"","ocean_menu_link_active_background":"","ocean_menu_social_links_bg":"","ocean_menu_social_hover_links_bg":"","ocean_menu_social_links_color":"","ocean_menu_social_hover_links_color":"","ocean_disable_title":"default","ocean_disable_heading":"default","ocean_post_title":"","ocean_post_subheading":"","ocean_post_title_style":"","ocean_post_title_background_color":"","ocean_post_title_background":0,"ocean_post_title_bg_image_position":"","ocean_post_title_bg_image_attachment":"","ocean_post_title_bg_image_repeat":"","ocean_post_title_bg_image_size":"","ocean_post_title_height":0,"ocean_post_title_bg_overlay":0.5,"ocean_post_title_bg_overlay_color":"","ocean_disable_breadcrumbs":"default","ocean_breadcrumbs_color":"","ocean_breadcrumbs_separator_color":"","ocean_breadcrumbs_links_color":"","ocean_breadcrumbs_links_hover_color":"","ocean_display_footer_widgets":"default","ocean_display_footer_bottom":"default","ocean_custom_footer_template":"0"},"product_brand":[],"product_cat":[52,195,51],"product_tag":[],"class_list":{"0":"post-6447","1":"product","2":"type-product","3":"status-publish","4":"has-post-thumbnail","6":"product_cat-arquitectura-pt","7":"product_cat-ensaios","8":"product_cat-livros-em-portugues-pt","10":"entry","11":"has-media","13":"first","14":"instock","15":"sale","16":"taxable","17":"shipping-taxable","18":"purchasable","19":"product-type-simple","20":"col","21":"span_1_of_3","22":"owp-content-left","23":"owp-thumbs-layout-horizontal","24":"owp-btn-normal","25":"owp-tabs-layout-horizontal","26":"has-no-thumbnails","27":"circle-sale"},"_links":{"self":[{"href":"https:\/\/www.blaubookshop.com\/en\/wp-json\/wp\/v2\/product\/6447","targetHints":{"allow":["GET"]}}],"collection":[{"href":"https:\/\/www.blaubookshop.com\/en\/wp-json\/wp\/v2\/product"}],"about":[{"href":"https:\/\/www.blaubookshop.com\/en\/wp-json\/wp\/v2\/types\/product"}],"version-history":[{"count":1,"href":"https:\/\/www.blaubookshop.com\/en\/wp-json\/wp\/v2\/product\/6447\/revisions"}],"predecessor-version":[{"id":6448,"href":"https:\/\/www.blaubookshop.com\/en\/wp-json\/wp\/v2\/product\/6447\/revisions\/6448"}],"wp:featuredmedia":[{"embeddable":true,"href":"https:\/\/www.blaubookshop.com\/en\/wp-json\/wp\/v2\/media\/6479"}],"wp:attachment":[{"href":"https:\/\/www.blaubookshop.com\/en\/wp-json\/wp\/v2\/media?parent=6447"}],"wp:term":[{"taxonomy":"product_brand","embeddable":true,"href":"https:\/\/www.blaubookshop.com\/en\/wp-json\/wp\/v2\/product_brand?post=6447"},{"taxonomy":"product_cat","embeddable":true,"href":"https:\/\/www.blaubookshop.com\/en\/wp-json\/wp\/v2\/product_cat?post=6447"},{"taxonomy":"product_tag","embeddable":true,"href":"https:\/\/www.blaubookshop.com\/en\/wp-json\/wp\/v2\/product_tag?post=6447"}],"curies":[{"name":"wp","href":"https:\/\/api.w.org\/{rel}","templated":true}]}}