{"id":6500,"date":"2024-09-05T19:35:45","date_gmt":"2024-09-05T19:35:45","guid":{"rendered":"https:\/\/www.blaubookshop.com\/?post_type=product&#038;p=6500"},"modified":"2024-09-07T18:42:23","modified_gmt":"2024-09-07T18:42:23","slug":"viollet-le-dic-conversaciones","status":"publish","type":"product","link":"https:\/\/www.blaubookshop.com\/en\/product\/viollet-le-dic-conversaciones\/","title":{"rendered":"Viollet-Le-Duc &#8211; Conversaciones sobre la arquitectura (volume II)"},"content":{"rendered":"<p>Nadie influy\u00f3 tanto en la arquitectura del siglo XX como Viollet-le-Duc. El moderno concepto de construcci\u00f3n y funci\u00f3n como \u00fanicos determinantes verdaderos de la arquitectura, es decir, fruto de an\u00e1lisis hist\u00f3ricos, sociol\u00f3gicos y sobre todo tecnol\u00f3gicos, parece provenir directamente de los numerosos y voluminosos escritos del inmenso genio que era Viollet-le-Duc. La influencia de sus ideas queda patente sobre todo en el hecho de que la teor\u00eda arquitect\u00f3nica ya no se presenta como un sistema est\u00e9tico especulativo sino como la conclusi\u00f3n de una investigaci\u00f3n emp\u00edrica y cient\u00edfica aparentemente intocable. Se entiende perfectamente, por tanto, que bajo este enfoque se analice cuidadosamente la arquitectura griega y sobre todo la medieval, puesto que la arquitectura moderna se definir\u00eda por la decoraci\u00f3n, un revestimiento independiente de la estructura en s\u00ed y que en nada permitir\u00eda revelar a priori unas regularidades de tipo f\u00edsico-cient\u00edfico.<\/p>","protected":false},"excerpt":{"rendered":"<p>Viollet-Le-Duc<br \/>\n<span class=\"text\">Colegio Oficial de Aparejadores de Murcia<br \/>\n9788489882331<br \/>\n<\/span><span class=\"text\">Capa dura, 480 pp, 17,5 \u00d7 24,5 cm<br \/>\nESpanhol<br \/>\n2007<br \/>\n<\/span><\/p>","protected":false},"featured_media":6503,"template":"","meta":{"ocean_post_layout":"","ocean_both_sidebars_style":"","ocean_both_sidebars_content_width":0,"ocean_both_sidebars_sidebars_width":0,"ocean_sidebar":"0","ocean_second_sidebar":"0","ocean_disable_margins":"enable","ocean_add_body_class":"","ocean_shortcode_before_top_bar":"","ocean_shortcode_after_top_bar":"","ocean_shortcode_before_header":"","ocean_shortcode_after_header":"","ocean_has_shortcode":"","ocean_shortcode_after_title":"","ocean_shortcode_before_footer_widgets":"","ocean_shortcode_after_footer_widgets":"","ocean_shortcode_before_footer_bottom":"","ocean_shortcode_after_footer_bottom":"","ocean_display_top_bar":"default","ocean_display_header":"default","ocean_header_style":"","ocean_center_header_left_menu":"0","ocean_custom_header_template":"0","ocean_custom_logo":0,"ocean_custom_retina_logo":0,"ocean_custom_logo_max_width":0,"ocean_custom_logo_tablet_max_width":0,"ocean_custom_logo_mobile_max_width":0,"ocean_custom_logo_max_height":0,"ocean_custom_logo_tablet_max_height":0,"ocean_custom_logo_mobile_max_height":0,"ocean_header_custom_menu":"0","ocean_menu_typo_font_family":"0","ocean_menu_typo_font_subset":"","ocean_menu_typo_font_size":0,"ocean_menu_typo_font_size_tablet":0,"ocean_menu_typo_font_size_mobile":0,"ocean_menu_typo_font_size_unit":"px","ocean_menu_typo_font_weight":"","ocean_menu_typo_font_weight_tablet":"","ocean_menu_typo_font_weight_mobile":"","ocean_menu_typo_transform":"","ocean_menu_typo_transform_tablet":"","ocean_menu_typo_transform_mobile":"","ocean_menu_typo_line_height":0,"ocean_menu_typo_line_height_tablet":0,"ocean_menu_typo_line_height_mobile":0,"ocean_menu_typo_line_height_unit":"","ocean_menu_typo_spacing":0,"ocean_menu_typo_spacing_tablet":0,"ocean_menu_typo_spacing_mobile":0,"ocean_menu_typo_spacing_unit":"","ocean_menu_link_color":"","ocean_menu_link_color_hover":"","ocean_menu_link_color_active":"","ocean_menu_link_background":"","ocean_menu_link_hover_background":"","ocean_menu_link_active_background":"","ocean_menu_social_links_bg":"","ocean_menu_social_hover_links_bg":"","ocean_menu_social_links_color":"","ocean_menu_social_hover_links_color":"","ocean_disable_title":"default","ocean_disable_heading":"default","ocean_post_title":"","ocean_post_subheading":"","ocean_post_title_style":"","ocean_post_title_background_color":"","ocean_post_title_background":0,"ocean_post_title_bg_image_position":"","ocean_post_title_bg_image_attachment":"","ocean_post_title_bg_image_repeat":"","ocean_post_title_bg_image_size":"","ocean_post_title_height":0,"ocean_post_title_bg_overlay":0.5,"ocean_post_title_bg_overlay_color":"","ocean_disable_breadcrumbs":"default","ocean_breadcrumbs_color":"","ocean_breadcrumbs_separator_color":"","ocean_breadcrumbs_links_color":"","ocean_breadcrumbs_links_hover_color":"","ocean_display_footer_widgets":"default","ocean_display_footer_bottom":"default","ocean_custom_footer_template":"0"},"product_brand":[],"product_cat":[85,217,223,224],"product_tag":[],"class_list":{"0":"post-6500","1":"product","2":"type-product","3":"status-publish","4":"has-post-thumbnail","6":"product_cat-livros-em-espanhol","7":"product_cat-arquitectura-livros-em-espanhol","8":"product_cat-pensamento-arquitectura-livros-em-espanhol","9":"product_cat-teoria-arquitectura-livros-em-espanhol","11":"entry","12":"has-media","14":"first","15":"instock","16":"sale","17":"taxable","18":"shipping-taxable","19":"purchasable","20":"product-type-simple","21":"col","22":"span_1_of_3","23":"owp-content-left","24":"owp-thumbs-layout-horizontal","25":"owp-btn-normal","26":"owp-tabs-layout-horizontal","27":"has-no-thumbnails","28":"circle-sale"},"_links":{"self":[{"href":"https:\/\/www.blaubookshop.com\/en\/wp-json\/wp\/v2\/product\/6500","targetHints":{"allow":["GET"]}}],"collection":[{"href":"https:\/\/www.blaubookshop.com\/en\/wp-json\/wp\/v2\/product"}],"about":[{"href":"https:\/\/www.blaubookshop.com\/en\/wp-json\/wp\/v2\/types\/product"}],"version-history":[{"count":4,"href":"https:\/\/www.blaubookshop.com\/en\/wp-json\/wp\/v2\/product\/6500\/revisions"}],"predecessor-version":[{"id":6524,"href":"https:\/\/www.blaubookshop.com\/en\/wp-json\/wp\/v2\/product\/6500\/revisions\/6524"}],"wp:featuredmedia":[{"embeddable":true,"href":"https:\/\/www.blaubookshop.com\/en\/wp-json\/wp\/v2\/media\/6503"}],"wp:attachment":[{"href":"https:\/\/www.blaubookshop.com\/en\/wp-json\/wp\/v2\/media?parent=6500"}],"wp:term":[{"taxonomy":"product_brand","embeddable":true,"href":"https:\/\/www.blaubookshop.com\/en\/wp-json\/wp\/v2\/product_brand?post=6500"},{"taxonomy":"product_cat","embeddable":true,"href":"https:\/\/www.blaubookshop.com\/en\/wp-json\/wp\/v2\/product_cat?post=6500"},{"taxonomy":"product_tag","embeddable":true,"href":"https:\/\/www.blaubookshop.com\/en\/wp-json\/wp\/v2\/product_tag?post=6500"}],"curies":[{"name":"wp","href":"https:\/\/api.w.org\/{rel}","templated":true}]}}