{"id":6516,"date":"2024-09-05T20:23:39","date_gmt":"2024-09-05T20:23:39","guid":{"rendered":"https:\/\/www.blaubookshop.com\/?post_type=product&#038;p=6516"},"modified":"2024-09-05T20:30:25","modified_gmt":"2024-09-05T20:30:25","slug":"a-cidade-das-imobilidades-manual-tecnico-de-acessibilidade-e-mobilidade-para-todos","status":"publish","type":"product","link":"https:\/\/www.blaubookshop.com\/en\/product\/a-cidade-das-imobilidades-manual-tecnico-de-acessibilidade-e-mobilidade-para-todos\/","title":{"rendered":"A Cidade das (i)Mobilidades: Manual t\u00e9cnico de acessibilidade e mobilidade para todos"},"content":{"rendered":"<p><i>A Cidade das (i)Mobilidades<\/i> prop\u00f5e-se ajudar pol\u00edticos e t\u00e9cnicos na defini\u00e7\u00e3o de estrat\u00e9gias que permitam aproveitar, entre outras, &#8220;as novas oportunidades de investimento&#8221;, no \u00e2mbito do novo ciclo de fundos comunit\u00e1rios Portugal 2020. Este programa no seu Regulamento Geral (Decreto-Lei n.\u00ba 159\/2014 &#8211; DR n.\u00ba 207\/2014, de 2014-10-27), que estabelece as regras gerais de aplica\u00e7\u00e3o dos Programas Operacionais, imp\u00f5e no seu art.\u00ba 17, ponto 4, pela 1\u00aa vez em Portugal, que &#8220;As interven\u00e7\u00f5es em espa\u00e7o p\u00fablico ou em edif\u00edcios de acesso p\u00fablico devem garantir o respeito pelas condi\u00e7\u00f5es de acessibilidade e mobilidade para todos.&#8221;<br \/>\nEsta publica\u00e7\u00e3o pretende, assim, colmatar alguma aus\u00eancia de informa\u00e7\u00e3o t\u00e9cnica sistematizada e, ainda, continuar a estudar a evolu\u00e7\u00e3o dos paradigmas relacionados com as condi\u00e7\u00f5es de mobilidade, ou a aus\u00eancia dela, na maior parte das cidades. Pretende ser um livro que sirva de est\u00edmulo aos jovens que agora iniciam as suas carreiras profissionais, pela abordagem de uma mat\u00e9ria n\u00e3o tradicional, por vezes ainda nem lecionada nas universidades. Tamb\u00e9m, ser um livro para aqueles que nunca ouviram falar de cidades inclusivas, mas, simultaneamente ser um livro para os mais curiosos e participantes ativos da sociedade civil. Seria importante que agitasse os cidad\u00e3os de forma geral, os t\u00e9cnicos, os empres\u00e1rios, os gestores, e claro, os pol\u00edticos.<br \/>\nO livro encontra-se dividido em tr\u00eas partes fundamentais, e se numa primeira abordagem a publica\u00e7\u00e3o se apresenta essencialmente t\u00e9cnica, a verdade \u00e9 que, ao folhear a Parte 1, onde os conceitos e os paradigmas se apresentam de forma simples, mas marcados no tempo, o leitor \u00e9 rapidamente envolvido numa narrativa repleta de paradigmas sociais e culturais pela especificidade do tema, mas essencialmente pela for\u00e7a pol\u00edtica que esses conte\u00fados incorporam.<br \/>\nDe seguida, a Parte 2 da obra, substancialmente pr\u00e1tica e de enorme relev\u00e2ncia para quem desenha cidades, dedica-se a quest\u00f5es metodol\u00f3gicas e \u00e0 abordagem das boas pr\u00e1ticas e anota\u00e7\u00f5es de desenho urbano. A Parte 3, e \u00faltima do livro, que novamente, n\u00e3o obstante a forma ser essencialmente t\u00e9cnica, o substrato assenta numa enorme componente pol\u00edtica na medida que consegue demonstrar que afinal, \u00e9 poss\u00edvel fazer. Que, afinal, com vontade, determina\u00e7\u00e3o e decis\u00e3o pol\u00edtica, tal como aconteceu nos dois estudos de caso (a Requalifica\u00e7\u00e3o da Baixa de Vilamoura e o projeto do Centro de Alto Rendimento de Remo do Pocinho em Vila Nova de Foz C\u00f4a), \u00e9 poss\u00edvel realizar interven\u00e7\u00f5es no espa\u00e7o p\u00fablico e no edificado para todos, sem perder as possibilidades de se constitu\u00edrem obras de engenharia ou arquitetura de refer\u00eancia a n\u00edvel nacional ou internacional. Por outras palavras, que afinal a obra pode integrar os desafios da est\u00e9tica simultaneamente com a funcionalidade e servir todos sem exce\u00e7\u00e3o.<br \/>\nInquietude, coragem, persist\u00eancia quando toca a princ\u00edpios e a valores, gosto pela obra feita, responsabilidade e paix\u00e3o, s\u00e3o, as palavras certas para que se continuem a melhorar os nossos conhecimentos nesta mat\u00e9ria. A todos, o desejo inequ\u00edvoco de que este livro seja, como em todas as circunst\u00e2ncias refere Eduardo Louren\u00e7o, um modo de estar, num territ\u00f3rio de gente de saber e vontade de estar no futuro antecipando-o.<\/p>","protected":false},"excerpt":{"rendered":"<p>Paula Teles<br \/>\n<span class=\"text\">MPT<br \/>\n9789898427328<br \/>\n<\/span><span class=\"text\">Brochura, 196 pp, 21,2 \u00d7 21.2 cm<br \/>\nPortuguese<br \/>\n2014<\/span><\/p>\n<p>&nbsp;<\/p>\n<p>&nbsp;<\/p>","protected":false},"featured_media":6517,"template":"","meta":{"ocean_post_layout":"","ocean_both_sidebars_style":"","ocean_both_sidebars_content_width":0,"ocean_both_sidebars_sidebars_width":0,"ocean_sidebar":"0","ocean_second_sidebar":"0","ocean_disable_margins":"enable","ocean_add_body_class":"","ocean_shortcode_before_top_bar":"","ocean_shortcode_after_top_bar":"","ocean_shortcode_before_header":"","ocean_shortcode_after_header":"","ocean_has_shortcode":"","ocean_shortcode_after_title":"","ocean_shortcode_before_footer_widgets":"","ocean_shortcode_after_footer_widgets":"","ocean_shortcode_before_footer_bottom":"","ocean_shortcode_after_footer_bottom":"","ocean_display_top_bar":"default","ocean_display_header":"default","ocean_header_style":"","ocean_center_header_left_menu":"0","ocean_custom_header_template":"0","ocean_custom_logo":0,"ocean_custom_retina_logo":0,"ocean_custom_logo_max_width":0,"ocean_custom_logo_tablet_max_width":0,"ocean_custom_logo_mobile_max_width":0,"ocean_custom_logo_max_height":0,"ocean_custom_logo_tablet_max_height":0,"ocean_custom_logo_mobile_max_height":0,"ocean_header_custom_menu":"0","ocean_menu_typo_font_family":"0","ocean_menu_typo_font_subset":"","ocean_menu_typo_font_size":0,"ocean_menu_typo_font_size_tablet":0,"ocean_menu_typo_font_size_mobile":0,"ocean_menu_typo_font_size_unit":"px","ocean_menu_typo_font_weight":"","ocean_menu_typo_font_weight_tablet":"","ocean_menu_typo_font_weight_mobile":"","ocean_menu_typo_transform":"","ocean_menu_typo_transform_tablet":"","ocean_menu_typo_transform_mobile":"","ocean_menu_typo_line_height":0,"ocean_menu_typo_line_height_tablet":0,"ocean_menu_typo_line_height_mobile":0,"ocean_menu_typo_line_height_unit":"","ocean_menu_typo_spacing":0,"ocean_menu_typo_spacing_tablet":0,"ocean_menu_typo_spacing_mobile":0,"ocean_menu_typo_spacing_unit":"","ocean_menu_link_color":"","ocean_menu_link_color_hover":"","ocean_menu_link_color_active":"","ocean_menu_link_background":"","ocean_menu_link_hover_background":"","ocean_menu_link_active_background":"","ocean_menu_social_links_bg":"","ocean_menu_social_hover_links_bg":"","ocean_menu_social_links_color":"","ocean_menu_social_hover_links_color":"","ocean_disable_title":"default","ocean_disable_heading":"default","ocean_post_title":"","ocean_post_subheading":"","ocean_post_title_style":"","ocean_post_title_background_color":"","ocean_post_title_background":0,"ocean_post_title_bg_image_position":"","ocean_post_title_bg_image_attachment":"","ocean_post_title_bg_image_repeat":"","ocean_post_title_bg_image_size":"","ocean_post_title_height":0,"ocean_post_title_bg_overlay":0.5,"ocean_post_title_bg_overlay_color":"","ocean_disable_breadcrumbs":"default","ocean_breadcrumbs_color":"","ocean_breadcrumbs_separator_color":"","ocean_breadcrumbs_links_color":"","ocean_breadcrumbs_links_hover_color":"","ocean_display_footer_widgets":"default","ocean_display_footer_bottom":"default","ocean_custom_footer_template":"0"},"product_brand":[],"product_cat":[51,52,69],"product_tag":[],"class_list":{"0":"post-6516","1":"product","2":"type-product","3":"status-publish","4":"has-post-thumbnail","6":"product_cat-livros-em-portugues-pt","7":"product_cat-arquitectura-pt","8":"product_cat-legislacao-pt","10":"entry","11":"has-media","13":"first","14":"instock","15":"sale","16":"taxable","17":"shipping-taxable","18":"purchasable","19":"product-type-simple","20":"col","21":"span_1_of_3","22":"owp-content-left","23":"owp-thumbs-layout-horizontal","24":"owp-btn-normal","25":"owp-tabs-layout-horizontal","26":"has-no-thumbnails","27":"circle-sale"},"_links":{"self":[{"href":"https:\/\/www.blaubookshop.com\/en\/wp-json\/wp\/v2\/product\/6516","targetHints":{"allow":["GET"]}}],"collection":[{"href":"https:\/\/www.blaubookshop.com\/en\/wp-json\/wp\/v2\/product"}],"about":[{"href":"https:\/\/www.blaubookshop.com\/en\/wp-json\/wp\/v2\/types\/product"}],"version-history":[{"count":1,"href":"https:\/\/www.blaubookshop.com\/en\/wp-json\/wp\/v2\/product\/6516\/revisions"}],"predecessor-version":[{"id":6518,"href":"https:\/\/www.blaubookshop.com\/en\/wp-json\/wp\/v2\/product\/6516\/revisions\/6518"}],"wp:featuredmedia":[{"embeddable":true,"href":"https:\/\/www.blaubookshop.com\/en\/wp-json\/wp\/v2\/media\/6517"}],"wp:attachment":[{"href":"https:\/\/www.blaubookshop.com\/en\/wp-json\/wp\/v2\/media?parent=6516"}],"wp:term":[{"taxonomy":"product_brand","embeddable":true,"href":"https:\/\/www.blaubookshop.com\/en\/wp-json\/wp\/v2\/product_brand?post=6516"},{"taxonomy":"product_cat","embeddable":true,"href":"https:\/\/www.blaubookshop.com\/en\/wp-json\/wp\/v2\/product_cat?post=6516"},{"taxonomy":"product_tag","embeddable":true,"href":"https:\/\/www.blaubookshop.com\/en\/wp-json\/wp\/v2\/product_tag?post=6516"}],"curies":[{"name":"wp","href":"https:\/\/api.w.org\/{rel}","templated":true}]}}