{"id":6557,"date":"2024-10-05T05:17:30","date_gmt":"2024-10-05T05:17:30","guid":{"rendered":"https:\/\/www.blaubookshop.com\/?post_type=product&#038;p=6557"},"modified":"2024-10-12T18:33:19","modified_gmt":"2024-10-12T18:33:19","slug":"partilhar-memorias-piscina-de-mares-sharing-memories-ocean-swimming-pool-1960-2021","status":"publish","type":"product","link":"https:\/\/www.blaubookshop.com\/en\/product\/partilhar-memorias-piscina-de-mares-sharing-memories-ocean-swimming-pool-1960-2021\/","title":{"rendered":"Partilhar Mem\u00f3rias Piscina de Mar\u00e9s | Sharing Memories, Ocean Swimming Pool &#8211; 1960-2021"},"content":{"rendered":"<p>\u00abEu era muito novo; inexperiente tamb\u00e9m. O convite foi-me feito porque o engenheiro que tinha sido encarregue da constru\u00e7\u00e3o de uma piscina de mar\u00e9s, o engenheiro Bernardo Ferr\u00e3o, irm\u00e3o do arquiteto T\u00e1vora, disse o seguinte \u00e0 C\u00e2mara: &#8220;Este \u00e9 um problema delicado de paisagem, preciso de um arquiteto na equipa&#8221; e assim convidou-me e ajudou-me muito, pois era um engenheiro com muit\u00edssima experi\u00eancia e com muita sensibilidade tamb\u00e9m. Eu tomei contato com o projeto j\u00e1 feito e em conversa com o engenheiro e com a C\u00e2mara fiz uma primeira proposta, em vez fazer uma piscina convencional, fechada, em bet\u00e3o, como o projeto previa, propus ao engenheiro que se mantivesse como limite do taque, tanto quanto poss\u00edvel, as rochas. O que ali existia era um po\u00e7o, um tanque natural, que falhava, pelas quest\u00f5es da topografia, nalguns pontos, portanto n\u00e3o continha a \u00e1gua. O que eu propus foi que fossem feitos uns muros, que estavam j\u00e1 projetados, a\u00ed onde n\u00e3o bastasse ter as rochas. E assim foi, come\u00e7ou o projeto. Um projeto complicado pela varia\u00e7\u00e3o no tempo, mas ao mesmo tempo, por isso mesmo, muito interessante e que para mim foi uma experi\u00eancia que n\u00e3o podia ter havido melhor para um jovem inexperiente arquiteto.\u00bb<\/p>\n<p>\u00c1lvaro Siza<\/p>","protected":false},"excerpt":{"rendered":"<p>AA.VV<br \/>\nISBN 9789723619430<br \/>\nEdi\u00e7\u00f5es Afrontamento<br \/>\nCapa mole, 160 pp, 17 x 23,5 cm<br \/>\nPortugu\u00eas e Ingl\u00eas<br \/>\n2022<\/p>","protected":false},"featured_media":6626,"template":"","meta":{"ocean_post_layout":"","ocean_both_sidebars_style":"","ocean_both_sidebars_content_width":0,"ocean_both_sidebars_sidebars_width":0,"ocean_sidebar":"0","ocean_second_sidebar":"0","ocean_disable_margins":"enable","ocean_add_body_class":"","ocean_shortcode_before_top_bar":"","ocean_shortcode_after_top_bar":"","ocean_shortcode_before_header":"","ocean_shortcode_after_header":"","ocean_has_shortcode":"","ocean_shortcode_after_title":"","ocean_shortcode_before_footer_widgets":"","ocean_shortcode_after_footer_widgets":"","ocean_shortcode_before_footer_bottom":"","ocean_shortcode_after_footer_bottom":"","ocean_display_top_bar":"default","ocean_display_header":"default","ocean_header_style":"","ocean_center_header_left_menu":"0","ocean_custom_header_template":"0","ocean_custom_logo":0,"ocean_custom_retina_logo":0,"ocean_custom_logo_max_width":0,"ocean_custom_logo_tablet_max_width":0,"ocean_custom_logo_mobile_max_width":0,"ocean_custom_logo_max_height":0,"ocean_custom_logo_tablet_max_height":0,"ocean_custom_logo_mobile_max_height":0,"ocean_header_custom_menu":"0","ocean_menu_typo_font_family":"0","ocean_menu_typo_font_subset":"","ocean_menu_typo_font_size":0,"ocean_menu_typo_font_size_tablet":0,"ocean_menu_typo_font_size_mobile":0,"ocean_menu_typo_font_size_unit":"px","ocean_menu_typo_font_weight":"","ocean_menu_typo_font_weight_tablet":"","ocean_menu_typo_font_weight_mobile":"","ocean_menu_typo_transform":"","ocean_menu_typo_transform_tablet":"","ocean_menu_typo_transform_mobile":"","ocean_menu_typo_line_height":0,"ocean_menu_typo_line_height_tablet":0,"ocean_menu_typo_line_height_mobile":0,"ocean_menu_typo_line_height_unit":"","ocean_menu_typo_spacing":0,"ocean_menu_typo_spacing_tablet":0,"ocean_menu_typo_spacing_mobile":0,"ocean_menu_typo_spacing_unit":"","ocean_menu_link_color":"","ocean_menu_link_color_hover":"","ocean_menu_link_color_active":"","ocean_menu_link_background":"","ocean_menu_link_hover_background":"","ocean_menu_link_active_background":"","ocean_menu_social_links_bg":"","ocean_menu_social_hover_links_bg":"","ocean_menu_social_links_color":"","ocean_menu_social_hover_links_color":"","ocean_disable_title":"default","ocean_disable_heading":"default","ocean_post_title":"","ocean_post_subheading":"","ocean_post_title_style":"","ocean_post_title_background_color":"","ocean_post_title_background":0,"ocean_post_title_bg_image_position":"","ocean_post_title_bg_image_attachment":"","ocean_post_title_bg_image_repeat":"","ocean_post_title_bg_image_size":"","ocean_post_title_height":0,"ocean_post_title_bg_overlay":0.5,"ocean_post_title_bg_overlay_color":"","ocean_disable_breadcrumbs":"default","ocean_breadcrumbs_color":"","ocean_breadcrumbs_separator_color":"","ocean_breadcrumbs_links_color":"","ocean_breadcrumbs_links_hover_color":"","ocean_display_footer_widgets":"default","ocean_display_footer_bottom":"default","ocean_custom_footer_template":"0"},"product_brand":[],"product_cat":[303,301,110,72,52,315,215,71,51],"product_tag":[],"class_list":{"0":"post-6557","1":"product","2":"type-product","3":"status-publish","4":"has-post-thumbnail","6":"product_cat-arquitectos-arquitectura-uk-livros-em-ingles","7":"product_cat-edificios-arquitectura-uk-livros-em-ingles","8":"product_cat-arquitectos","9":"product_cat-arquitectura-uk","10":"product_cat-arquitectura-pt","11":"product_cat-edificios-arquitectura-pt","12":"product_cat-guias-arquitectura-uk","13":"product_cat-livros-em-ingles","14":"product_cat-livros-em-portugues-pt","16":"entry","17":"has-media","19":"first","20":"instock","21":"sale","22":"taxable","23":"shipping-taxable","24":"purchasable","25":"product-type-simple","26":"col","27":"span_1_of_3","28":"owp-content-left","29":"owp-thumbs-layout-horizontal","30":"owp-btn-normal","31":"owp-tabs-layout-horizontal","32":"has-no-thumbnails","33":"circle-sale"},"_links":{"self":[{"href":"https:\/\/www.blaubookshop.com\/en\/wp-json\/wp\/v2\/product\/6557","targetHints":{"allow":["GET"]}}],"collection":[{"href":"https:\/\/www.blaubookshop.com\/en\/wp-json\/wp\/v2\/product"}],"about":[{"href":"https:\/\/www.blaubookshop.com\/en\/wp-json\/wp\/v2\/types\/product"}],"version-history":[{"count":2,"href":"https:\/\/www.blaubookshop.com\/en\/wp-json\/wp\/v2\/product\/6557\/revisions"}],"predecessor-version":[{"id":6561,"href":"https:\/\/www.blaubookshop.com\/en\/wp-json\/wp\/v2\/product\/6557\/revisions\/6561"}],"wp:featuredmedia":[{"embeddable":true,"href":"https:\/\/www.blaubookshop.com\/en\/wp-json\/wp\/v2\/media\/6626"}],"wp:attachment":[{"href":"https:\/\/www.blaubookshop.com\/en\/wp-json\/wp\/v2\/media?parent=6557"}],"wp:term":[{"taxonomy":"product_brand","embeddable":true,"href":"https:\/\/www.blaubookshop.com\/en\/wp-json\/wp\/v2\/product_brand?post=6557"},{"taxonomy":"product_cat","embeddable":true,"href":"https:\/\/www.blaubookshop.com\/en\/wp-json\/wp\/v2\/product_cat?post=6557"},{"taxonomy":"product_tag","embeddable":true,"href":"https:\/\/www.blaubookshop.com\/en\/wp-json\/wp\/v2\/product_tag?post=6557"}],"curies":[{"name":"wp","href":"https:\/\/api.w.org\/{rel}","templated":true}]}}