{"id":6567,"date":"2024-10-05T19:40:27","date_gmt":"2024-10-05T19:40:27","guid":{"rendered":"https:\/\/www.blaubookshop.com\/?post_type=product&#038;p=6567"},"modified":"2024-10-12T18:30:52","modified_gmt":"2024-10-12T18:30:52","slug":"fomos-condenados-a-cidade-uma-decada-de-estudos-sobre-patrimonio-urbanistico","status":"publish","type":"product","link":"https:\/\/www.blaubookshop.com\/en\/product\/fomos-condenados-a-cidade-uma-decada-de-estudos-sobre-patrimonio-urbanistico\/","title":{"rendered":"Fomos condenados \u00e0 cidade: uma d\u00e9cada de estudos sobre patrim\u00f3nio urban\u00edstico"},"content":{"rendered":"<p>O Urbanismo levou um s\u00e9culo a amadurecer como campo privilegiado de cruzamentos interdisciplinares, essencialmente das ci\u00eancias sociais. Ao inv\u00e9s do que inicialmente se ensaiou, as tecnologias apenas servem as din\u00e2micas sociopol\u00edticas de transforma\u00e7\u00e3o do territ\u00f3rio que, ali\u00e1s, se vai (con)fundindo com o urbano.Num esfor\u00e7o de aferimento com esses paradigmas emergentes, tamb\u00e9m cidade \u00e9 um conceito em transi\u00e7\u00e3o. Habitat do homem domesticado, a cidade \u00e9 um bem de todos e assim uma produ\u00e7\u00e3o coletiva em muta\u00e7\u00e3o constante.Tem vida, o que lhe bloqueia qualquer hip\u00f3tese de regresso ao passado, embora a hist\u00f3ria seja a principal mat\u00e9ria da sua teoria, ou seja, da interpreta\u00e7\u00e3o e sequentes proje\u00e7\u00e3o, programa\u00e7\u00e3o, planeamento e gest\u00e3o.O urbano \u00e9, por excel\u00eancia, patrim\u00f3nio coletivo, um ativo comunit\u00e1rio de primeira ordem que, por raz\u00f5es de bem estar e sobreviv\u00eancia a longo prazo, temos de estimar e desenvolver, recorrendo aos instrumentos e ferramentas de que dispomos, ou seja, o conhecimento e a sua partilha.Segundo perspetivas e formas diversas foi com esses objetivos em mente que os textos aqui reunidos foram escritos ao longo de uma d\u00e9cada. Deseja-se que a sua intera\u00e7\u00e3o fa\u00e7a com que, tal como na cidade, o todo seja mais do que a soma das partes.<\/p>","protected":false},"excerpt":{"rendered":"<p><span class=\"a-list-item\"><span class=\"a-text-bold\"> \u200e <\/span> Walter Rossa<br \/>\n9789892608822<\/span><br \/>\nImprensa da Universidade de Coimbra<br \/>\nCapa mole, 456 pp, 16,5\u00a0 x 23 cm<br \/>\nPortuguese<br \/>\n2015<\/p>","protected":false},"featured_media":6622,"template":"","meta":{"ocean_post_layout":"","ocean_both_sidebars_style":"","ocean_both_sidebars_content_width":0,"ocean_both_sidebars_sidebars_width":0,"ocean_sidebar":"0","ocean_second_sidebar":"0","ocean_disable_margins":"enable","ocean_add_body_class":"","ocean_shortcode_before_top_bar":"","ocean_shortcode_after_top_bar":"","ocean_shortcode_before_header":"","ocean_shortcode_after_header":"","ocean_has_shortcode":"","ocean_shortcode_after_title":"","ocean_shortcode_before_footer_widgets":"","ocean_shortcode_after_footer_widgets":"","ocean_shortcode_before_footer_bottom":"","ocean_shortcode_after_footer_bottom":"","ocean_display_top_bar":"default","ocean_display_header":"default","ocean_header_style":"","ocean_center_header_left_menu":"0","ocean_custom_header_template":"0","ocean_custom_logo":0,"ocean_custom_retina_logo":0,"ocean_custom_logo_max_width":0,"ocean_custom_logo_tablet_max_width":0,"ocean_custom_logo_mobile_max_width":0,"ocean_custom_logo_max_height":0,"ocean_custom_logo_tablet_max_height":0,"ocean_custom_logo_mobile_max_height":0,"ocean_header_custom_menu":"0","ocean_menu_typo_font_family":"0","ocean_menu_typo_font_subset":"","ocean_menu_typo_font_size":0,"ocean_menu_typo_font_size_tablet":0,"ocean_menu_typo_font_size_mobile":0,"ocean_menu_typo_font_size_unit":"px","ocean_menu_typo_font_weight":"","ocean_menu_typo_font_weight_tablet":"","ocean_menu_typo_font_weight_mobile":"","ocean_menu_typo_transform":"","ocean_menu_typo_transform_tablet":"","ocean_menu_typo_transform_mobile":"","ocean_menu_typo_line_height":0,"ocean_menu_typo_line_height_tablet":0,"ocean_menu_typo_line_height_mobile":0,"ocean_menu_typo_line_height_unit":"","ocean_menu_typo_spacing":0,"ocean_menu_typo_spacing_tablet":0,"ocean_menu_typo_spacing_mobile":0,"ocean_menu_typo_spacing_unit":"","ocean_menu_link_color":"","ocean_menu_link_color_hover":"","ocean_menu_link_color_active":"","ocean_menu_link_background":"","ocean_menu_link_hover_background":"","ocean_menu_link_active_background":"","ocean_menu_social_links_bg":"","ocean_menu_social_hover_links_bg":"","ocean_menu_social_links_color":"","ocean_menu_social_hover_links_color":"","ocean_disable_title":"default","ocean_disable_heading":"default","ocean_post_title":"","ocean_post_subheading":"","ocean_post_title_style":"","ocean_post_title_background_color":"","ocean_post_title_background":0,"ocean_post_title_bg_image_position":"","ocean_post_title_bg_image_attachment":"","ocean_post_title_bg_image_repeat":"","ocean_post_title_bg_image_size":"","ocean_post_title_height":0,"ocean_post_title_bg_overlay":0.5,"ocean_post_title_bg_overlay_color":"","ocean_disable_breadcrumbs":"default","ocean_breadcrumbs_color":"","ocean_breadcrumbs_separator_color":"","ocean_breadcrumbs_links_color":"","ocean_breadcrumbs_links_hover_color":"","ocean_display_footer_widgets":"default","ocean_display_footer_bottom":"default","ocean_custom_footer_template":"0"},"product_brand":[],"product_cat":[195,51,197,56],"product_tag":[],"class_list":{"0":"post-6567","1":"product","2":"type-product","3":"status-publish","4":"has-post-thumbnail","6":"product_cat-ensaios","7":"product_cat-livros-em-portugues-pt","8":"product_cat-teoria","9":"product_cat-urbanismo-pt","11":"entry","12":"has-media","14":"first","15":"instock","16":"sale","17":"taxable","18":"shipping-taxable","19":"purchasable","20":"product-type-simple","21":"col","22":"span_1_of_3","23":"owp-content-left","24":"owp-thumbs-layout-horizontal","25":"owp-btn-normal","26":"owp-tabs-layout-horizontal","27":"has-no-thumbnails","28":"circle-sale"},"_links":{"self":[{"href":"https:\/\/www.blaubookshop.com\/en\/wp-json\/wp\/v2\/product\/6567","targetHints":{"allow":["GET"]}}],"collection":[{"href":"https:\/\/www.blaubookshop.com\/en\/wp-json\/wp\/v2\/product"}],"about":[{"href":"https:\/\/www.blaubookshop.com\/en\/wp-json\/wp\/v2\/types\/product"}],"version-history":[{"count":1,"href":"https:\/\/www.blaubookshop.com\/en\/wp-json\/wp\/v2\/product\/6567\/revisions"}],"predecessor-version":[{"id":6568,"href":"https:\/\/www.blaubookshop.com\/en\/wp-json\/wp\/v2\/product\/6567\/revisions\/6568"}],"wp:featuredmedia":[{"embeddable":true,"href":"https:\/\/www.blaubookshop.com\/en\/wp-json\/wp\/v2\/media\/6622"}],"wp:attachment":[{"href":"https:\/\/www.blaubookshop.com\/en\/wp-json\/wp\/v2\/media?parent=6567"}],"wp:term":[{"taxonomy":"product_brand","embeddable":true,"href":"https:\/\/www.blaubookshop.com\/en\/wp-json\/wp\/v2\/product_brand?post=6567"},{"taxonomy":"product_cat","embeddable":true,"href":"https:\/\/www.blaubookshop.com\/en\/wp-json\/wp\/v2\/product_cat?post=6567"},{"taxonomy":"product_tag","embeddable":true,"href":"https:\/\/www.blaubookshop.com\/en\/wp-json\/wp\/v2\/product_tag?post=6567"}],"curies":[{"name":"wp","href":"https:\/\/api.w.org\/{rel}","templated":true}]}}