{"id":6569,"date":"2024-10-05T19:46:23","date_gmt":"2024-10-05T19:46:23","guid":{"rendered":"https:\/\/www.blaubookshop.com\/?post_type=product&#038;p=6569"},"modified":"2024-10-12T18:29:03","modified_gmt":"2024-10-12T18:29:03","slug":"arquitectura-paisagista-ou-a-organizacao-do-espaco-nas-paisagens-vol-i-problemas-de-economia-arquitetura-e-gestao-das-paisagens-humanizadas","status":"publish","type":"product","link":"https:\/\/www.blaubookshop.com\/en\/product\/arquitectura-paisagista-ou-a-organizacao-do-espaco-nas-paisagens-vol-i-problemas-de-economia-arquitetura-e-gestao-das-paisagens-humanizadas\/","title":{"rendered":"Arquitectura Paisagista ou &#8220;A Organiza\u00e7\u00e3o do Espa\u00e7o nas Paisagens&#8221; &#8211; Vol. I  Problemas de economia, arquitetura e gest\u00e3o das paisagens humanizadas"},"content":{"rendered":"<p>Esta obra explicitamente sublinha como p\u00fablico-alvo os profissionais de arquitectura paisagista, embora seja tamb\u00e9m do maior interesse (dir-se-ia mesmo, de leitura indispens\u00e1vel) para agr\u00f3nomos, economistas agr\u00e1rios, planeadores e t\u00e9cnicos do territ\u00f3rio, ge\u00f3grafos, engenheiros e t\u00e9cnicos do ambiente, bi\u00f3logos, silvicultores e ec\u00f3logos, pol\u00edticos e decisores nesses dom\u00ednios, bem como empres\u00e1rios, administradores e gestores.<br \/>\nE ainda, de maneira evidente, para todos os cidad\u00e3os ativos na esfera da defesa do patrim\u00f3nio natural e constru\u00eddo, da biodiversidade, da conserva\u00e7\u00e3o da natureza, da energia, da qualidade da paisagem (que o Autor encara primacialmente como paisagem produtiva da qual \u00e9 indissoci\u00e1vel a sua real beleza), em suma, porto dos que levam a s\u00e9rio a cidadania e se empenham em ver com olhar cr\u00edtico o pa\u00eds que se lhes apresenta.<\/p>","protected":false},"excerpt":{"rendered":"<p>Il\u00eddio Alves de Ara\u00fajo<br \/>\n9789723618853<br \/>\nEdi\u00e7\u00f5es Afrontamento<br \/>\nCapa mole, 292 pp, 16 x 23,9 cm<br \/>\nPortuguese<br \/>\n2022<\/p>","protected":false},"featured_media":6611,"template":"","meta":{"ocean_post_layout":"","ocean_both_sidebars_style":"","ocean_both_sidebars_content_width":0,"ocean_both_sidebars_sidebars_width":0,"ocean_sidebar":"0","ocean_second_sidebar":"0","ocean_disable_margins":"enable","ocean_add_body_class":"","ocean_shortcode_before_top_bar":"","ocean_shortcode_after_top_bar":"","ocean_shortcode_before_header":"","ocean_shortcode_after_header":"","ocean_has_shortcode":"","ocean_shortcode_after_title":"","ocean_shortcode_before_footer_widgets":"","ocean_shortcode_after_footer_widgets":"","ocean_shortcode_before_footer_bottom":"","ocean_shortcode_after_footer_bottom":"","ocean_display_top_bar":"default","ocean_display_header":"default","ocean_header_style":"","ocean_center_header_left_menu":"0","ocean_custom_header_template":"0","ocean_custom_logo":0,"ocean_custom_retina_logo":0,"ocean_custom_logo_max_width":0,"ocean_custom_logo_tablet_max_width":0,"ocean_custom_logo_mobile_max_width":0,"ocean_custom_logo_max_height":0,"ocean_custom_logo_tablet_max_height":0,"ocean_custom_logo_mobile_max_height":0,"ocean_header_custom_menu":"0","ocean_menu_typo_font_family":"0","ocean_menu_typo_font_subset":"","ocean_menu_typo_font_size":0,"ocean_menu_typo_font_size_tablet":0,"ocean_menu_typo_font_size_mobile":0,"ocean_menu_typo_font_size_unit":"px","ocean_menu_typo_font_weight":"","ocean_menu_typo_font_weight_tablet":"","ocean_menu_typo_font_weight_mobile":"","ocean_menu_typo_transform":"","ocean_menu_typo_transform_tablet":"","ocean_menu_typo_transform_mobile":"","ocean_menu_typo_line_height":0,"ocean_menu_typo_line_height_tablet":0,"ocean_menu_typo_line_height_mobile":0,"ocean_menu_typo_line_height_unit":"","ocean_menu_typo_spacing":0,"ocean_menu_typo_spacing_tablet":0,"ocean_menu_typo_spacing_mobile":0,"ocean_menu_typo_spacing_unit":"","ocean_menu_link_color":"","ocean_menu_link_color_hover":"","ocean_menu_link_color_active":"","ocean_menu_link_background":"","ocean_menu_link_hover_background":"","ocean_menu_link_active_background":"","ocean_menu_social_links_bg":"","ocean_menu_social_hover_links_bg":"","ocean_menu_social_links_color":"","ocean_menu_social_hover_links_color":"","ocean_disable_title":"default","ocean_disable_heading":"default","ocean_post_title":"","ocean_post_subheading":"","ocean_post_title_style":"","ocean_post_title_background_color":"","ocean_post_title_background":0,"ocean_post_title_bg_image_position":"","ocean_post_title_bg_image_attachment":"","ocean_post_title_bg_image_repeat":"","ocean_post_title_bg_image_size":"","ocean_post_title_height":0,"ocean_post_title_bg_overlay":0.5,"ocean_post_title_bg_overlay_color":"","ocean_disable_breadcrumbs":"default","ocean_breadcrumbs_color":"","ocean_breadcrumbs_separator_color":"","ocean_breadcrumbs_links_color":"","ocean_breadcrumbs_links_hover_color":"","ocean_display_footer_widgets":"default","ocean_display_footer_bottom":"default","ocean_custom_footer_template":"0"},"product_brand":[],"product_cat":[215,51,57],"product_tag":[],"class_list":{"0":"post-6569","1":"product","2":"type-product","3":"status-publish","4":"has-post-thumbnail","6":"product_cat-guias-arquitectura-uk","7":"product_cat-livros-em-portugues-pt","8":"product_cat-paisagismo-pt","10":"entry","11":"has-media","13":"first","14":"instock","15":"sale","16":"taxable","17":"shipping-taxable","18":"purchasable","19":"product-type-simple","20":"col","21":"span_1_of_3","22":"owp-content-left","23":"owp-thumbs-layout-horizontal","24":"owp-btn-normal","25":"owp-tabs-layout-horizontal","26":"has-no-thumbnails","27":"circle-sale"},"_links":{"self":[{"href":"https:\/\/www.blaubookshop.com\/en\/wp-json\/wp\/v2\/product\/6569","targetHints":{"allow":["GET"]}}],"collection":[{"href":"https:\/\/www.blaubookshop.com\/en\/wp-json\/wp\/v2\/product"}],"about":[{"href":"https:\/\/www.blaubookshop.com\/en\/wp-json\/wp\/v2\/types\/product"}],"version-history":[{"count":1,"href":"https:\/\/www.blaubookshop.com\/en\/wp-json\/wp\/v2\/product\/6569\/revisions"}],"predecessor-version":[{"id":6570,"href":"https:\/\/www.blaubookshop.com\/en\/wp-json\/wp\/v2\/product\/6569\/revisions\/6570"}],"wp:featuredmedia":[{"embeddable":true,"href":"https:\/\/www.blaubookshop.com\/en\/wp-json\/wp\/v2\/media\/6611"}],"wp:attachment":[{"href":"https:\/\/www.blaubookshop.com\/en\/wp-json\/wp\/v2\/media?parent=6569"}],"wp:term":[{"taxonomy":"product_brand","embeddable":true,"href":"https:\/\/www.blaubookshop.com\/en\/wp-json\/wp\/v2\/product_brand?post=6569"},{"taxonomy":"product_cat","embeddable":true,"href":"https:\/\/www.blaubookshop.com\/en\/wp-json\/wp\/v2\/product_cat?post=6569"},{"taxonomy":"product_tag","embeddable":true,"href":"https:\/\/www.blaubookshop.com\/en\/wp-json\/wp\/v2\/product_tag?post=6569"}],"curies":[{"name":"wp","href":"https:\/\/api.w.org\/{rel}","templated":true}]}}