{"id":6571,"date":"2024-10-05T19:50:40","date_gmt":"2024-10-05T19:50:40","guid":{"rendered":"https:\/\/www.blaubookshop.com\/?post_type=product&#038;p=6571"},"modified":"2024-10-12T18:28:23","modified_gmt":"2024-10-12T18:28:23","slug":"cidade-habitacao-e-participacao-o-processo-saal-na-ilha-da-bela-vista-19747-76","status":"publish","type":"product","link":"https:\/\/www.blaubookshop.com\/en\/product\/cidade-habitacao-e-participacao-o-processo-saal-na-ilha-da-bela-vista-19747-76\/","title":{"rendered":"Cidade, Habita\u00e7\u00e3o e Participa\u00e7\u00e3o:  O Processo SAAL na Ilha da Bela Vista 19747\/76"},"content":{"rendered":"<p>A interven\u00e7\u00e3o na ilha da Bela Vista, localizada na Rua de D. Jo\u00e3o IV, freguesia do Bonfim, por parte da C.M.Porto, em parceria com o Lab. de Hab. B\u00e1sica e o Gab. Imago, conduziu-nos at\u00e9 ao projecto coordenado pelo arquitecto M\u00e1rio Trindade, concebido no \u00e2mbito do projecto SAAL entre 1974\/76. Pareceu-nos justo e necess\u00e1rio o estudo do processo SAAL Ilha da Bela Vista, pelo facto de se estar a proceder a uma nova fase de requalifica\u00e7\u00e3o no mesmo bairro, na mesma rua e no mesmo quarteir\u00e3o. Nesse arquip\u00e9lago do Porto, vive uma comunidade complexa e fragilizada. Mas, quando comparamos esta realidade com a dos guetos que foram desenhados e planificados, verificamos que nestes territ\u00f3rios subsiste uma for\u00e7a de cidadania que n\u00e3o pode ser perdida. Neste nosso arquip\u00e9lago, desenvolvem-se cumplicidades e afectos e persiste o esp\u00edrito comunit\u00e1rio e a solidariedade \u00edntima que se perdeu noutras geografias (do pref\u00e1cio de Rui Moreira, Presidente da C\u00e2mara Municipal do Porto).<\/p>","protected":false},"excerpt":{"rendered":"<p>Fernando Matos Rodrigues, Manuel Carlos Silva<br \/>\n9789723614367<br \/>\nEdi\u00e7\u00f5es Afrontamento<br \/>\nCapa mole, 208 pp, 16,9 x 23,8 cm<br \/>\nPortuguese<br \/>\n2015<\/p>","protected":false},"featured_media":6618,"template":"","meta":{"ocean_post_layout":"","ocean_both_sidebars_style":"","ocean_both_sidebars_content_width":0,"ocean_both_sidebars_sidebars_width":0,"ocean_sidebar":"0","ocean_second_sidebar":"0","ocean_disable_margins":"enable","ocean_add_body_class":"","ocean_shortcode_before_top_bar":"","ocean_shortcode_after_top_bar":"","ocean_shortcode_before_header":"","ocean_shortcode_after_header":"","ocean_has_shortcode":"","ocean_shortcode_after_title":"","ocean_shortcode_before_footer_widgets":"","ocean_shortcode_after_footer_widgets":"","ocean_shortcode_before_footer_bottom":"","ocean_shortcode_after_footer_bottom":"","ocean_display_top_bar":"default","ocean_display_header":"default","ocean_header_style":"","ocean_center_header_left_menu":"0","ocean_custom_header_template":"0","ocean_custom_logo":0,"ocean_custom_retina_logo":0,"ocean_custom_logo_max_width":0,"ocean_custom_logo_tablet_max_width":0,"ocean_custom_logo_mobile_max_width":0,"ocean_custom_logo_max_height":0,"ocean_custom_logo_tablet_max_height":0,"ocean_custom_logo_mobile_max_height":0,"ocean_header_custom_menu":"0","ocean_menu_typo_font_family":"0","ocean_menu_typo_font_subset":"","ocean_menu_typo_font_size":0,"ocean_menu_typo_font_size_tablet":0,"ocean_menu_typo_font_size_mobile":0,"ocean_menu_typo_font_size_unit":"px","ocean_menu_typo_font_weight":"","ocean_menu_typo_font_weight_tablet":"","ocean_menu_typo_font_weight_mobile":"","ocean_menu_typo_transform":"","ocean_menu_typo_transform_tablet":"","ocean_menu_typo_transform_mobile":"","ocean_menu_typo_line_height":0,"ocean_menu_typo_line_height_tablet":0,"ocean_menu_typo_line_height_mobile":0,"ocean_menu_typo_line_height_unit":"","ocean_menu_typo_spacing":0,"ocean_menu_typo_spacing_tablet":0,"ocean_menu_typo_spacing_mobile":0,"ocean_menu_typo_spacing_unit":"","ocean_menu_link_color":"","ocean_menu_link_color_hover":"","ocean_menu_link_color_active":"","ocean_menu_link_background":"","ocean_menu_link_hover_background":"","ocean_menu_link_active_background":"","ocean_menu_social_links_bg":"","ocean_menu_social_hover_links_bg":"","ocean_menu_social_links_color":"","ocean_menu_social_hover_links_color":"","ocean_disable_title":"default","ocean_disable_heading":"default","ocean_post_title":"","ocean_post_subheading":"","ocean_post_title_style":"","ocean_post_title_background_color":"","ocean_post_title_background":0,"ocean_post_title_bg_image_position":"","ocean_post_title_bg_image_attachment":"","ocean_post_title_bg_image_repeat":"","ocean_post_title_bg_image_size":"","ocean_post_title_height":0,"ocean_post_title_bg_overlay":0.5,"ocean_post_title_bg_overlay_color":"","ocean_disable_breadcrumbs":"default","ocean_breadcrumbs_color":"","ocean_breadcrumbs_separator_color":"","ocean_breadcrumbs_links_color":"","ocean_breadcrumbs_links_hover_color":"","ocean_display_footer_widgets":"default","ocean_display_footer_bottom":"default","ocean_custom_footer_template":"0"},"product_brand":[],"product_cat":[52,215,194,51,56],"product_tag":[],"class_list":{"0":"post-6571","1":"product","2":"type-product","3":"status-publish","4":"has-post-thumbnail","6":"product_cat-arquitectura-pt","7":"product_cat-guias-arquitectura-uk","8":"product_cat-historia","9":"product_cat-livros-em-portugues-pt","10":"product_cat-urbanismo-pt","12":"entry","13":"has-media","15":"first","16":"instock","17":"sale","18":"taxable","19":"shipping-taxable","20":"purchasable","21":"product-type-simple","22":"col","23":"span_1_of_3","24":"owp-content-left","25":"owp-thumbs-layout-horizontal","26":"owp-btn-normal","27":"owp-tabs-layout-horizontal","28":"has-no-thumbnails","29":"circle-sale"},"_links":{"self":[{"href":"https:\/\/www.blaubookshop.com\/en\/wp-json\/wp\/v2\/product\/6571","targetHints":{"allow":["GET"]}}],"collection":[{"href":"https:\/\/www.blaubookshop.com\/en\/wp-json\/wp\/v2\/product"}],"about":[{"href":"https:\/\/www.blaubookshop.com\/en\/wp-json\/wp\/v2\/types\/product"}],"version-history":[{"count":1,"href":"https:\/\/www.blaubookshop.com\/en\/wp-json\/wp\/v2\/product\/6571\/revisions"}],"predecessor-version":[{"id":6572,"href":"https:\/\/www.blaubookshop.com\/en\/wp-json\/wp\/v2\/product\/6571\/revisions\/6572"}],"wp:featuredmedia":[{"embeddable":true,"href":"https:\/\/www.blaubookshop.com\/en\/wp-json\/wp\/v2\/media\/6618"}],"wp:attachment":[{"href":"https:\/\/www.blaubookshop.com\/en\/wp-json\/wp\/v2\/media?parent=6571"}],"wp:term":[{"taxonomy":"product_brand","embeddable":true,"href":"https:\/\/www.blaubookshop.com\/en\/wp-json\/wp\/v2\/product_brand?post=6571"},{"taxonomy":"product_cat","embeddable":true,"href":"https:\/\/www.blaubookshop.com\/en\/wp-json\/wp\/v2\/product_cat?post=6571"},{"taxonomy":"product_tag","embeddable":true,"href":"https:\/\/www.blaubookshop.com\/en\/wp-json\/wp\/v2\/product_tag?post=6571"}],"curies":[{"name":"wp","href":"https:\/\/api.w.org\/{rel}","templated":true}]}}