{"id":6597,"date":"2024-10-12T12:38:16","date_gmt":"2024-10-12T12:38:16","guid":{"rendered":"https:\/\/www.blaubookshop.com\/?post_type=product&#038;p=6597"},"modified":"2024-10-12T18:21:04","modified_gmt":"2024-10-12T18:21:04","slug":"a-caminho-da-2-a-ruralidade-uma-introducao-a-tematica-dos-sistemas-territoriais","status":"publish","type":"product","link":"https:\/\/www.blaubookshop.com\/en\/product\/a-caminho-da-2-a-ruralidade-uma-introducao-a-tematica-dos-sistemas-territoriais\/","title":{"rendered":"A Caminho da 2.\u00aa Ruralidade: Uma introdu\u00e7\u00e3o \u00e0 tem\u00e1tica dos Sistemas Territoriais"},"content":{"rendered":"<p>A caminho da 2\u00aa ruralidade, uma introdu\u00e7\u00e3o \u00e0 tem\u00e1tica dos sistemas territoriais, \u00e9 um texto de reflex\u00e3o sobre o futuro pr\u00f3ximo e long\u00ednquo, que se inscreve na linha dos nossos trabalhos anteriores, nomeadamente os cinco volumes da S\u00e9rie Ruralidades e o livro A Grande Transi\u00e7\u00e3o sobre a pluralidade e diversidade dos modos de fazer agricultura e agrocultura. Mas este livro \u00e9, tamb\u00e9m, um pretexto para prestar uma singela homenagem ao Arquitecto Gon\u00e7alo Ribeiro Telles, n\u00e3o apenas por que lhe devemos uma parte importante da nossa aprendizagem e acultura\u00e7\u00e3o biof\u00edsica e paisag\u00edstica mas, sobretudo, porque admiramos, sobremaneira, a sua coragem e coer\u00eancia intelectuais num pa\u00eds onde, pelos vistos, n\u00e3o se pode ter raz\u00e3o antes de tempo. A caminho da 2.\u00aa ruralidade ter\u00e1 muitos excertos do seu pensamento e da sua ac\u00e7\u00e3o, pois estamos perfeitamente convencidos de que o Arquitecto Gon\u00e7alo Ribeiro Telles ser\u00e1 o grande inspirador da 2.\u00aa ruralidade, a ruralidade que est\u00e1 \u00e0 nossa frente, para nos clarear o caminho e o sentido da vida. Para mem\u00f3ria futura, aqui fica o nosso modesto contributo.<\/p>","protected":false},"excerpt":{"rendered":"<p>Maria das Merc\u00eas Covas, Ant\u00f3nio Covas<br \/>\n9789896892630<br \/>\nEdi\u00e7\u00f5es Colibri<br \/>\nCapa mole, 230 pp, 16\u00a0 x 23,2 cm<br \/>\nPortuguese<br \/>\n2012<\/p>","protected":false},"featured_media":6612,"template":"","meta":{"ocean_post_layout":"","ocean_both_sidebars_style":"","ocean_both_sidebars_content_width":0,"ocean_both_sidebars_sidebars_width":0,"ocean_sidebar":"0","ocean_second_sidebar":"0","ocean_disable_margins":"enable","ocean_add_body_class":"","ocean_shortcode_before_top_bar":"","ocean_shortcode_after_top_bar":"","ocean_shortcode_before_header":"","ocean_shortcode_after_header":"","ocean_has_shortcode":"","ocean_shortcode_after_title":"","ocean_shortcode_before_footer_widgets":"","ocean_shortcode_after_footer_widgets":"","ocean_shortcode_before_footer_bottom":"","ocean_shortcode_after_footer_bottom":"","ocean_display_top_bar":"default","ocean_display_header":"default","ocean_header_style":"","ocean_center_header_left_menu":"0","ocean_custom_header_template":"0","ocean_custom_logo":0,"ocean_custom_retina_logo":0,"ocean_custom_logo_max_width":0,"ocean_custom_logo_tablet_max_width":0,"ocean_custom_logo_mobile_max_width":0,"ocean_custom_logo_max_height":0,"ocean_custom_logo_tablet_max_height":0,"ocean_custom_logo_mobile_max_height":0,"ocean_header_custom_menu":"0","ocean_menu_typo_font_family":"0","ocean_menu_typo_font_subset":"","ocean_menu_typo_font_size":0,"ocean_menu_typo_font_size_tablet":0,"ocean_menu_typo_font_size_mobile":0,"ocean_menu_typo_font_size_unit":"px","ocean_menu_typo_font_weight":"","ocean_menu_typo_font_weight_tablet":"","ocean_menu_typo_font_weight_mobile":"","ocean_menu_typo_transform":"","ocean_menu_typo_transform_tablet":"","ocean_menu_typo_transform_mobile":"","ocean_menu_typo_line_height":0,"ocean_menu_typo_line_height_tablet":0,"ocean_menu_typo_line_height_mobile":0,"ocean_menu_typo_line_height_unit":"","ocean_menu_typo_spacing":0,"ocean_menu_typo_spacing_tablet":0,"ocean_menu_typo_spacing_mobile":0,"ocean_menu_typo_spacing_unit":"","ocean_menu_link_color":"","ocean_menu_link_color_hover":"","ocean_menu_link_color_active":"","ocean_menu_link_background":"","ocean_menu_link_hover_background":"","ocean_menu_link_active_background":"","ocean_menu_social_links_bg":"","ocean_menu_social_hover_links_bg":"","ocean_menu_social_links_color":"","ocean_menu_social_hover_links_color":"","ocean_disable_title":"default","ocean_disable_heading":"default","ocean_post_title":"","ocean_post_subheading":"","ocean_post_title_style":"","ocean_post_title_background_color":"","ocean_post_title_background":0,"ocean_post_title_bg_image_position":"","ocean_post_title_bg_image_attachment":"","ocean_post_title_bg_image_repeat":"","ocean_post_title_bg_image_size":"","ocean_post_title_height":0,"ocean_post_title_bg_overlay":0.5,"ocean_post_title_bg_overlay_color":"","ocean_disable_breadcrumbs":"default","ocean_breadcrumbs_color":"","ocean_breadcrumbs_separator_color":"","ocean_breadcrumbs_links_color":"","ocean_breadcrumbs_links_hover_color":"","ocean_display_footer_widgets":"default","ocean_display_footer_bottom":"default","ocean_custom_footer_template":"0"},"product_brand":[],"product_cat":[52,195,51,57,275,58,153,56],"product_tag":[],"class_list":{"0":"post-6597","1":"product","2":"type-product","3":"status-publish","4":"has-post-thumbnail","6":"product_cat-arquitectura-pt","7":"product_cat-ensaios","8":"product_cat-livros-em-portugues-pt","9":"product_cat-paisagismo-pt","10":"product_cat-problemas-urbanos","11":"product_cat-sustentabilidade-pt","12":"product_cat-territorio-livros-em-portugues-pt","13":"product_cat-urbanismo-pt","15":"entry","16":"has-media","18":"first","19":"instock","20":"sale","21":"taxable","22":"shipping-taxable","23":"purchasable","24":"product-type-simple","25":"col","26":"span_1_of_3","27":"owp-content-left","28":"owp-thumbs-layout-horizontal","29":"owp-btn-normal","30":"owp-tabs-layout-horizontal","31":"has-no-thumbnails","32":"circle-sale"},"_links":{"self":[{"href":"https:\/\/www.blaubookshop.com\/en\/wp-json\/wp\/v2\/product\/6597","targetHints":{"allow":["GET"]}}],"collection":[{"href":"https:\/\/www.blaubookshop.com\/en\/wp-json\/wp\/v2\/product"}],"about":[{"href":"https:\/\/www.blaubookshop.com\/en\/wp-json\/wp\/v2\/types\/product"}],"version-history":[{"count":1,"href":"https:\/\/www.blaubookshop.com\/en\/wp-json\/wp\/v2\/product\/6597\/revisions"}],"predecessor-version":[{"id":6598,"href":"https:\/\/www.blaubookshop.com\/en\/wp-json\/wp\/v2\/product\/6597\/revisions\/6598"}],"wp:featuredmedia":[{"embeddable":true,"href":"https:\/\/www.blaubookshop.com\/en\/wp-json\/wp\/v2\/media\/6612"}],"wp:attachment":[{"href":"https:\/\/www.blaubookshop.com\/en\/wp-json\/wp\/v2\/media?parent=6597"}],"wp:term":[{"taxonomy":"product_brand","embeddable":true,"href":"https:\/\/www.blaubookshop.com\/en\/wp-json\/wp\/v2\/product_brand?post=6597"},{"taxonomy":"product_cat","embeddable":true,"href":"https:\/\/www.blaubookshop.com\/en\/wp-json\/wp\/v2\/product_cat?post=6597"},{"taxonomy":"product_tag","embeddable":true,"href":"https:\/\/www.blaubookshop.com\/en\/wp-json\/wp\/v2\/product_tag?post=6597"}],"curies":[{"name":"wp","href":"https:\/\/api.w.org\/{rel}","templated":true}]}}