{"id":6599,"date":"2024-10-12T12:44:46","date_gmt":"2024-10-12T12:44:46","guid":{"rendered":"https:\/\/www.blaubookshop.com\/?post_type=product&#038;p=6599"},"modified":"2024-10-12T18:18:53","modified_gmt":"2024-10-12T18:18:53","slug":"wassily-kandinsky-do-espiritual-na-arte","status":"publish","type":"product","link":"https:\/\/www.blaubookshop.com\/en\/product\/wassily-kandinsky-do-espiritual-na-arte\/","title":{"rendered":"Wassily Kandinsky: Do Espiritual na Arte"},"content":{"rendered":"<p>Concebido e redigido durante a fase de gesta\u00e7\u00e3o do imagin\u00e1rio da modernidade,\u00a0<i>Do Espiritual na Arte<\/i>\u00a0d\u00e1 testemunho de um momento crucial de pesquisa est\u00e9tica de um novo sistema de representa\u00e7\u00e3o, vivido na atmosfera euf\u00f3rica da descoberta da Necessidade Interior, assente numa vontade de se assumir como principio da hist\u00f3ria ou de uma nova era, segundo uma inten\u00e7\u00e3o id\u00eantica \u00e0quela que Marinetti, pouco tempo antes, havia alardeado para o seu Futurismo Total. E, contudo, \u00e0 fisicidade imag\u00edstica do Super-Homem socio-ideol\u00f3gico do escritor e te\u00f3rico italiano, op\u00f4s Kandinsky a espiritualidade do Parsifal wagneriano, ainda que moldada na mesma cren\u00e7a modernista da fus\u00e3o do individuo condutor da humanidade no mundo sobrerreal arquitectado.<\/p>","protected":false},"excerpt":{"rendered":"<p>Wassily Kandinsky<br \/>\n9789722040037<br \/>\nDom Quixote<br \/>\nCapa mole, 136 pp, 15,3 x 23,6 cm<br \/>\nPortuguese<br \/>\n2010<\/p>","protected":false},"featured_media":6609,"template":"","meta":{"ocean_post_layout":"","ocean_both_sidebars_style":"","ocean_both_sidebars_content_width":0,"ocean_both_sidebars_sidebars_width":0,"ocean_sidebar":"0","ocean_second_sidebar":"0","ocean_disable_margins":"enable","ocean_add_body_class":"","ocean_shortcode_before_top_bar":"","ocean_shortcode_after_top_bar":"","ocean_shortcode_before_header":"","ocean_shortcode_after_header":"","ocean_has_shortcode":"","ocean_shortcode_after_title":"","ocean_shortcode_before_footer_widgets":"","ocean_shortcode_after_footer_widgets":"","ocean_shortcode_before_footer_bottom":"","ocean_shortcode_after_footer_bottom":"","ocean_display_top_bar":"default","ocean_display_header":"default","ocean_header_style":"","ocean_center_header_left_menu":"0","ocean_custom_header_template":"0","ocean_custom_logo":0,"ocean_custom_retina_logo":0,"ocean_custom_logo_max_width":0,"ocean_custom_logo_tablet_max_width":0,"ocean_custom_logo_mobile_max_width":0,"ocean_custom_logo_max_height":0,"ocean_custom_logo_tablet_max_height":0,"ocean_custom_logo_mobile_max_height":0,"ocean_header_custom_menu":"0","ocean_menu_typo_font_family":"0","ocean_menu_typo_font_subset":"","ocean_menu_typo_font_size":0,"ocean_menu_typo_font_size_tablet":0,"ocean_menu_typo_font_size_mobile":0,"ocean_menu_typo_font_size_unit":"px","ocean_menu_typo_font_weight":"","ocean_menu_typo_font_weight_tablet":"","ocean_menu_typo_font_weight_mobile":"","ocean_menu_typo_transform":"","ocean_menu_typo_transform_tablet":"","ocean_menu_typo_transform_mobile":"","ocean_menu_typo_line_height":0,"ocean_menu_typo_line_height_tablet":0,"ocean_menu_typo_line_height_mobile":0,"ocean_menu_typo_line_height_unit":"","ocean_menu_typo_spacing":0,"ocean_menu_typo_spacing_tablet":0,"ocean_menu_typo_spacing_mobile":0,"ocean_menu_typo_spacing_unit":"","ocean_menu_link_color":"","ocean_menu_link_color_hover":"","ocean_menu_link_color_active":"","ocean_menu_link_background":"","ocean_menu_link_hover_background":"","ocean_menu_link_active_background":"","ocean_menu_social_links_bg":"","ocean_menu_social_hover_links_bg":"","ocean_menu_social_links_color":"","ocean_menu_social_hover_links_color":"","ocean_disable_title":"default","ocean_disable_heading":"default","ocean_post_title":"","ocean_post_subheading":"","ocean_post_title_style":"","ocean_post_title_background_color":"","ocean_post_title_background":0,"ocean_post_title_bg_image_position":"","ocean_post_title_bg_image_attachment":"","ocean_post_title_bg_image_repeat":"","ocean_post_title_bg_image_size":"","ocean_post_title_height":0,"ocean_post_title_bg_overlay":0.5,"ocean_post_title_bg_overlay_color":"","ocean_disable_breadcrumbs":"default","ocean_breadcrumbs_color":"","ocean_breadcrumbs_separator_color":"","ocean_breadcrumbs_links_color":"","ocean_breadcrumbs_links_hover_color":"","ocean_display_footer_widgets":"default","ocean_display_footer_bottom":"default","ocean_custom_footer_template":"0"},"product_brand":[],"product_cat":[52,195,215,51,197],"product_tag":[],"class_list":{"0":"post-6599","1":"product","2":"type-product","3":"status-publish","4":"has-post-thumbnail","6":"product_cat-arquitectura-pt","7":"product_cat-ensaios","8":"product_cat-guias-arquitectura-uk","9":"product_cat-livros-em-portugues-pt","10":"product_cat-teoria","12":"entry","13":"has-media","15":"first","16":"instock","17":"sale","18":"taxable","19":"shipping-taxable","20":"purchasable","21":"product-type-simple","22":"col","23":"span_1_of_3","24":"owp-content-left","25":"owp-thumbs-layout-horizontal","26":"owp-btn-normal","27":"owp-tabs-layout-horizontal","28":"has-no-thumbnails","29":"circle-sale"},"_links":{"self":[{"href":"https:\/\/www.blaubookshop.com\/en\/wp-json\/wp\/v2\/product\/6599","targetHints":{"allow":["GET"]}}],"collection":[{"href":"https:\/\/www.blaubookshop.com\/en\/wp-json\/wp\/v2\/product"}],"about":[{"href":"https:\/\/www.blaubookshop.com\/en\/wp-json\/wp\/v2\/types\/product"}],"version-history":[{"count":1,"href":"https:\/\/www.blaubookshop.com\/en\/wp-json\/wp\/v2\/product\/6599\/revisions"}],"predecessor-version":[{"id":6600,"href":"https:\/\/www.blaubookshop.com\/en\/wp-json\/wp\/v2\/product\/6599\/revisions\/6600"}],"wp:featuredmedia":[{"embeddable":true,"href":"https:\/\/www.blaubookshop.com\/en\/wp-json\/wp\/v2\/media\/6609"}],"wp:attachment":[{"href":"https:\/\/www.blaubookshop.com\/en\/wp-json\/wp\/v2\/media?parent=6599"}],"wp:term":[{"taxonomy":"product_brand","embeddable":true,"href":"https:\/\/www.blaubookshop.com\/en\/wp-json\/wp\/v2\/product_brand?post=6599"},{"taxonomy":"product_cat","embeddable":true,"href":"https:\/\/www.blaubookshop.com\/en\/wp-json\/wp\/v2\/product_cat?post=6599"},{"taxonomy":"product_tag","embeddable":true,"href":"https:\/\/www.blaubookshop.com\/en\/wp-json\/wp\/v2\/product_tag?post=6599"}],"curies":[{"name":"wp","href":"https:\/\/api.w.org\/{rel}","templated":true}]}}