{"id":6642,"date":"2024-10-13T13:20:15","date_gmt":"2024-10-13T13:20:15","guid":{"rendered":"https:\/\/www.blaubookshop.com\/?post_type=product&#038;p=6642"},"modified":"2025-04-22T10:23:03","modified_gmt":"2025-04-22T10:23:03","slug":"as-rocas-de-sao-tome-e-principe","status":"publish","type":"product","link":"https:\/\/www.blaubookshop.com\/en\/product\/as-rocas-de-sao-tome-e-principe\/","title":{"rendered":"As Ro\u00e7as de S\u00e3o Tom\u00e9 e Pr\u00edncipe"},"content":{"rendered":"<p>H\u00e1 um local especial em \u00c1frica, mesmo \u00fanico nas suas caracter\u00edsticas, que, embora de reduzidas dimens\u00f5es e limitada geografia &#8211; duas pequenas ilhas no Golfo da Guin\u00e9 -, cont\u00e9m um conjunto arquitect\u00f3nico e territorial inigual\u00e1vel. Trata-se do arquip\u00e9lago de S\u00e3o Tom\u00e9 e Pr\u00edncipe e das suas cidades, mas sobretudo das suas celebradas ro\u00e7as. Em As Ro\u00e7as de S\u00e3o Tom\u00e9 e Pr\u00edncipe, os arquitectos e investigadores Duarte Pape e Rodrigo Rebelo de Andrade dedicaram-se ao levantamento e estudo dos espa\u00e7os e da arquitectura hist\u00f3rica deste arquip\u00e9lago. E alcan\u00e7aram, na verdade, a edi\u00e7\u00e3o mais aprofundada, inovadora, esclarecida e polifacetada que se conseguiu at\u00e9 hoje.<\/p>","protected":false},"excerpt":{"rendered":"<p>Rodrigo Rebelo de Andrade, Duarte Pape<br \/>\n9789896711757<br \/>\nTinta da China<br \/>\nCapa dura, 240 pp, 20 x 26,4 cm<br \/>\nPortuguese<br \/>\n2013<\/p>","protected":false},"featured_media":6650,"template":"","meta":{"ocean_post_layout":"","ocean_both_sidebars_style":"","ocean_both_sidebars_content_width":0,"ocean_both_sidebars_sidebars_width":0,"ocean_sidebar":"0","ocean_second_sidebar":"0","ocean_disable_margins":"enable","ocean_add_body_class":"","ocean_shortcode_before_top_bar":"","ocean_shortcode_after_top_bar":"","ocean_shortcode_before_header":"","ocean_shortcode_after_header":"","ocean_has_shortcode":"","ocean_shortcode_after_title":"","ocean_shortcode_before_footer_widgets":"","ocean_shortcode_after_footer_widgets":"","ocean_shortcode_before_footer_bottom":"","ocean_shortcode_after_footer_bottom":"","ocean_display_top_bar":"default","ocean_display_header":"default","ocean_header_style":"","ocean_center_header_left_menu":"0","ocean_custom_header_template":"0","ocean_custom_logo":0,"ocean_custom_retina_logo":0,"ocean_custom_logo_max_width":0,"ocean_custom_logo_tablet_max_width":0,"ocean_custom_logo_mobile_max_width":0,"ocean_custom_logo_max_height":0,"ocean_custom_logo_tablet_max_height":0,"ocean_custom_logo_mobile_max_height":0,"ocean_header_custom_menu":"0","ocean_menu_typo_font_family":"0","ocean_menu_typo_font_subset":"","ocean_menu_typo_font_size":0,"ocean_menu_typo_font_size_tablet":0,"ocean_menu_typo_font_size_mobile":0,"ocean_menu_typo_font_size_unit":"px","ocean_menu_typo_font_weight":"","ocean_menu_typo_font_weight_tablet":"","ocean_menu_typo_font_weight_mobile":"","ocean_menu_typo_transform":"","ocean_menu_typo_transform_tablet":"","ocean_menu_typo_transform_mobile":"","ocean_menu_typo_line_height":0,"ocean_menu_typo_line_height_tablet":0,"ocean_menu_typo_line_height_mobile":0,"ocean_menu_typo_line_height_unit":"","ocean_menu_typo_spacing":0,"ocean_menu_typo_spacing_tablet":0,"ocean_menu_typo_spacing_mobile":0,"ocean_menu_typo_spacing_unit":"","ocean_menu_link_color":"","ocean_menu_link_color_hover":"","ocean_menu_link_color_active":"","ocean_menu_link_background":"","ocean_menu_link_hover_background":"","ocean_menu_link_active_background":"","ocean_menu_social_links_bg":"","ocean_menu_social_hover_links_bg":"","ocean_menu_social_links_color":"","ocean_menu_social_hover_links_color":"","ocean_disable_title":"default","ocean_disable_heading":"default","ocean_post_title":"","ocean_post_subheading":"","ocean_post_title_style":"","ocean_post_title_background_color":"","ocean_post_title_background":0,"ocean_post_title_bg_image_position":"","ocean_post_title_bg_image_attachment":"","ocean_post_title_bg_image_repeat":"","ocean_post_title_bg_image_size":"","ocean_post_title_height":0,"ocean_post_title_bg_overlay":0.5,"ocean_post_title_bg_overlay_color":"","ocean_disable_breadcrumbs":"default","ocean_breadcrumbs_color":"","ocean_breadcrumbs_separator_color":"","ocean_breadcrumbs_links_color":"","ocean_breadcrumbs_links_hover_color":"","ocean_display_footer_widgets":"default","ocean_display_footer_bottom":"default","ocean_custom_footer_template":"0"},"product_brand":[],"product_cat":[52,315,51,165,67],"product_tag":[],"class_list":{"0":"post-6642","1":"product","2":"type-product","3":"status-publish","4":"has-post-thumbnail","6":"product_cat-arquitectura-pt","7":"product_cat-edificios-arquitectura-pt","8":"product_cat-livros-em-portugues-pt","9":"product_cat-material-patrimonio-pt","10":"product_cat-patrimonio-pt","12":"entry","13":"has-media","15":"first","16":"outofstock","17":"sale","18":"taxable","19":"shipping-taxable","20":"purchasable","21":"product-type-simple","22":"col","23":"span_1_of_3","24":"owp-content-left","25":"owp-thumbs-layout-horizontal","26":"owp-btn-normal","27":"owp-tabs-layout-horizontal","28":"has-no-thumbnails","29":"circle-sale"},"_links":{"self":[{"href":"https:\/\/www.blaubookshop.com\/en\/wp-json\/wp\/v2\/product\/6642","targetHints":{"allow":["GET"]}}],"collection":[{"href":"https:\/\/www.blaubookshop.com\/en\/wp-json\/wp\/v2\/product"}],"about":[{"href":"https:\/\/www.blaubookshop.com\/en\/wp-json\/wp\/v2\/types\/product"}],"version-history":[{"count":1,"href":"https:\/\/www.blaubookshop.com\/en\/wp-json\/wp\/v2\/product\/6642\/revisions"}],"predecessor-version":[{"id":6643,"href":"https:\/\/www.blaubookshop.com\/en\/wp-json\/wp\/v2\/product\/6642\/revisions\/6643"}],"wp:featuredmedia":[{"embeddable":true,"href":"https:\/\/www.blaubookshop.com\/en\/wp-json\/wp\/v2\/media\/6650"}],"wp:attachment":[{"href":"https:\/\/www.blaubookshop.com\/en\/wp-json\/wp\/v2\/media?parent=6642"}],"wp:term":[{"taxonomy":"product_brand","embeddable":true,"href":"https:\/\/www.blaubookshop.com\/en\/wp-json\/wp\/v2\/product_brand?post=6642"},{"taxonomy":"product_cat","embeddable":true,"href":"https:\/\/www.blaubookshop.com\/en\/wp-json\/wp\/v2\/product_cat?post=6642"},{"taxonomy":"product_tag","embeddable":true,"href":"https:\/\/www.blaubookshop.com\/en\/wp-json\/wp\/v2\/product_tag?post=6642"}],"curies":[{"name":"wp","href":"https:\/\/api.w.org\/{rel}","templated":true}]}}