{"id":6661,"date":"2024-10-13T18:09:07","date_gmt":"2024-10-13T18:09:07","guid":{"rendered":"https:\/\/www.blaubookshop.com\/?post_type=product&#038;p=6661"},"modified":"2024-10-14T18:10:16","modified_gmt":"2024-10-14T18:10:16","slug":"guia-de-arquitectura-de-guimaraes-architectural-guide","status":"publish","type":"product","link":"https:\/\/www.blaubookshop.com\/en\/product\/guia-de-arquitectura-de-guimaraes-architectural-guide\/","title":{"rendered":"Guia de Arquitectura de Guimar\u00e3es Architectural Guide"},"content":{"rendered":"<div id=\"synopsis-toggle-collapse\" class=\"content right collapse\">Guimar\u00e3es \u00e9 uma cidade com uma forte heran\u00e7a hist\u00f3rica e arquitect\u00f3nica e uma relevante imagem patrimonial, fruto de um desenvolvimento que estabeleceu uma liga\u00e7\u00e3o coerente entre tradi\u00e7\u00e3o e modernidade. Neste GUIA re\u00fane-se a caracteriza\u00e7\u00e3io de 17 Epa\u00e7os Urbanos e 100 Obras de interesse arquitect\u00f3nico, que no seu conjunto d\u00e3o testemunho de uma evolu\u00e7\u00e3o urbana marcada pela coexist\u00eancia do patrim\u00f3nio com os sinais da contemporaneidade. Cerca de 200 imagens in\u00e9ditas e dois mapas &#8211; um da cidade e outro do centro hist\u00f3rico &#8211; ilustram com rigor e clareza todas as obras seleccionadas, que constituem os exemplos mais emblem\u00e1ticos e representativos da identidade desta cidade.<\/div>","protected":false},"excerpt":{"rendered":"<p>Eduardo Fernandes<br \/>\n9789728479756<br \/>\nEditora Argumentum<br \/>\nCapa dura, 96 pp, 13,8 x 23,8 cm<br \/>\nPortugu\u00eas e Ingl\u00eas<br \/>\n2011<\/p>","protected":false},"featured_media":6707,"template":"","meta":{"ocean_post_layout":"","ocean_both_sidebars_style":"","ocean_both_sidebars_content_width":0,"ocean_both_sidebars_sidebars_width":0,"ocean_sidebar":"0","ocean_second_sidebar":"0","ocean_disable_margins":"enable","ocean_add_body_class":"","ocean_shortcode_before_top_bar":"","ocean_shortcode_after_top_bar":"","ocean_shortcode_before_header":"","ocean_shortcode_after_header":"","ocean_has_shortcode":"","ocean_shortcode_after_title":"","ocean_shortcode_before_footer_widgets":"","ocean_shortcode_after_footer_widgets":"","ocean_shortcode_before_footer_bottom":"","ocean_shortcode_after_footer_bottom":"","ocean_display_top_bar":"default","ocean_display_header":"default","ocean_header_style":"","ocean_center_header_left_menu":"0","ocean_custom_header_template":"0","ocean_custom_logo":0,"ocean_custom_retina_logo":0,"ocean_custom_logo_max_width":0,"ocean_custom_logo_tablet_max_width":0,"ocean_custom_logo_mobile_max_width":0,"ocean_custom_logo_max_height":0,"ocean_custom_logo_tablet_max_height":0,"ocean_custom_logo_mobile_max_height":0,"ocean_header_custom_menu":"0","ocean_menu_typo_font_family":"0","ocean_menu_typo_font_subset":"","ocean_menu_typo_font_size":0,"ocean_menu_typo_font_size_tablet":0,"ocean_menu_typo_font_size_mobile":0,"ocean_menu_typo_font_size_unit":"px","ocean_menu_typo_font_weight":"","ocean_menu_typo_font_weight_tablet":"","ocean_menu_typo_font_weight_mobile":"","ocean_menu_typo_transform":"","ocean_menu_typo_transform_tablet":"","ocean_menu_typo_transform_mobile":"","ocean_menu_typo_line_height":0,"ocean_menu_typo_line_height_tablet":0,"ocean_menu_typo_line_height_mobile":0,"ocean_menu_typo_line_height_unit":"","ocean_menu_typo_spacing":0,"ocean_menu_typo_spacing_tablet":0,"ocean_menu_typo_spacing_mobile":0,"ocean_menu_typo_spacing_unit":"","ocean_menu_link_color":"","ocean_menu_link_color_hover":"","ocean_menu_link_color_active":"","ocean_menu_link_background":"","ocean_menu_link_hover_background":"","ocean_menu_link_active_background":"","ocean_menu_social_links_bg":"","ocean_menu_social_hover_links_bg":"","ocean_menu_social_links_color":"","ocean_menu_social_hover_links_color":"","ocean_disable_title":"default","ocean_disable_heading":"default","ocean_post_title":"","ocean_post_subheading":"","ocean_post_title_style":"","ocean_post_title_background_color":"","ocean_post_title_background":0,"ocean_post_title_bg_image_position":"","ocean_post_title_bg_image_attachment":"","ocean_post_title_bg_image_repeat":"","ocean_post_title_bg_image_size":"","ocean_post_title_height":0,"ocean_post_title_bg_overlay":0.5,"ocean_post_title_bg_overlay_color":"","ocean_disable_breadcrumbs":"default","ocean_breadcrumbs_color":"","ocean_breadcrumbs_separator_color":"","ocean_breadcrumbs_links_color":"","ocean_breadcrumbs_links_hover_color":"","ocean_display_footer_widgets":"default","ocean_display_footer_bottom":"default","ocean_custom_footer_template":"0"},"product_brand":[],"product_cat":[320,52,72,200,71,51,151,153],"product_tag":[],"class_list":{"0":"post-6661","1":"product","2":"type-product","3":"status-publish","4":"has-post-thumbnail","6":"product_cat-guias-arquitectura-uk-livros-em-ingles","7":"product_cat-arquitectura-pt","8":"product_cat-arquitectura-uk","9":"product_cat-guias","10":"product_cat-livros-em-ingles","11":"product_cat-livros-em-portugues-pt","12":"product_cat-territorio-livros-em-ingles","13":"product_cat-territorio-livros-em-portugues-pt","15":"entry","16":"has-media","18":"first","19":"instock","20":"sale","21":"taxable","22":"shipping-taxable","23":"purchasable","24":"product-type-simple","25":"col","26":"span_1_of_3","27":"owp-content-left","28":"owp-thumbs-layout-horizontal","29":"owp-btn-normal","30":"owp-tabs-layout-horizontal","31":"has-no-thumbnails","32":"circle-sale"},"_links":{"self":[{"href":"https:\/\/www.blaubookshop.com\/en\/wp-json\/wp\/v2\/product\/6661","targetHints":{"allow":["GET"]}}],"collection":[{"href":"https:\/\/www.blaubookshop.com\/en\/wp-json\/wp\/v2\/product"}],"about":[{"href":"https:\/\/www.blaubookshop.com\/en\/wp-json\/wp\/v2\/types\/product"}],"version-history":[{"count":1,"href":"https:\/\/www.blaubookshop.com\/en\/wp-json\/wp\/v2\/product\/6661\/revisions"}],"predecessor-version":[{"id":6662,"href":"https:\/\/www.blaubookshop.com\/en\/wp-json\/wp\/v2\/product\/6661\/revisions\/6662"}],"wp:featuredmedia":[{"embeddable":true,"href":"https:\/\/www.blaubookshop.com\/en\/wp-json\/wp\/v2\/media\/6707"}],"wp:attachment":[{"href":"https:\/\/www.blaubookshop.com\/en\/wp-json\/wp\/v2\/media?parent=6661"}],"wp:term":[{"taxonomy":"product_brand","embeddable":true,"href":"https:\/\/www.blaubookshop.com\/en\/wp-json\/wp\/v2\/product_brand?post=6661"},{"taxonomy":"product_cat","embeddable":true,"href":"https:\/\/www.blaubookshop.com\/en\/wp-json\/wp\/v2\/product_cat?post=6661"},{"taxonomy":"product_tag","embeddable":true,"href":"https:\/\/www.blaubookshop.com\/en\/wp-json\/wp\/v2\/product_tag?post=6661"}],"curies":[{"name":"wp","href":"https:\/\/api.w.org\/{rel}","templated":true}]}}